{"id":9029,"date":"2023-08-03T13:05:26","date_gmt":"2023-08-03T11:05:26","guid":{"rendered":"https:\/\/www.museicadoredolomiti.it\/museo-vittorino-cazzetta\/"},"modified":"2023-10-09T11:05:44","modified_gmt":"2023-10-09T09:05:44","slug":"das-museum-vittorino-cazzetta","status":"publish","type":"page","link":"https:\/\/www.museicadoredolomiti.it\/de\/das-museum-vittorino-cazzetta\/","title":{"rendered":"Das Museum Vittorino Cazzetta"},"content":{"rendered":"<section class=\"l-section wpb_row height_small color_primary with_img\"><div class=\"l-section-img\" role=\"img\" data-img-width=\"1600\" data-img-height=\"980\" style=\"background-image: url(https:\/\/www.museicadoredolomiti.it\/wp-content\/uploads\/2023\/08\/011-e1424272130548.png);\"><\/div><div class=\"l-section-overlay\" style=\"background:rgba(2,2,2,0.67)\"><\/div><div class=\"l-section-h i-cf\"><div class=\"g-cols vc_row via_grid cols_1 laptops-cols_inherit tablets-cols_inherit mobiles-cols_1 valign_top type_default stacking_default\"><div class=\"wpb_column vc_column_container\"><div class=\"vc_column-inner\"><div class=\"wpb_text_column\"><div class=\"wpb_wrapper\"><h1 style=\"text-align: center;\">Das Museum Vittorino Cazzetta<\/h1>\n<\/div><\/div><div class=\"w-separator size_small\"><\/div><div class=\"w-iconbox iconpos_top style_default color_custom align_center no_text no_title\"><a href=\"#intro\" class=\"w-iconbox-link\" aria-label=\"far|chevron-down\"><div class=\"w-iconbox-icon\" style=\"font-size:3rem;--icon-color:#ffffff;\"><i class=\"far fa-chevron-down\"><\/i><\/div><\/a><div class=\"w-iconbox-meta\"><\/div><\/div><div class=\"w-separator size_medium\"><\/div><\/div><\/div><\/div><\/div><\/section><section class=\"l-section wpb_row height_medium width_custom color_alternate\" style=\"--site-content-width:800px;\" id=\"intro\"><div class=\"l-section-overlay\" style=\"background:#E32119\"><\/div><div class=\"l-section-h i-cf\"><div class=\"g-cols vc_row via_grid cols_1 laptops-cols_inherit tablets-cols_inherit mobiles-cols_1 valign_top type_default stacking_default\"><div class=\"wpb_column vc_column_container\"><div class=\"vc_column-inner\"><div class=\"wpb_text_column\"><div class=\"wpb_wrapper\"><p>[vc_custom_heading text=&#8220;Das Museumsnetzwerk: Kultur und Territorium, die gef\u00f6rdert und gesch\u00fctzt werden m\u00fcssen.&#8220; font_container=&#8220;tag:h3|text_align:center|color:%23ffffff&#8220; use_theme_fonts=&#8220;yes&#8220;]<\/p>\n<\/div><\/div><\/div><\/div><\/div><\/div><\/section><section class=\"l-section wpb_row height_medium\"><div class=\"l-section-h i-cf\"><div class=\"g-cols vc_row via_grid cols_1 laptops-cols_inherit tablets-cols_1 mobiles-cols_1 valign_top type_default stacking_default\"><div class=\"wpb_column vc_column_container\"><div class=\"vc_column-inner\"><div class=\"wpb_text_column\"><div class=\"wpb_wrapper\"><p>Das Museo Civico Vittorino Cazzetta befindet sich in Selva di Cadore.<br \/>\nEs ist dem Gedenken an Vittorino Cazzetta gewidmet. Hier sind Funde aus den drei wichtigsten pr\u00e4historischen Fundst\u00e4tten der \u00f6stlichen Dolomiten Venetiens gesammelt: Monte Pelmetto, Mondeval de Sora und Mandriz.<br \/>\nDie pal\u00e4ontologische Abteilung beherbergt eine Fossiliensammlung, die den Zeitraum von der Entstehung der Dolomiten bis zum Auftauchen der Dinosaurier abdeckt, mit einem animierten Abguss der Felsplatte des Monte Pelmetto, wo die erste in Italien entdeckte Fu\u00dfspur entdeckt wurde.<br \/>\nIn der arch\u00e4ologischen Abteilung befindet sich die Grabst\u00e4tte des Mondeval-Mannes, unter den \u00e4ltesten Bewohnern der Dolomiten: 7500 Jahre lang blieb er an der gleichnamigen Fundst\u00e4tte mit seinen reichen Grabbeigaben begraben.<br \/>\nDas oberste Stockwerk ist der urgeschichtlichen Abteilung gewidmet: Hier sind zahlreiche Funde aus der sp\u00e4ten Jungsteinzeit und der Kupfersteinzeit gesammelt.<\/p>\n<\/div><\/div><\/div><\/div><\/div><\/div><\/section><section class=\"l-section wpb_row us_custom_9d1e26d6 height_small\"><div class=\"l-section-overlay\" style=\"background:#f5f5f5\"><\/div><div class=\"l-section-h i-cf\"><div class=\"g-cols vc_row via_grid cols_1 laptops-cols_inherit tablets-cols_inherit mobiles-cols_1 valign_top type_default stacking_default\"><div class=\"wpb_column vc_column_container\"><div class=\"vc_column-inner\"><div class=\"g-cols wpb_row via_grid cols_4 laptops-cols_inherit tablets-cols_inherit mobiles-cols_1 valign_top type_default stacking_default\"><div class=\"wpb_column vc_column_container\"><div class=\"vc_column-inner\"><div class=\"w-iconbox iconpos_top style_default color_primary align_center no_text\"><a target=\"_blank\" href=\"https:\/\/goo.gl\/maps\/tn4tUN8rxVWcJBPz9\" class=\"w-iconbox-link\" aria-label=\"Via 4 Novembre, 49 32020, Selva di Cadore, BL\"><div class=\"w-iconbox-icon\" style=\"font-size:2.5rem;\"><i class=\"fas fa-home\"><\/i><\/div><\/a><div class=\"w-iconbox-meta\"><a target=\"_blank\" href=\"https:\/\/goo.gl\/maps\/tn4tUN8rxVWcJBPz9\" class=\"w-iconbox-link\" aria-label=\"Via 4 Novembre, 49 32020, Selva di Cadore, BL\"><p class=\"w-iconbox-title\">Via 4 Novembre, 49 32020, Selva di Cadore, BL<\/p><\/a><\/div><\/div><\/div><\/div><div class=\"wpb_column vc_column_container\"><div class=\"vc_column-inner\"><div class=\"w-iconbox iconpos_top style_default color_primary align_center no_text\"><a target=\"_blank\" href=\"tel:+390437521068\" class=\"w-iconbox-link\" aria-label=\"+39 0437 521068\"><div class=\"w-iconbox-icon\" style=\"font-size:2.5rem;\"><i class=\"fas fa-phone\"><\/i><\/div><\/a><div class=\"w-iconbox-meta\"><a target=\"_blank\" href=\"tel:+390437521068\" class=\"w-iconbox-link\" aria-label=\"+39 0437 521068\"><p class=\"w-iconbox-title\">+39 0437 521068<\/p><\/a><\/div><\/div><\/div><\/div><div class=\"wpb_column vc_column_container\"><div class=\"vc_column-inner\"><div class=\"w-iconbox iconpos_top style_default color_primary align_center no_text\"><a target=\"_blank\" href=\"mailto:info@museoselvadicadore.it\" class=\"w-iconbox-link\" aria-label=\"info@museoselvadicadore.it\"><div class=\"w-iconbox-icon\" style=\"font-size:2.5rem;\"><i class=\"fas fa-envelope\"><\/i><\/div><\/a><div class=\"w-iconbox-meta\"><a target=\"_blank\" href=\"mailto:info@museoselvadicadore.it\" class=\"w-iconbox-link\" aria-label=\"info@museoselvadicadore.it\"><p class=\"w-iconbox-title\">info@museoselvadicadore.it<\/p><\/a><\/div><\/div><\/div><\/div><div class=\"wpb_column vc_column_container\"><div class=\"vc_column-inner\"><div class=\"w-iconbox iconpos_top style_default color_primary align_center no_text\"><a target=\"_blank\" href=\"http:\/\/www.museoselvadicadore.it\/\" class=\"w-iconbox-link\" aria-label=\"museoselvadicadore.it\"><div class=\"w-iconbox-icon\" style=\"font-size:2.5rem;\"><i class=\"fas fa-globe\"><\/i><\/div><\/a><div class=\"w-iconbox-meta\"><a target=\"_blank\" href=\"http:\/\/www.museoselvadicadore.it\/\" class=\"w-iconbox-link\" aria-label=\"museoselvadicadore.it\"><p class=\"w-iconbox-title\">museoselvadicadore.it<\/p><\/a><\/div><\/div><\/div><\/div><\/div><\/div><\/div><\/div><\/div><\/section><section class=\"l-section wpb_row height_medium\"><div class=\"l-section-h i-cf\"><div class=\"g-cols vc_row via_grid cols_1 laptops-cols_inherit tablets-cols_1 mobiles-cols_1 valign_top type_default stacking_default\"><div class=\"wpb_column vc_column_container\"><div class=\"vc_column-inner\"><div class=\"w-separator us_custom_4cbe9063 size_custom\" style=\"height:70vh\"><\/div><div class=\"w-separator size_medium\"><\/div><div class=\"w-tabs layout_hor style_default switch_click has_scrolling\" style=\"--sections-title-size:1em\"><div class=\"w-tabs-list items_3 align_none\"><div class=\"w-tabs-list-h\"><button class=\"w-tabs-item active\" aria-controls=\"content-r409\" aria-expanded=\"false\"><span class=\"w-tabs-item-title\">\u00d6ffnungszeiten<\/span><\/button><button class=\"w-tabs-item\" aria-controls=\"content-u635\" aria-expanded=\"false\"><span class=\"w-tabs-item-title\">Preise<\/span><\/button><button class=\"w-tabs-item\" aria-controls=\"content-e83f\" aria-expanded=\"false\"><span class=\"w-tabs-item-title\">Zug\u00e4nglichkeit<\/span><\/button><\/div><\/div><div class=\"w-tabs-sections titles-align_none icon_chevron cpos_right\"><div class=\"w-tabs-section active\" id=\"r409\"><button class=\"w-tabs-section-header active\" aria-controls=\"content-r409\" aria-expanded=\"true\"><div class=\"w-tabs-section-title\">\u00d6ffnungszeiten<\/div><div class=\"w-tabs-section-control\"><\/div><\/button><div  class=\"w-tabs-section-content us_custom_2eb31b07\" id=\"content-r409\"><div class=\"w-tabs-section-content-h i-cf\"><div class=\"wpb_text_column\"><div class=\"wpb_wrapper\"><p>Vormittag: 10 &#8211; 13 Uhr<br \/>\nNachmittags: 15 &#8211; 19 Uhr<\/p>\n<p>Bis zum 17. September 2023 wird das Museum t\u00e4glich ge\u00f6ffnet sein.<br \/>\nVom 18. September bis zum 22. Oktober 2023 ist es von Donnerstag bis Sonntag ge\u00f6ffnet.<\/p>\n<\/div><\/div><\/div><\/div><\/div><div class=\"w-tabs-section\" id=\"u635\"><button class=\"w-tabs-section-header\" aria-controls=\"content-u635\" aria-expanded=\"false\"><div class=\"w-tabs-section-title\">Preise<\/div><div class=\"w-tabs-section-control\"><\/div><\/button><div  class=\"w-tabs-section-content us_custom_2eb31b07\" id=\"content-u635\"><div class=\"w-tabs-section-content-h i-cf\"><div class=\"wpb_text_column\"><div class=\"wpb_wrapper\"><p>Kostenpflichtig<\/p>\n<p><strong>Serviceleistungen<\/strong><\/p>\n<ul>\n<li>F\u00fchrungen<\/li>\n<li>P\u00e4dagogische Aktivit\u00e4ten<\/li>\n<\/ul>\n<\/div><\/div><\/div><\/div><\/div><div class=\"w-tabs-section\" id=\"e83f\"><button class=\"w-tabs-section-header\" aria-controls=\"content-e83f\" aria-expanded=\"false\"><div class=\"w-tabs-section-title\">Zug\u00e4nglichkeit<\/div><div class=\"w-tabs-section-control\"><\/div><\/button><div  class=\"w-tabs-section-content us_custom_2eb31b07\" id=\"content-e83f\"><div class=\"w-tabs-section-content-h i-cf\"><div class=\"wpb_text_column\"><div class=\"wpb_wrapper\"><p>Nicht reservierter Parkplatz einige Meter entfernt mit kurzem Fu\u00dfweg bergauf\/bergab, M\u00f6glichkeit zum vor\u00fcbergehenden Parken in der N\u00e4he der Anlage.<\/p>\n<p>&#8211; Aufzug.<br \/>\n&#8211; Keine internen Stufen<br \/>\n&#8211; Zug\u00e4ngliches und ausgestattetes Bad<\/p>\n<\/div><\/div><\/div><\/div><\/div><\/div><\/div><div class=\"w-separator size_medium\"><\/div><div class=\"w-video align_none ratio_16x9 has_iframe\"><div class=\"w-video-h\"><iframe title=\"Youtube video player\" src=\"\/\/www.youtube.com\/embed\/76YWG1tGka0?origin=https:\/\/www.museicadoredolomiti.it\/de\/&controls=1\" allowfullscreen=\"1\" loading=\"lazy\"><\/iframe><\/div><div class=\"w-video-icon\" style=\"font-size:1.5rem;background:rgba(0,0,0,0.5);color:#fff\"><\/div><\/div><div class=\"w-separator size_medium\"><\/div><div class=\"w-grid type_carousel layout_gallery_cropped cols_4 valign_center ratio_1x1\" id=\"us_grid_1\" style=\"--gap:2px;\"><style>.layout_gallery_cropped .w-grid-item-h:before{padding-bottom:100%}.layout_gallery_cropped .w-grid-item-h{}.layout_gallery_cropped .usg_post_image_1{position:absolute!important;left:0!important;top:0!important;bottom:0!important;right:0!important}<\/style><div class=\"w-grid-list owl-carousel navstyle_circle navpos_inside with_dots\" style=\"--arrows-size:1.8rem;\">\t<article class=\"w-grid-item post-9025 attachment type-attachment status-inherit hentry\" data-id=\"9025\">\r\n\t\t<div class=\"w-grid-item-h\">\r\n\t\t\t\t\t\t<div class=\"w-post-elm post_image usg_post_image_1 stretched\"><img width=\"1024\" height=\"402\" src=\"https:\/\/www.museicadoredolomiti.it\/wp-content\/uploads\/2023\/08\/mvc_logo-1024x402.jpg\" class=\"attachment-large size-large\" alt=\"\" decoding=\"async\" loading=\"lazy\" srcset=\"https:\/\/www.museicadoredolomiti.it\/wp-content\/uploads\/2023\/08\/mvc_logo-1024x402.jpg 1024w, https:\/\/www.museicadoredolomiti.it\/wp-content\/uploads\/2023\/08\/mvc_logo-300x118.jpg 300w, https:\/\/www.museicadoredolomiti.it\/wp-content\/uploads\/2023\/08\/mvc_logo-1536x603.jpg 1536w\" sizes=\"(max-width: 1024px) 100vw, 1024px\" \/><\/div>\t\t<\/div>\r\n\t<\/article>\r\n\t<article class=\"w-grid-item post-8911 attachment type-attachment status-inherit hentry\" data-id=\"8911\">\r\n\t\t<div class=\"w-grid-item-h\">\r\n\t\t\t\t\t\t<div class=\"w-post-elm post_image usg_post_image_1 stretched\"><img width=\"800\" height=\"600\" src=\"https:\/\/www.museicadoredolomiti.it\/wp-content\/uploads\/2023\/08\/Musei-Cadore-Dolomiti-Museo-Archeologico-Cadorino-2.jpg\" class=\"attachment-large size-large\" alt=\"\" decoding=\"async\" loading=\"lazy\" srcset=\"https:\/\/www.museicadoredolomiti.it\/wp-content\/uploads\/2023\/08\/Musei-Cadore-Dolomiti-Museo-Archeologico-Cadorino-2.jpg 800w, https:\/\/www.museicadoredolomiti.it\/wp-content\/uploads\/2023\/08\/Musei-Cadore-Dolomiti-Museo-Archeologico-Cadorino-2-300x225.jpg 300w\" sizes=\"(max-width: 800px) 100vw, 800px\" \/><\/div>\t\t<\/div>\r\n\t<\/article>\r\n\t<article class=\"w-grid-item post-8897 attachment type-attachment status-inherit hentry\" data-id=\"8897\">\r\n\t\t<div class=\"w-grid-item-h\">\r\n\t\t\t\t\t\t<div class=\"w-post-elm post_image usg_post_image_1 stretched\"><img width=\"1024\" height=\"627\" src=\"https:\/\/www.museicadoredolomiti.it\/wp-content\/uploads\/2023\/08\/011-e1424272130548-1024x627.png\" class=\"attachment-large size-large\" alt=\"\" decoding=\"async\" loading=\"lazy\" srcset=\"https:\/\/www.museicadoredolomiti.it\/wp-content\/uploads\/2023\/08\/011-e1424272130548-1024x627.png 1024w, https:\/\/www.museicadoredolomiti.it\/wp-content\/uploads\/2023\/08\/011-e1424272130548-300x184.png 300w, https:\/\/www.museicadoredolomiti.it\/wp-content\/uploads\/2023\/08\/011-e1424272130548-1536x941.png 1536w, https:\/\/www.museicadoredolomiti.it\/wp-content\/uploads\/2023\/08\/011-e1424272130548.png 1600w\" sizes=\"(max-width: 1024px) 100vw, 1024px\" \/><\/div>\t\t<\/div>\r\n\t<\/article>\r\n\t<article class=\"w-grid-item post-8895 attachment type-attachment status-inherit hentry\" data-id=\"8895\">\r\n\t\t<div class=\"w-grid-item-h\">\r\n\t\t\t\t\t\t<div class=\"w-post-elm post_image usg_post_image_1 stretched\"><img width=\"800\" height=\"600\" src=\"https:\/\/www.museicadoredolomiti.it\/wp-content\/uploads\/2023\/08\/selva1-e1424627074409.jpg\" class=\"attachment-large size-large\" alt=\"\" decoding=\"async\" loading=\"lazy\" srcset=\"https:\/\/www.museicadoredolomiti.it\/wp-content\/uploads\/2023\/08\/selva1-e1424627074409.jpg 800w, https:\/\/www.museicadoredolomiti.it\/wp-content\/uploads\/2023\/08\/selva1-e1424627074409-300x225.jpg 300w\" sizes=\"(max-width: 800px) 100vw, 800px\" \/><\/div>\t\t<\/div>\r\n\t<\/article>\r\n\t<article class=\"w-grid-item post-8891 attachment type-attachment status-inherit hentry\" data-id=\"8891\">\r\n\t\t<div class=\"w-grid-item-h\">\r\n\t\t\t\t\t\t<div class=\"w-post-elm post_image usg_post_image_1 stretched\"><img width=\"800\" height=\"531\" src=\"https:\/\/www.museicadoredolomiti.it\/wp-content\/uploads\/2023\/08\/DSC_0521-e1424627097351.jpg\" class=\"attachment-large size-large\" alt=\"\" decoding=\"async\" loading=\"lazy\" srcset=\"https:\/\/www.museicadoredolomiti.it\/wp-content\/uploads\/2023\/08\/DSC_0521-e1424627097351.jpg 800w, https:\/\/www.museicadoredolomiti.it\/wp-content\/uploads\/2023\/08\/DSC_0521-e1424627097351-300x199.jpg 300w\" sizes=\"(max-width: 800px) 100vw, 800px\" \/><\/div>\t\t<\/div>\r\n\t<\/article>\r\n\t<article class=\"w-grid-item post-8893 attachment type-attachment status-inherit hentry\" data-id=\"8893\">\r\n\t\t<div class=\"w-grid-item-h\">\r\n\t\t\t\t\t\t<div class=\"w-post-elm post_image usg_post_image_1 stretched\"><img width=\"800\" height=\"600\" src=\"https:\/\/www.museicadoredolomiti.it\/wp-content\/uploads\/2023\/08\/selva-e1424627085965.jpg\" class=\"attachment-large size-large\" alt=\"\" decoding=\"async\" loading=\"lazy\" srcset=\"https:\/\/www.museicadoredolomiti.it\/wp-content\/uploads\/2023\/08\/selva-e1424627085965.jpg 800w, https:\/\/www.museicadoredolomiti.it\/wp-content\/uploads\/2023\/08\/selva-e1424627085965-300x225.jpg 300w\" sizes=\"(max-width: 800px) 100vw, 800px\" \/><\/div>\t\t<\/div>\r\n\t<\/article>\r\n<\/div><div class=\"g-preloader type_1\">\r\n\t<div><\/div>\r\n<\/div>\r\n\t<div class=\"w-grid-json hidden\" onclick='return {&quot;action&quot;:&quot;us_ajax_grid&quot;,&quot;ajax_url&quot;:&quot;https:\\\/\\\/www.museicadoredolomiti.it\\\/wp-admin\\\/admin-ajax.php&quot;,&quot;infinite_scroll&quot;:0,&quot;max_num_pages&quot;:1,&quot;pagination&quot;:&quot;none&quot;,&quot;permalink_url&quot;:&quot;https:\\\/\\\/www.museicadoredolomiti.it\\\/de\\\/wp-json\\\/wp\\\/v2\\\/pages\\\/9029\\\/&quot;,&quot;template_vars&quot;:{&quot;columns&quot;:&quot;4&quot;,&quot;exclude_items&quot;:&quot;none&quot;,&quot;img_size&quot;:&quot;default&quot;,&quot;ignore_items_size&quot;:0,&quot;items_layout&quot;:&quot;gallery_cropped&quot;,&quot;items_offset&quot;:&quot;1&quot;,&quot;load_animation&quot;:&quot;none&quot;,&quot;overriding_link&quot;:&quot;{\\&quot;url\\&quot;:\\&quot;\\&quot;}&quot;,&quot;post_id&quot;:0,&quot;query_args&quot;:{&quot;post_type&quot;:[&quot;attachment&quot;],&quot;post__in&quot;:[&quot;8409&quot;,&quot;8395&quot;,&quot;8394&quot;,&quot;8392&quot;,&quot;8393&quot;,&quot;8666&quot;],&quot;post_status&quot;:&quot;inherit&quot;,&quot;post_mime_type&quot;:&quot;image&quot;,&quot;posts_per_page&quot;:999},&quot;orderby_query_args&quot;:{&quot;orderby&quot;:{&quot;date&quot;:&quot;DESC&quot;}},&quot;type&quot;:&quot;carousel&quot;,&quot;us_grid_ajax_index&quot;:1,&quot;us_grid_filter_params&quot;:null,&quot;us_grid_index&quot;:1,&quot;_us_grid_post_type&quot;:&quot;attachment&quot;,&quot;page_args&quot;:[],&quot;lang&quot;:&quot;de&quot;},&quot;carousel_settings&quot;:{&quot;autoHeight&quot;:0,&quot;autoplay&quot;:0,&quot;carousel_fade&quot;:0,&quot;center&quot;:0,&quot;dots&quot;:1,&quot;items&quot;:&quot;4&quot;,&quot;loop&quot;:true,&quot;nav&quot;:1,&quot;slideby&quot;:&quot;1&quot;,&quot;smooth_play&quot;:0,&quot;speed&quot;:250,&quot;timeout&quot;:3000,&quot;transition&quot;:&quot;&quot;,&quot;aria_labels&quot;:{&quot;prev&quot;:&quot;Zur\\u00fcck&quot;,&quot;next&quot;:&quot;Weiter&quot;}},&quot;carousel_breakpoints&quot;:{&quot;0&quot;:{&quot;autoHeight&quot;:0,&quot;autoplay&quot;:1,&quot;autoplayHoverPause&quot;:1,&quot;items&quot;:2,&quot;loop&quot;:true,&quot;stagePadding&quot;:0},&quot;601&quot;:{&quot;autoHeight&quot;:0,&quot;autoplay&quot;:1,&quot;autoplayHoverPause&quot;:1,&quot;items&quot;:2,&quot;loop&quot;:true,&quot;stagePadding&quot;:0},&quot;1025&quot;:{&quot;autoHeight&quot;:0,&quot;autoplay&quot;:1,&quot;autoplayHoverPause&quot;:1,&quot;items&quot;:3,&quot;loop&quot;:true,&quot;stagePadding&quot;:0},&quot;1281&quot;:{&quot;items&quot;:4,&quot;stagePadding&quot;:0}}}'><\/div>\r\n\t<\/div><\/div><\/div><\/div><\/div><\/section>\n","protected":false},"excerpt":{"rendered":"","protected":false},"author":1,"featured_media":0,"parent":0,"menu_order":0,"comment_status":"closed","ping_status":"closed","template":"","meta":{"footnotes":""},"_links":{"self":[{"href":"https:\/\/www.museicadoredolomiti.it\/de\/wp-json\/wp\/v2\/pages\/9029"}],"collection":[{"href":"https:\/\/www.museicadoredolomiti.it\/de\/wp-json\/wp\/v2\/pages"}],"about":[{"href":"https:\/\/www.museicadoredolomiti.it\/de\/wp-json\/wp\/v2\/types\/page"}],"author":[{"embeddable":true,"href":"https:\/\/www.museicadoredolomiti.it\/de\/wp-json\/wp\/v2\/users\/1"}],"replies":[{"embeddable":true,"href":"https:\/\/www.museicadoredolomiti.it\/de\/wp-json\/wp\/v2\/comments?post=9029"}],"version-history":[{"count":6,"href":"https:\/\/www.museicadoredolomiti.it\/de\/wp-json\/wp\/v2\/pages\/9029\/revisions"}],"predecessor-version":[{"id":9545,"href":"https:\/\/www.museicadoredolomiti.it\/de\/wp-json\/wp\/v2\/pages\/9029\/revisions\/9545"}],"wp:attachment":[{"href":"https:\/\/www.museicadoredolomiti.it\/de\/wp-json\/wp\/v2\/media?parent=9029"}],"curies":[{"name":"wp","href":"https:\/\/api.w.org\/{rel}","templated":true}]}}