{"id":9042,"date":"2023-08-10T11:51:31","date_gmt":"2023-08-10T09:51:31","guid":{"rendered":"https:\/\/www.museicadoredolomiti.it\/casa-museo-della-civilta-contadina\/"},"modified":"2023-10-25T09:23:40","modified_gmt":"2023-10-25T07:23:40","slug":"museum-der-baeuerlichen-gesellschaft","status":"publish","type":"page","link":"https:\/\/www.museicadoredolomiti.it\/de\/museum-der-baeuerlichen-gesellschaft\/","title":{"rendered":"Museum der b\u00e4uerlichen gesellschaft"},"content":{"rendered":"<section class=\"l-section wpb_row height_small color_primary with_img\"><div class=\"l-section-img\" role=\"img\" data-img-width=\"2048\" data-img-height=\"1377\" style=\"background-image: url(https:\/\/www.museicadoredolomiti.it\/wp-content\/uploads\/2023\/08\/71-e1423226150116.jpg);background-repeat: no-repeat;\"><\/div><div class=\"l-section-overlay\" style=\"background:rgba(2,2,2,0.67)\"><\/div><div class=\"l-section-h i-cf\"><div class=\"g-cols vc_row via_grid cols_1 laptops-cols_inherit tablets-cols_inherit mobiles-cols_1 valign_top type_default stacking_default\"><div class=\"wpb_column vc_column_container\"><div class=\"vc_column-inner\"><div class=\"wpb_text_column\"><div class=\"wpb_wrapper\"><h1 style=\"text-align: center;\">Museum der b\u00e4uerlichen gesellschaft<\/h1>\n<\/div><\/div><div class=\"w-separator size_small\"><\/div><div class=\"w-iconbox iconpos_top style_default color_custom align_center no_text no_title\"><a href=\"#intro\" class=\"w-iconbox-link\" aria-label=\"far|chevron-down\"><div class=\"w-iconbox-icon\" style=\"font-size:3rem;--icon-color:#ffffff;\"><i class=\"far fa-chevron-down\"><\/i><\/div><\/a><div class=\"w-iconbox-meta\"><\/div><\/div><div class=\"w-separator size_medium\"><\/div><\/div><\/div><\/div><\/div><\/section><section class=\"l-section wpb_row height_medium width_custom color_alternate\" style=\"--site-content-width:800px;\" id=\"intro\"><div class=\"l-section-overlay\" style=\"background:#E32119\"><\/div><div class=\"l-section-h i-cf\"><div class=\"g-cols vc_row via_grid cols_1 laptops-cols_inherit tablets-cols_inherit mobiles-cols_1 valign_top type_default stacking_default\"><div class=\"wpb_column vc_column_container\"><div class=\"vc_column-inner\"><div class=\"wpb_text_column\"><div class=\"wpb_wrapper\"><p>[vc_custom_heading text=&#8220;La Rete Museale: cultura e territorio da promuovere e salvaguardare.&#8220; font_container=&#8220;tag:h3|text_align:center|color:%23ffffff&#8220; use_theme_fonts=&#8220;yes&#8220;]<\/p>\n<\/div><\/div><\/div><\/div><\/div><\/div><\/section><section class=\"l-section wpb_row height_medium\"><div class=\"l-section-h i-cf\"><div class=\"g-cols vc_row via_grid cols_1 laptops-cols_inherit tablets-cols_1 mobiles-cols_1 valign_top type_default stacking_default\"><div class=\"wpb_column vc_column_container\"><div class=\"vc_column-inner\"><div class=\"wpb_text_column\"><div class=\"wpb_wrapper\"><p>Das alte Haus Puicher s\u2018Kottlars wurde bis in die 1980er Jahre ohne wesentliche Ver\u00e4nderungen bewohnt. 1990 wurde es von der Gemeinde Sappada \u00fcbernommen, nach den Grunds\u00e4tzen der philologisch-konservativen Restaurierung saniert und in ein Haus-Museum f\u00fcr l\u00e4ndliche Zivilisation umgewandelt.<\/p>\n<p>Die typische l\u00e4ndliche Architektur und die verschiedenen Bergpflanzen im Gem\u00fcsegarten neben dem Geb\u00e4ude lassen die Besucher den Alltag der Familien von Sappada in der Vergangenheit nachempfinden. Die Orte, die h\u00e4uslichen Gewohnheiten und der Lebensstil sind perfekt nachgemacht. Das Haus Puicher s\u2018Kottlars ist ein interessantes Beispiel f\u00fcr ein Bauernhaus in einfacher Bauweise mit angebautem Stall, das im zweiten Viertel des 19. Jahrhunderts errichtet wurde.<\/p>\n<p>Hinter dem Eingang befindet sich ein Gang (labe), der das Geb\u00e4ude gem\u00e4\u00df dem traditionellen Grundriss von Osten nach Westen durchquert. Im ersten Stock befindet sich die K\u00fcche (kuchl): Geschw\u00e4rzt wurde dieser Raum vom Rauch der offenen Feuerstelle (offns vair), die die von der Decke am R\u00e4uchergestell (eesn) h\u00e4ngenden Speisen ger\u00e4uchert hat. Eine etwas gem\u00fctlichere Atmosph\u00e4re herrschte im Speisesaal (k\u00f2schtibe), dessen Holzvert\u00e4felung die W\u00e4rme des Kachelofens (k\u00f2chlouvn) speicherte. Der Ofen befand sich in der Ecke und wurde durch eine \u00d6ffnung im Flur gespeist.<\/p>\n<p>Nach dem Besuch des Schlafzimmers (kommer) im Erdgeschoss gelangt man \u00fcber die steile Korridortreppe in den zweiten Stock: Hier findet man ein zweites Schlafzimmer und ein kleineres Zimmer (kemmerle), das als Werkstatt f\u00fcr Handarbeiten diente: Im Inneren sind zahlreiche Werkzeuge zu sehen. Die Galerie verl\u00e4uft auf drei Seiten des zweiten Stockwerks und beherbergt auf der Ostseite die kleine Freifalltoilette (g\u00f2nk). Das Dach ist mit L\u00e4rchenholzschindeln gedeckt. Im Gegensatz zu den meisten Wohnh\u00e4usern in Sappada sind der Stall (scht\u00f2l) und die Scheune (dille) kein eigenst\u00e4ndiges Geb\u00e4ude neben dem Haus, sondern sind an das Geb\u00e4ude angebaut.<\/p>\n<p>Neben dem Haus befindet sich ein Gem\u00fcsegarten (g\u00f2rte), in dem die gleichen Gem\u00fcse- und Getreidesorten wie damals angebaut werden.<\/p>\n<\/div><\/div><\/div><\/div><\/div><\/div><\/section><section class=\"l-section wpb_row us_custom_9d1e26d6 height_small\"><div class=\"l-section-overlay\" style=\"background:#f5f5f5\"><\/div><div class=\"l-section-h i-cf\"><div class=\"g-cols vc_row via_grid cols_1 laptops-cols_inherit tablets-cols_inherit mobiles-cols_1 valign_top type_default stacking_default\"><div class=\"wpb_column vc_column_container\"><div class=\"vc_column-inner\"><div class=\"g-cols wpb_row via_grid cols_4 laptops-cols_inherit tablets-cols_inherit mobiles-cols_1 valign_top type_default stacking_default\"><div class=\"wpb_column vc_column_container\"><div class=\"vc_column-inner\"><div class=\"w-iconbox iconpos_top style_default color_primary align_center no_text\"><a target=\"_blank\" href=\"https:\/\/goo.gl\/maps\/xRxWkq1EdtQB5o9g9\" class=\"w-iconbox-link\" aria-label=\"Borgata Cretta, 17, 33012 Sappada UD\"><div class=\"w-iconbox-icon\" style=\"font-size:2.5rem;\"><i class=\"fas fa-home\"><\/i><\/div><\/a><div class=\"w-iconbox-meta\"><a target=\"_blank\" href=\"https:\/\/goo.gl\/maps\/xRxWkq1EdtQB5o9g9\" class=\"w-iconbox-link\" aria-label=\"Borgata Cretta, 17, 33012 Sappada UD\"><p class=\"w-iconbox-title\">Borgata Cretta, 17, 33012 Sappada UD<\/p><\/a><\/div><\/div><\/div><\/div><div class=\"wpb_column vc_column_container\"><div class=\"vc_column-inner\"><div class=\"w-iconbox iconpos_top style_default color_primary align_center no_text\"><a target=\"_blank\" href=\"tel:+390435469131\" class=\"w-iconbox-link\" aria-label=\"+39 0435 469131\"><div class=\"w-iconbox-icon\" style=\"font-size:2.5rem;\"><i class=\"fas fa-phone\"><\/i><\/div><\/a><div class=\"w-iconbox-meta\"><a target=\"_blank\" href=\"tel:+390435469131\" class=\"w-iconbox-link\" aria-label=\"+39 0435 469131\"><p class=\"w-iconbox-title\">+39 0435 469131<\/p><\/a><\/div><\/div><\/div><\/div><div class=\"wpb_column vc_column_container\"><div class=\"vc_column-inner\"><div class=\"w-iconbox iconpos_top style_default color_primary align_center no_text\"><a target=\"_blank\" href=\"tel:+390435469126\" class=\"w-iconbox-link\" aria-label=\"+39 0435 469126\"><div class=\"w-iconbox-icon\" style=\"font-size:2.5rem;\"><i class=\"fas fa-phone\"><\/i><\/div><\/a><div class=\"w-iconbox-meta\"><a target=\"_blank\" href=\"tel:+390435469126\" class=\"w-iconbox-link\" aria-label=\"+39 0435 469126\"><p class=\"w-iconbox-title\">+39 0435 469126<\/p><\/a><\/div><\/div><\/div><\/div><div class=\"wpb_column vc_column_container\"><div class=\"vc_column-inner\"><div class=\"w-iconbox iconpos_top style_default color_primary align_center no_text\"><a target=\"_blank\" href=\"https:\/\/www.plodn.info\/casa-museo-della-civilta-contadina\/\" class=\"w-iconbox-link\" aria-label=\"plodn.info\"><div class=\"w-iconbox-icon\" style=\"font-size:2.5rem;\"><i class=\"fas fa-globe\"><\/i><\/div><\/a><div class=\"w-iconbox-meta\"><a target=\"_blank\" href=\"https:\/\/www.plodn.info\/casa-museo-della-civilta-contadina\/\" class=\"w-iconbox-link\" aria-label=\"plodn.info\"><p class=\"w-iconbox-title\">plodn.info<\/p><\/a><\/div><\/div><\/div><\/div><\/div><\/div><\/div><\/div><\/div><\/section><section class=\"l-section wpb_row height_medium\"><div class=\"l-section-h i-cf\"><div class=\"g-cols vc_row via_grid cols_1 laptops-cols_inherit tablets-cols_1 mobiles-cols_1 valign_top type_default stacking_default\"><div class=\"wpb_column vc_column_container\"><div class=\"vc_column-inner\"><div class=\"w-separator us_custom_21c889a1 size_custom\" style=\"height:70vh\"><\/div><div class=\"w-separator size_medium\"><\/div><div class=\"w-tabs layout_hor style_default switch_click has_scrolling\" style=\"--sections-title-size:1em\"><div class=\"w-tabs-list items_3 align_none\"><div class=\"w-tabs-list-h\"><button class=\"w-tabs-item active\" aria-controls=\"content-b88c\" aria-expanded=\"false\"><span class=\"w-tabs-item-title\">\u00d6ffnungszeiten<\/span><\/button><button class=\"w-tabs-item\" aria-controls=\"content-xacd\" aria-expanded=\"false\"><span class=\"w-tabs-item-title\">Preise<\/span><\/button><button class=\"w-tabs-item\" aria-controls=\"content-dd5a\" aria-expanded=\"false\"><span class=\"w-tabs-item-title\">Zug\u00e4nglichkeit<\/span><\/button><\/div><\/div><div class=\"w-tabs-sections titles-align_none icon_chevron cpos_right\"><div class=\"w-tabs-section active\" id=\"b88c\"><button class=\"w-tabs-section-header active\" aria-controls=\"content-b88c\" aria-expanded=\"true\"><div class=\"w-tabs-section-title\">\u00d6ffnungszeiten<\/div><div class=\"w-tabs-section-control\"><\/div><\/button><div  class=\"w-tabs-section-content us_custom_2eb31b07\" id=\"content-b88c\"><div class=\"w-tabs-section-content-h i-cf\"><div class=\"wpb_text_column\"><div class=\"wpb_wrapper\"><p><strong>Sommer\u00f6ffnung (Juni &#8211; September)<\/strong><br \/>\nGef\u00fchrte Besichtigungen<\/p>\n<p><strong>Ge\u00f6ffnet nur auf Anfrage f\u00fcr Gruppen im Mai und Juni &#8211; September und Oktober<\/strong><br \/>\nGeschlossen von November bis Mai<\/p>\n<p>Detaillierte \u00d6ffnungszeiten und weitere Informationen finden Sie unter <a href=\"http:\/\/www.plodn.info\/\" target=\"_blank\" rel=\"noopener\">http:\/\/www.plodn.info\/<\/a><\/p>\n<\/div><\/div><\/div><\/div><\/div><div class=\"w-tabs-section\" id=\"xacd\"><button class=\"w-tabs-section-header\" aria-controls=\"content-xacd\" aria-expanded=\"false\"><div class=\"w-tabs-section-title\">Preise<\/div><div class=\"w-tabs-section-control\"><\/div><\/button><div  class=\"w-tabs-section-content us_custom_2eb31b07\" id=\"content-xacd\"><div class=\"w-tabs-section-content-h i-cf\"><div class=\"wpb_text_column\"><div class=\"wpb_wrapper\"><p>Freies Angebot<\/p>\n<\/div><\/div><\/div><\/div><\/div><div class=\"w-tabs-section\" id=\"dd5a\"><button class=\"w-tabs-section-header\" aria-controls=\"content-dd5a\" aria-expanded=\"false\"><div class=\"w-tabs-section-title\">Zug\u00e4nglichkeit<\/div><div class=\"w-tabs-section-control\"><\/div><\/button><div  class=\"w-tabs-section-content us_custom_2eb31b07\" id=\"content-dd5a\"><div class=\"w-tabs-section-content-h i-cf\"><div class=\"wpb_text_column\"><div class=\"wpb_wrapper\"><p>F\u00fcr Ansichten von Nutzern mit besonderen Bed\u00fcrfnissen wenden Sie sich bitte an die Einrichtung.<\/p>\n<p><strong>Das Geb\u00e4ude ist f\u00fcr Behinderte nicht zug\u00e4nglich<\/strong><\/p>\n<p>&#8211; Das Geb\u00e4ude ist \u00fcber einen Fu\u00dfweg zug\u00e4nglich<br \/>\n&#8211; Keine Toilette<\/p>\n<\/div><\/div><\/div><\/div><\/div><\/div><\/div><div class=\"w-separator size_medium\"><\/div><div class=\"w-grid type_carousel layout_gallery_cropped cols_4 valign_center ratio_1x1\" id=\"us_grid_1\" style=\"--gap:2px;\"><style>.layout_gallery_cropped .w-grid-item-h:before{padding-bottom:100%}.layout_gallery_cropped .w-grid-item-h{}.layout_gallery_cropped .usg_post_image_1{position:absolute!important;left:0!important;top:0!important;bottom:0!important;right:0!important}<\/style><div class=\"w-grid-list owl-carousel navstyle_circle navpos_inside with_dots\" style=\"--arrows-size:1.8rem;\">\t<article class=\"w-grid-item post-9011 attachment type-attachment status-inherit hentry\" data-id=\"9011\">\r\n\t\t<div class=\"w-grid-item-h\">\r\n\t\t\t\t\t\t<div class=\"w-post-elm post_image usg_post_image_1 stretched\"><img width=\"394\" height=\"394\" src=\"https:\/\/www.museicadoredolomiti.it\/wp-content\/uploads\/2023\/08\/LogoCasaMuseo_verticale.jpg\" class=\"attachment-large size-large\" alt=\"\" decoding=\"async\" loading=\"lazy\" srcset=\"https:\/\/www.museicadoredolomiti.it\/wp-content\/uploads\/2023\/08\/LogoCasaMuseo_verticale.jpg 394w, https:\/\/www.museicadoredolomiti.it\/wp-content\/uploads\/2023\/08\/LogoCasaMuseo_verticale-300x300.jpg 300w, https:\/\/www.museicadoredolomiti.it\/wp-content\/uploads\/2023\/08\/LogoCasaMuseo_verticale-150x150.jpg 150w\" sizes=\"(max-width: 394px) 100vw, 394px\" \/><\/div>\t\t<\/div>\r\n\t<\/article>\r\n\t<article class=\"w-grid-item post-8763 attachment type-attachment status-inherit hentry\" data-id=\"8763\">\r\n\t\t<div class=\"w-grid-item-h\">\r\n\t\t\t\t\t\t<div class=\"w-post-elm post_image usg_post_image_1 stretched\"><img width=\"800\" height=\"600\" src=\"https:\/\/www.museicadoredolomiti.it\/wp-content\/uploads\/2023\/08\/CASA-MUSEO-DELLA-CIVILTA-CONTADINA-SAPPADA-8-e1424626108109.jpg\" class=\"attachment-large size-large\" alt=\"\" decoding=\"async\" loading=\"lazy\" srcset=\"https:\/\/www.museicadoredolomiti.it\/wp-content\/uploads\/2023\/08\/CASA-MUSEO-DELLA-CIVILTA-CONTADINA-SAPPADA-8-e1424626108109.jpg 800w, https:\/\/www.museicadoredolomiti.it\/wp-content\/uploads\/2023\/08\/CASA-MUSEO-DELLA-CIVILTA-CONTADINA-SAPPADA-8-e1424626108109-300x225.jpg 300w\" sizes=\"(max-width: 800px) 100vw, 800px\" \/><\/div>\t\t<\/div>\r\n\t<\/article>\r\n\t<article class=\"w-grid-item post-8761 attachment type-attachment status-inherit hentry\" data-id=\"8761\">\r\n\t\t<div class=\"w-grid-item-h\">\r\n\t\t\t\t\t\t<div class=\"w-post-elm post_image usg_post_image_1 stretched\"><img width=\"533\" height=\"800\" src=\"https:\/\/www.museicadoredolomiti.it\/wp-content\/uploads\/2023\/08\/CASA-MUSEO-DELLA-CIVILTA-CONTADINA-SAPPADA-7-e1424626203578.jpg\" class=\"attachment-large size-large\" alt=\"\" decoding=\"async\" loading=\"lazy\" srcset=\"https:\/\/www.museicadoredolomiti.it\/wp-content\/uploads\/2023\/08\/CASA-MUSEO-DELLA-CIVILTA-CONTADINA-SAPPADA-7-e1424626203578.jpg 533w, https:\/\/www.museicadoredolomiti.it\/wp-content\/uploads\/2023\/08\/CASA-MUSEO-DELLA-CIVILTA-CONTADINA-SAPPADA-7-e1424626203578-200x300.jpg 200w\" sizes=\"(max-width: 533px) 100vw, 533px\" \/><\/div>\t\t<\/div>\r\n\t<\/article>\r\n\t<article class=\"w-grid-item post-8759 attachment type-attachment status-inherit hentry\" data-id=\"8759\">\r\n\t\t<div class=\"w-grid-item-h\">\r\n\t\t\t\t\t\t<div class=\"w-post-elm post_image usg_post_image_1 stretched\"><img width=\"533\" height=\"800\" src=\"https:\/\/www.museicadoredolomiti.it\/wp-content\/uploads\/2023\/08\/CASA-MUSEO-DELLA-CIVILTA-CONTADINA-SAPPADA-6-e1424626232428.jpg\" class=\"attachment-large size-large\" alt=\"\" decoding=\"async\" loading=\"lazy\" srcset=\"https:\/\/www.museicadoredolomiti.it\/wp-content\/uploads\/2023\/08\/CASA-MUSEO-DELLA-CIVILTA-CONTADINA-SAPPADA-6-e1424626232428.jpg 533w, https:\/\/www.museicadoredolomiti.it\/wp-content\/uploads\/2023\/08\/CASA-MUSEO-DELLA-CIVILTA-CONTADINA-SAPPADA-6-e1424626232428-200x300.jpg 200w\" sizes=\"(max-width: 533px) 100vw, 533px\" \/><\/div>\t\t<\/div>\r\n\t<\/article>\r\n\t<article class=\"w-grid-item post-8757 attachment type-attachment status-inherit hentry\" data-id=\"8757\">\r\n\t\t<div class=\"w-grid-item-h\">\r\n\t\t\t\t\t\t<div class=\"w-post-elm post_image usg_post_image_1 stretched\"><img width=\"800\" height=\"533\" src=\"https:\/\/www.museicadoredolomiti.it\/wp-content\/uploads\/2023\/08\/CASA-MUSEO-DELLA-CIVILTA-CONTADINA-SAPPADA-5-e1424626250571.jpg\" class=\"attachment-large size-large\" alt=\"\" decoding=\"async\" loading=\"lazy\" srcset=\"https:\/\/www.museicadoredolomiti.it\/wp-content\/uploads\/2023\/08\/CASA-MUSEO-DELLA-CIVILTA-CONTADINA-SAPPADA-5-e1424626250571.jpg 800w, https:\/\/www.museicadoredolomiti.it\/wp-content\/uploads\/2023\/08\/CASA-MUSEO-DELLA-CIVILTA-CONTADINA-SAPPADA-5-e1424626250571-300x200.jpg 300w\" sizes=\"(max-width: 800px) 100vw, 800px\" \/><\/div>\t\t<\/div>\r\n\t<\/article>\r\n\t<article class=\"w-grid-item post-8755 attachment type-attachment status-inherit hentry\" data-id=\"8755\">\r\n\t\t<div class=\"w-grid-item-h\">\r\n\t\t\t\t\t\t<div class=\"w-post-elm post_image usg_post_image_1 stretched\"><img width=\"800\" height=\"533\" src=\"https:\/\/www.museicadoredolomiti.it\/wp-content\/uploads\/2023\/08\/CASA-MUSEO-DELLA-CIVILTA-CONTADINA-SAPPADA-4-e1424626265138.jpg\" class=\"attachment-large size-large\" alt=\"\" decoding=\"async\" loading=\"lazy\" srcset=\"https:\/\/www.museicadoredolomiti.it\/wp-content\/uploads\/2023\/08\/CASA-MUSEO-DELLA-CIVILTA-CONTADINA-SAPPADA-4-e1424626265138.jpg 800w, https:\/\/www.museicadoredolomiti.it\/wp-content\/uploads\/2023\/08\/CASA-MUSEO-DELLA-CIVILTA-CONTADINA-SAPPADA-4-e1424626265138-300x200.jpg 300w\" sizes=\"(max-width: 800px) 100vw, 800px\" \/><\/div>\t\t<\/div>\r\n\t<\/article>\r\n\t<article class=\"w-grid-item post-8753 attachment type-attachment status-inherit hentry\" data-id=\"8753\">\r\n\t\t<div class=\"w-grid-item-h\">\r\n\t\t\t\t\t\t<div class=\"w-post-elm post_image usg_post_image_1 stretched\"><img width=\"800\" height=\"533\" src=\"https:\/\/www.museicadoredolomiti.it\/wp-content\/uploads\/2023\/08\/CASA-MUSEO-DELLA-CIVILTA-CONTADINA-SAPPADA-3-e1424626282930.jpg\" class=\"attachment-large size-large\" alt=\"\" decoding=\"async\" loading=\"lazy\" srcset=\"https:\/\/www.museicadoredolomiti.it\/wp-content\/uploads\/2023\/08\/CASA-MUSEO-DELLA-CIVILTA-CONTADINA-SAPPADA-3-e1424626282930.jpg 800w, https:\/\/www.museicadoredolomiti.it\/wp-content\/uploads\/2023\/08\/CASA-MUSEO-DELLA-CIVILTA-CONTADINA-SAPPADA-3-e1424626282930-300x200.jpg 300w\" sizes=\"(max-width: 800px) 100vw, 800px\" \/><\/div>\t\t<\/div>\r\n\t<\/article>\r\n\t<article class=\"w-grid-item post-8751 attachment type-attachment status-inherit hentry\" data-id=\"8751\">\r\n\t\t<div class=\"w-grid-item-h\">\r\n\t\t\t\t\t\t<div class=\"w-post-elm post_image usg_post_image_1 stretched\"><img width=\"800\" height=\"533\" src=\"https:\/\/www.museicadoredolomiti.it\/wp-content\/uploads\/2023\/08\/CASA-MUSEO-DELLA-CIVILTA-CONTADINA-SAPPADA-2-e1424626300766.jpg\" class=\"attachment-large size-large\" alt=\"\" decoding=\"async\" loading=\"lazy\" srcset=\"https:\/\/www.museicadoredolomiti.it\/wp-content\/uploads\/2023\/08\/CASA-MUSEO-DELLA-CIVILTA-CONTADINA-SAPPADA-2-e1424626300766.jpg 800w, https:\/\/www.museicadoredolomiti.it\/wp-content\/uploads\/2023\/08\/CASA-MUSEO-DELLA-CIVILTA-CONTADINA-SAPPADA-2-e1424626300766-300x200.jpg 300w\" sizes=\"(max-width: 800px) 100vw, 800px\" \/><\/div>\t\t<\/div>\r\n\t<\/article>\r\n\t<article class=\"w-grid-item post-8749 attachment type-attachment status-inherit hentry\" data-id=\"8749\">\r\n\t\t<div class=\"w-grid-item-h\">\r\n\t\t\t\t\t\t<div class=\"w-post-elm post_image usg_post_image_1 stretched\"><img width=\"800\" height=\"533\" src=\"https:\/\/www.museicadoredolomiti.it\/wp-content\/uploads\/2023\/08\/CASA-MUSEO-DELLA-CIVILTA-CONTADINA-SAPPADA-1-e1424626313619.jpg\" class=\"attachment-large size-large\" alt=\"\" decoding=\"async\" loading=\"lazy\" srcset=\"https:\/\/www.museicadoredolomiti.it\/wp-content\/uploads\/2023\/08\/CASA-MUSEO-DELLA-CIVILTA-CONTADINA-SAPPADA-1-e1424626313619.jpg 800w, https:\/\/www.museicadoredolomiti.it\/wp-content\/uploads\/2023\/08\/CASA-MUSEO-DELLA-CIVILTA-CONTADINA-SAPPADA-1-e1424626313619-300x200.jpg 300w\" sizes=\"(max-width: 800px) 100vw, 800px\" \/><\/div>\t\t<\/div>\r\n\t<\/article>\r\n\t<article class=\"w-grid-item post-8747 attachment type-attachment status-inherit hentry\" data-id=\"8747\">\r\n\t\t<div class=\"w-grid-item-h\">\r\n\t\t\t\t\t\t<div class=\"w-post-elm post_image usg_post_image_1 stretched\"><img width=\"1024\" height=\"689\" src=\"https:\/\/www.museicadoredolomiti.it\/wp-content\/uploads\/2023\/08\/71-e1423226150116-1024x689.jpg\" class=\"attachment-large size-large\" alt=\"\" decoding=\"async\" loading=\"lazy\" srcset=\"https:\/\/www.museicadoredolomiti.it\/wp-content\/uploads\/2023\/08\/71-e1423226150116-1024x689.jpg 1024w, https:\/\/www.museicadoredolomiti.it\/wp-content\/uploads\/2023\/08\/71-e1423226150116-300x202.jpg 300w, https:\/\/www.museicadoredolomiti.it\/wp-content\/uploads\/2023\/08\/71-e1423226150116-1536x1033.jpg 1536w, https:\/\/www.museicadoredolomiti.it\/wp-content\/uploads\/2023\/08\/71-e1423226150116.jpg 2048w\" sizes=\"(max-width: 1024px) 100vw, 1024px\" \/><\/div>\t\t<\/div>\r\n\t<\/article>\r\n<\/div><div class=\"g-preloader type_1\">\r\n\t<div><\/div>\r\n<\/div>\r\n\t<div class=\"w-grid-json hidden\" onclick='return {&quot;action&quot;:&quot;us_ajax_grid&quot;,&quot;ajax_url&quot;:&quot;https:\\\/\\\/www.museicadoredolomiti.it\\\/wp-admin\\\/admin-ajax.php&quot;,&quot;infinite_scroll&quot;:0,&quot;max_num_pages&quot;:1,&quot;pagination&quot;:&quot;none&quot;,&quot;permalink_url&quot;:&quot;https:\\\/\\\/www.museicadoredolomiti.it\\\/de\\\/wp-json\\\/wp\\\/v2\\\/pages\\\/9042\\\/&quot;,&quot;template_vars&quot;:{&quot;columns&quot;:&quot;4&quot;,&quot;exclude_items&quot;:&quot;none&quot;,&quot;img_size&quot;:&quot;default&quot;,&quot;ignore_items_size&quot;:0,&quot;items_layout&quot;:&quot;gallery_cropped&quot;,&quot;items_offset&quot;:&quot;1&quot;,&quot;load_animation&quot;:&quot;none&quot;,&quot;overriding_link&quot;:&quot;{\\&quot;url\\&quot;:\\&quot;\\&quot;}&quot;,&quot;post_id&quot;:0,&quot;query_args&quot;:{&quot;post_type&quot;:[&quot;attachment&quot;],&quot;post__in&quot;:[&quot;8310&quot;,&quot;8309&quot;,&quot;8308&quot;,&quot;8307&quot;,&quot;8306&quot;,&quot;8305&quot;,&quot;8304&quot;,&quot;8303&quot;,&quot;8302&quot;,&quot;8651&quot;],&quot;post_status&quot;:&quot;inherit&quot;,&quot;post_mime_type&quot;:&quot;image&quot;,&quot;posts_per_page&quot;:999},&quot;orderby_query_args&quot;:{&quot;orderby&quot;:{&quot;date&quot;:&quot;DESC&quot;}},&quot;type&quot;:&quot;carousel&quot;,&quot;us_grid_ajax_index&quot;:1,&quot;us_grid_filter_params&quot;:null,&quot;us_grid_index&quot;:1,&quot;_us_grid_post_type&quot;:&quot;attachment&quot;,&quot;page_args&quot;:[],&quot;lang&quot;:&quot;de&quot;},&quot;carousel_settings&quot;:{&quot;autoHeight&quot;:0,&quot;autoplay&quot;:0,&quot;carousel_fade&quot;:0,&quot;center&quot;:0,&quot;dots&quot;:1,&quot;items&quot;:&quot;4&quot;,&quot;loop&quot;:true,&quot;nav&quot;:1,&quot;slideby&quot;:&quot;1&quot;,&quot;smooth_play&quot;:0,&quot;speed&quot;:250,&quot;timeout&quot;:3000,&quot;transition&quot;:&quot;&quot;,&quot;aria_labels&quot;:{&quot;prev&quot;:&quot;Zur\\u00fcck&quot;,&quot;next&quot;:&quot;Weiter&quot;}},&quot;carousel_breakpoints&quot;:{&quot;0&quot;:{&quot;autoHeight&quot;:0,&quot;autoplay&quot;:1,&quot;autoplayHoverPause&quot;:1,&quot;items&quot;:2,&quot;loop&quot;:true,&quot;stagePadding&quot;:0},&quot;601&quot;:{&quot;autoHeight&quot;:0,&quot;autoplay&quot;:1,&quot;autoplayHoverPause&quot;:1,&quot;items&quot;:2,&quot;loop&quot;:true,&quot;stagePadding&quot;:0},&quot;1025&quot;:{&quot;autoHeight&quot;:0,&quot;autoplay&quot;:1,&quot;autoplayHoverPause&quot;:1,&quot;items&quot;:3,&quot;loop&quot;:true,&quot;stagePadding&quot;:0},&quot;1281&quot;:{&quot;items&quot;:4,&quot;stagePadding&quot;:0}}}'><\/div>\r\n\t<\/div><\/div><\/div><\/div><\/div><\/section>\n","protected":false},"excerpt":{"rendered":"","protected":false},"author":1,"featured_media":0,"parent":0,"menu_order":0,"comment_status":"closed","ping_status":"closed","template":"","meta":{"footnotes":""},"_links":{"self":[{"href":"https:\/\/www.museicadoredolomiti.it\/de\/wp-json\/wp\/v2\/pages\/9042"}],"collection":[{"href":"https:\/\/www.museicadoredolomiti.it\/de\/wp-json\/wp\/v2\/pages"}],"about":[{"href":"https:\/\/www.museicadoredolomiti.it\/de\/wp-json\/wp\/v2\/types\/page"}],"author":[{"embeddable":true,"href":"https:\/\/www.museicadoredolomiti.it\/de\/wp-json\/wp\/v2\/users\/1"}],"replies":[{"embeddable":true,"href":"https:\/\/www.museicadoredolomiti.it\/de\/wp-json\/wp\/v2\/comments?post=9042"}],"version-history":[{"count":5,"href":"https:\/\/www.museicadoredolomiti.it\/de\/wp-json\/wp\/v2\/pages\/9042\/revisions"}],"predecessor-version":[{"id":9622,"href":"https:\/\/www.museicadoredolomiti.it\/de\/wp-json\/wp\/v2\/pages\/9042\/revisions\/9622"}],"wp:attachment":[{"href":"https:\/\/www.museicadoredolomiti.it\/de\/wp-json\/wp\/v2\/media?parent=9042"}],"curies":[{"name":"wp","href":"https:\/\/api.w.org\/{rel}","templated":true}]}}