{"id":9064,"date":"2023-08-10T10:14:00","date_gmt":"2023-08-10T08:14:00","guid":{"rendered":"https:\/\/www.museicadoredolomiti.it\/museo-archeologico-cadorino\/"},"modified":"2023-10-09T11:19:01","modified_gmt":"2023-10-09T09:19:01","slug":"das-archaeolgische-museum-des-cadore","status":"publish","type":"page","link":"https:\/\/www.museicadoredolomiti.it\/de\/das-archaeolgische-museum-des-cadore\/","title":{"rendered":"Das Arch\u00e4olgische Museum des Cadore"},"content":{"rendered":"<section class=\"l-section wpb_row height_medium color_primary with_img\"><div class=\"l-section-img\" role=\"img\" data-img-width=\"2560\" data-img-height=\"1707\" style=\"background-image: url(https:\/\/www.museicadoredolomiti.it\/wp-content\/uploads\/2023\/08\/museo-2-1-scaled.jpg);background-repeat: no-repeat;\"><\/div><div class=\"l-section-overlay\" style=\"background:rgba(2,2,2,0.67)\"><\/div><div class=\"l-section-h i-cf\"><div class=\"g-cols vc_row via_grid cols_1 laptops-cols_inherit tablets-cols_inherit mobiles-cols_1 valign_top type_default stacking_default\"><div class=\"wpb_column vc_column_container\"><div class=\"vc_column-inner\"><div class=\"wpb_text_column\"><div class=\"wpb_wrapper\"><h1 style=\"text-align: center;\">Das Arch\u00e4olgische Museum des Cadore<\/h1>\n<\/div><\/div><div class=\"w-separator size_small\"><\/div><div class=\"w-iconbox iconpos_top style_default color_custom align_center no_text no_title\"><a href=\"#intro\" class=\"w-iconbox-link\" aria-label=\"far|chevron-down\"><div class=\"w-iconbox-icon\" style=\"font-size:3rem;--icon-color:#ffffff;\"><i class=\"far fa-chevron-down\"><\/i><\/div><\/a><div class=\"w-iconbox-meta\"><\/div><\/div><div class=\"w-separator size_medium\"><\/div><\/div><\/div><\/div><\/div><\/section><section class=\"l-section wpb_row height_medium width_custom color_alternate\" style=\"--site-content-width:800px;\" id=\"intro\"><div class=\"l-section-overlay\" style=\"background:#E32119\"><\/div><div class=\"l-section-h i-cf\"><div class=\"g-cols vc_row via_grid cols_1 laptops-cols_inherit tablets-cols_inherit mobiles-cols_1 valign_top type_default stacking_default\"><div class=\"wpb_column vc_column_container\"><div class=\"vc_column-inner\"><div class=\"wpb_text_column\"><div class=\"wpb_wrapper\"><p>[vc_custom_heading text=&#8220;Das Museumsnetzwerk: Kultur und Territorium, die gef\u00f6rdert und gesch\u00fctzt werden m\u00fcssen.&#8220; font_container=&#8220;tag:h3|text_align:center|color:%23ffffff&#8220; use_theme_fonts=&#8220;yes&#8220;]<\/p>\n<\/div><\/div><\/div><\/div><\/div><\/div><\/section><section class=\"l-section wpb_row height_medium\"><div class=\"l-section-h i-cf\"><div class=\"g-cols vc_row via_grid cols_1 laptops-cols_inherit tablets-cols_1 mobiles-cols_1 valign_top type_default stacking_default\"><div class=\"wpb_column vc_column_container\"><div class=\"vc_column-inner\"><div class=\"wpb_text_column\"><div class=\"wpb_wrapper\"><p>Das Arch\u00e4ologische Museum des Cadore befindet sich in Pieve di Cadore in dem historischen Geb\u00e4ude, wo auch die Magnifica Comunit\u00e0 di Cadore ihren Sitz hat, und beherbergt Zeugnisse aus der Vergangenheit der Region. Ein so wichtiges Museum ist eine angenehme Ausnahme im Dolomitengebiet: Hier sind n\u00e4mlich historisch sehr relevante Artefakte aus vorr\u00f6mischer (ab dem 6. Jahrhundert v. Chr.) und r\u00f6mischer Zeit untergebracht, die haupts\u00e4chlich nach dem Zweiten Weltkrieg entdeckt wurden. Dank dieser Sammlung ist die Rekonstruktion umfangreicher Fragmente der antiken Geschichte m\u00f6glich. Anhand solcher Artefakte k\u00f6nnen wir uns nicht nur ein genaues Bild von den menschlichen Siedlungen in diesem Gebiet machen, sondern auch ein tieferes Verst\u00e4ndnis der venezianischen Zivilisation gewinnen.<\/p>\n<p>Die bemerkenswerte arch\u00e4ologische Sammlung im Museum umfasst haupts\u00e4chlich Artefakten aus dem Landstrich zwischen Valle und Calalzo. Bei den Ausgrabungen in L\u00e0gole di Calalzo wurden fr\u00fchvenetische Bronzestatuetten und verschiedene Simpulum-Griffe (Sch\u00f6pfkellen) mit Votivinschriften gefunden. Auf diese Weise wurde das antike Heiligtum von L\u00e0gole entdeckt, das in einer der sch\u00f6nsten Gegenden des zentralen Cadore liegt und reich an schwefelhaltigen Quellen ist: Ihr Wasser hat heilende Wirkung.<\/p>\n<p>Nach den Enth\u00fcllungen von L\u00e0gole wurden in den folgenden Jahrzehnten in der Gegend zahlreiche weitere Artefakte entdeckt, die heute ebenso zur Sammlung des Museums geh\u00f6ren. 1954 wurden in Pieve di Cadore die Ruinen einer r\u00f6mischen Villa aus dem 3. Jahrhundert n. Chr. entdeckt, beispielsweise einen Mosaikfu\u00dfboden und eine Hypokaustenheizung.<\/p>\n<p>Dank dieses Heizsystems zirkulierte die warme Luft in geschlossenen R\u00f6hren oder Sch\u00e4chten, die unter den B\u00f6den und entlang der W\u00e4nde verliefen und die W\u00e4rme an die R\u00e4ume abgaben.<\/p>\n<p>In den 1960er und 1970er Jahren bereicherte sich das Museum durch die zahlreichen Entdeckungen in der Gegend von Valle di Cadore. Valle wurde und wird wegen seiner strategischen Stelle an der Kreuzung verschiedener Stra\u00dfen des Cadore von Arch\u00e4ologen und Philologen gerne besucht. Zu den vorr\u00f6mischen und r\u00f6mischen Funden geh\u00f6ren eine bronzene Situla (Gef\u00e4\u00df) mit einer Votivwidmung in venezianischer Schrift, weitere bronzene Simpulum-Teile, ein Bernsteinspinnrocken sowie zahlreiche Alltagsgegenst\u00e4nde wie N\u00e4gel, Waffen, Mei\u00dfel und verschiedene Werkzeuge. Von besonderem Interesse sind zwei \u00c4xte vom Typ Freudenberg, die zwischen dem 14. und dem 12. Jahrhundert v. Chr. datiert werden: Sie gelten als Bindeglied zwischen der Alpenwelt und der Poebene. Weitere Elemente sind eiserne Spie\u00dfe und bronzene Sch\u00f6pfkellen, Zeugnisse uralter Rituale wie das Festmahl und der Trankopfer; Kleine Bronzestatuen von Opfern, Betenden oder Kriegern; Beschriftete Bronzetafeln und eiserne Waffen. Dank der zahlreichen Inschriften in venetischer Sprache ist L\u00e0gole (nach Este in der Provinz Padua) das zweite Zentrum f\u00fcr die Dokumentation dieser vorr\u00f6mischen Sprache.<\/p>\n<\/div><\/div><\/div><\/div><\/div><\/div><\/section><section class=\"l-section wpb_row us_custom_9d1e26d6 height_small\"><div class=\"l-section-overlay\" style=\"background:#f5f5f5\"><\/div><div class=\"l-section-h i-cf\"><div class=\"g-cols vc_row via_grid cols_1 laptops-cols_inherit tablets-cols_inherit mobiles-cols_1 valign_top type_default stacking_default\"><div class=\"wpb_column vc_column_container\"><div class=\"vc_column-inner\"><div class=\"g-cols wpb_row via_grid cols_4 laptops-cols_inherit tablets-cols_inherit mobiles-cols_1 valign_top type_default stacking_default\"><div class=\"wpb_column vc_column_container\"><div class=\"vc_column-inner\"><div class=\"w-iconbox iconpos_top style_default color_primary align_center no_text\"><a target=\"_blank\" href=\"https:\/\/goo.gl\/maps\/PJHNmwU5ayW1m6mw7\" class=\"w-iconbox-link\" aria-label=\"Piazza Tiziano, 2 32044 Pieve di Cadore, BL\"><div class=\"w-iconbox-icon\" style=\"font-size:2.5rem;\"><i class=\"fas fa-home\"><\/i><\/div><\/a><div class=\"w-iconbox-meta\"><a target=\"_blank\" href=\"https:\/\/goo.gl\/maps\/PJHNmwU5ayW1m6mw7\" class=\"w-iconbox-link\" aria-label=\"Piazza Tiziano, 2 32044 Pieve di Cadore, BL\"><p class=\"w-iconbox-title\">Piazza Tiziano, 2 32044 Pieve di Cadore, BL<\/p><\/a><\/div><\/div><\/div><\/div><div class=\"wpb_column vc_column_container\"><div class=\"vc_column-inner\"><div class=\"w-iconbox iconpos_top style_default color_primary align_center no_text\"><a target=\"_blank\" href=\"tel:+39043532262\" class=\"w-iconbox-link\" aria-label=\"+39 0435 32262\"><div class=\"w-iconbox-icon\" style=\"font-size:2.5rem;\"><i class=\"fas fa-phone\"><\/i><\/div><\/a><div class=\"w-iconbox-meta\"><a target=\"_blank\" href=\"tel:+39043532262\" class=\"w-iconbox-link\" aria-label=\"+39 0435 32262\"><p class=\"w-iconbox-title\">+39 0435 32262<\/p><\/a><\/div><\/div><\/div><\/div><div class=\"wpb_column vc_column_container\"><div class=\"vc_column-inner\"><div class=\"w-iconbox iconpos_top style_default color_primary align_center no_text\"><a target=\"_blank\" href=\"mailto:info@magnificacomunitadicadore.it\" class=\"w-iconbox-link\" aria-label=\"info@magnificacomunitadicadore.it\"><div class=\"w-iconbox-icon\" style=\"font-size:2.5rem;\"><i class=\"fas fa-envelope\"><\/i><\/div><\/a><div class=\"w-iconbox-meta\"><a target=\"_blank\" href=\"mailto:info@magnificacomunitadicadore.it\" class=\"w-iconbox-link\" aria-label=\"info@magnificacomunitadicadore.it\"><p class=\"w-iconbox-title\">info@magnificacomunitadicadore.it<\/p><\/a><\/div><\/div><\/div><\/div><div class=\"wpb_column vc_column_container\"><div class=\"vc_column-inner\"><div class=\"w-iconbox iconpos_top style_default color_primary align_center no_text\"><a target=\"_blank\" href=\"http:\/\/www.magnificacomunitadicadore.it\/\" class=\"w-iconbox-link\" aria-label=\"magnificacomunitadicadore.it\"><div class=\"w-iconbox-icon\" style=\"font-size:2.5rem;\"><i class=\"fas fa-globe\"><\/i><\/div><\/a><div class=\"w-iconbox-meta\"><a target=\"_blank\" href=\"http:\/\/www.magnificacomunitadicadore.it\/\" class=\"w-iconbox-link\" aria-label=\"magnificacomunitadicadore.it\"><p class=\"w-iconbox-title\">magnificacomunitadicadore.it<\/p><\/a><\/div><\/div><\/div><\/div><\/div><\/div><\/div><\/div><\/div><\/section><section class=\"l-section wpb_row height_medium\"><div class=\"l-section-h i-cf\"><div class=\"g-cols vc_row via_grid cols_1 laptops-cols_inherit tablets-cols_1 mobiles-cols_1 valign_top type_default stacking_default\"><div class=\"wpb_column vc_column_container\"><div class=\"vc_column-inner\"><div class=\"w-separator us_custom_4cb5111e size_custom\" style=\"height:70vh\"><\/div><div class=\"w-separator size_medium\"><\/div><div class=\"w-tabs layout_hor style_default switch_click has_scrolling\" style=\"--sections-title-size:1em\"><div class=\"w-tabs-list items_3 align_none\"><div class=\"w-tabs-list-h\"><button class=\"w-tabs-item active\" aria-controls=\"content-ob47\" aria-expanded=\"false\"><span class=\"w-tabs-item-title\">\u00d6ffnungszeiten<\/span><\/button><button class=\"w-tabs-item\" aria-controls=\"content-ee30\" aria-expanded=\"false\"><span class=\"w-tabs-item-title\">Preise<\/span><\/button><button class=\"w-tabs-item\" aria-controls=\"content-e0ea\" aria-expanded=\"false\"><span class=\"w-tabs-item-title\">Zug\u00e4nglichkeit<\/span><\/button><\/div><\/div><div class=\"w-tabs-sections titles-align_none icon_chevron cpos_right\"><div class=\"w-tabs-section active\" id=\"ob47\"><button class=\"w-tabs-section-header active\" aria-controls=\"content-ob47\" aria-expanded=\"true\"><div class=\"w-tabs-section-title\">\u00d6ffnungszeiten<\/div><div class=\"w-tabs-section-control\"><\/div><\/button><div  class=\"w-tabs-section-content us_custom_2eb31b07\" id=\"content-ob47\"><div class=\"w-tabs-section-content-h i-cf\"><div class=\"wpb_text_column\"><div class=\"wpb_wrapper\"><p><strong>T\u00e4glich ge\u00f6ffnet im Juli, August und bis zum 10. September 2023<\/strong><br \/>\n<strong>Vormittags<\/strong>: 9:30 Uhr \/ 12:30 Uhr<br \/>\n<strong>Nachmittags<\/strong>: 15:00 \/ 18:00<\/p>\n<p><strong>Vom 11. September bis 31. Oktober Dienstag bis Samstag ge\u00f6ffnet<\/strong><br \/>\n<strong>Vormittag<\/strong>: 9:30 Uhr \/ 12:30 Uhr<br \/>\n<strong>Nachmittags<\/strong>: 15:00 \/ 18:00<\/p>\n<p><strong>Von November bis 8. Dezember nach Vereinbarung ge\u00f6ffnet<\/strong><\/p>\n<\/div><\/div><\/div><\/div><\/div><div class=\"w-tabs-section\" id=\"ee30\"><button class=\"w-tabs-section-header\" aria-controls=\"content-ee30\" aria-expanded=\"false\"><div class=\"w-tabs-section-title\">Preise<\/div><div class=\"w-tabs-section-control\"><\/div><\/button><div  class=\"w-tabs-section-content us_custom_2eb31b07\" id=\"content-ee30\"><div class=\"w-tabs-section-content-h i-cf\"><div class=\"wpb_text_column\"><div class=\"wpb_wrapper\"><p>&#8211; <strong>VOLLER PREIS<\/strong>: 6,00 \u20ac<\/p>\n<p>&#8211; <strong>ERM\u00c4SSIGT<\/strong>: 4,50 \u20ac (Gruppen \u00fcber 10, Studenten, \u00fcber 65, Journalisten, FAI-Ausweis)<\/p>\n<p>&#8211; <strong>CUMULATIVE<\/strong> mit Museo dell&#8217;Occhiale-Casa Tiziano- Marc: 8,00 \u20ac (Angebot gilt f\u00fcr alle)<\/p>\n<p>&#8211; <strong>KOSTENLOS<\/strong> B\u00fcrgermeister und Verwaltungsbeamte der 22 Gemeinden des Cadore-Gebiets; Gemeinder\u00e4te der Magnifica Comunit\u00e0; Behinderte und eine Begleitperson; Sch\u00fcler, die Schulen im Cadore-Gebiet besuchen; Kinder bis zu 6 Jahren; Lehrer und Erzieher; Journalisten mit Ausweis; Einwohner des Cadore-Gebietes unter 25 Jahren; ICOM-Mitglieder; anl\u00e4sslich von Sonderveranstaltungen<\/p>\n<p>Ein Service f\u00fcr gef\u00fchrte Besichtigungen ist verf\u00fcgbar (<strong>\u20ac 50,00 pro Stunde<\/strong>)<\/p>\n<\/div><\/div><\/div><\/div><\/div><div class=\"w-tabs-section\" id=\"e0ea\"><button class=\"w-tabs-section-header\" aria-controls=\"content-e0ea\" aria-expanded=\"false\"><div class=\"w-tabs-section-title\">Zug\u00e4nglichkeit<\/div><div class=\"w-tabs-section-control\"><\/div><\/button><div  class=\"w-tabs-section-content us_custom_2eb31b07\" id=\"content-e0ea\"><div class=\"w-tabs-section-content-h i-cf\"><div class=\"wpb_text_column\"><div class=\"wpb_wrapper\"><p>Reservierte Parkpl\u00e4tze in 100 m Entfernung und die M\u00f6glichkeit, in der N\u00e4he des Geb\u00e4udes zu parken.<\/p>\n<p>&#8211; Aufzug auf Abruf<br \/>\n&#8211; Innentreppe mit Zugangsrampen<br \/>\n&#8211; Badezimmer f\u00fcr Behinderte<\/p>\n<\/div><\/div><\/div><\/div><\/div><\/div><\/div><div class=\"w-separator size_medium\"><\/div><div class=\"w-video align_none ratio_16x9 has_iframe\"><div class=\"w-video-h\"><iframe title=\"Youtube video player\" src=\"\/\/www.youtube.com\/embed\/oUx_htiHRpo?origin=https:\/\/www.museicadoredolomiti.it\/de\/&controls=1\" allowfullscreen=\"1\" loading=\"lazy\"><\/iframe><\/div><div class=\"w-video-icon\" style=\"font-size:1.5rem;background:rgba(0,0,0,0.5);color:#fff\"><\/div><\/div><div class=\"w-separator size_medium\"><\/div><div class=\"w-grid type_carousel layout_gallery_cropped cols_4 valign_center ratio_1x1\" id=\"us_grid_1\" style=\"--gap:2px;\"><style>.layout_gallery_cropped .w-grid-item-h:before{padding-bottom:100%}.layout_gallery_cropped .w-grid-item-h{}.layout_gallery_cropped .usg_post_image_1{position:absolute!important;left:0!important;top:0!important;bottom:0!important;right:0!important}<\/style><div class=\"w-grid-list owl-carousel navstyle_circle navpos_inside with_dots\" style=\"--arrows-size:1.8rem;\">\t<article class=\"w-grid-item post-9015 attachment type-attachment status-inherit hentry\" data-id=\"9015\">\r\n\t\t<div class=\"w-grid-item-h\">\r\n\t\t\t\t\t\t<div class=\"w-post-elm post_image usg_post_image_1 stretched\"><img width=\"662\" height=\"1024\" src=\"https:\/\/www.museicadoredolomiti.it\/wp-content\/uploads\/2023\/08\/MARC-LOGO-662x1024.png\" class=\"attachment-large size-large\" alt=\"\" decoding=\"async\" loading=\"lazy\" srcset=\"https:\/\/www.museicadoredolomiti.it\/wp-content\/uploads\/2023\/08\/MARC-LOGO-662x1024.png 662w, https:\/\/www.museicadoredolomiti.it\/wp-content\/uploads\/2023\/08\/MARC-LOGO-194x300.png 194w, https:\/\/www.museicadoredolomiti.it\/wp-content\/uploads\/2023\/08\/MARC-LOGO-993x1536.png 993w, https:\/\/www.museicadoredolomiti.it\/wp-content\/uploads\/2023\/08\/MARC-LOGO.png 1064w\" sizes=\"(max-width: 662px) 100vw, 662px\" \/><\/div>\t\t<\/div>\r\n\t<\/article>\r\n\t<article class=\"w-grid-item post-8963 attachment type-attachment status-inherit hentry\" data-id=\"8963\">\r\n\t\t<div class=\"w-grid-item-h\">\r\n\t\t\t\t\t\t<div class=\"w-post-elm post_image usg_post_image_1 stretched\"><img width=\"800\" height=\"600\" src=\"https:\/\/www.museicadoredolomiti.it\/wp-content\/uploads\/2023\/08\/DSCN3433-2.jpg\" class=\"attachment-large size-large\" alt=\"\" decoding=\"async\" loading=\"lazy\" srcset=\"https:\/\/www.museicadoredolomiti.it\/wp-content\/uploads\/2023\/08\/DSCN3433-2.jpg 800w, https:\/\/www.museicadoredolomiti.it\/wp-content\/uploads\/2023\/08\/DSCN3433-2-300x225.jpg 300w\" sizes=\"(max-width: 800px) 100vw, 800px\" \/><\/div>\t\t<\/div>\r\n\t<\/article>\r\n\t<article class=\"w-grid-item post-8961 attachment type-attachment status-inherit hentry\" data-id=\"8961\">\r\n\t\t<div class=\"w-grid-item-h\">\r\n\t\t\t\t\t\t<div class=\"w-post-elm post_image usg_post_image_1 stretched\"><img width=\"555\" height=\"800\" src=\"https:\/\/www.museicadoredolomiti.it\/wp-content\/uploads\/2023\/08\/piazza-tiziano-palazzo-e1424626706503.jpg\" class=\"attachment-large size-large\" alt=\"\" decoding=\"async\" loading=\"lazy\" srcset=\"https:\/\/www.museicadoredolomiti.it\/wp-content\/uploads\/2023\/08\/piazza-tiziano-palazzo-e1424626706503.jpg 555w, https:\/\/www.museicadoredolomiti.it\/wp-content\/uploads\/2023\/08\/piazza-tiziano-palazzo-e1424626706503-208x300.jpg 208w\" sizes=\"(max-width: 555px) 100vw, 555px\" \/><\/div>\t\t<\/div>\r\n\t<\/article>\r\n\t<article class=\"w-grid-item post-8959 attachment type-attachment status-inherit hentry\" data-id=\"8959\">\r\n\t\t<div class=\"w-grid-item-h\">\r\n\t\t\t\t\t\t<div class=\"w-post-elm post_image usg_post_image_1 stretched\"><img width=\"800\" height=\"533\" src=\"https:\/\/www.museicadoredolomiti.it\/wp-content\/uploads\/2023\/08\/pannelli-museo-e1424626724413.jpg\" class=\"attachment-large size-large\" alt=\"\" decoding=\"async\" loading=\"lazy\" srcset=\"https:\/\/www.museicadoredolomiti.it\/wp-content\/uploads\/2023\/08\/pannelli-museo-e1424626724413.jpg 800w, https:\/\/www.museicadoredolomiti.it\/wp-content\/uploads\/2023\/08\/pannelli-museo-e1424626724413-300x200.jpg 300w\" sizes=\"(max-width: 800px) 100vw, 800px\" \/><\/div>\t\t<\/div>\r\n\t<\/article>\r\n\t<article class=\"w-grid-item post-8957 attachment type-attachment status-inherit hentry\" data-id=\"8957\">\r\n\t\t<div class=\"w-grid-item-h\">\r\n\t\t\t\t\t\t<div class=\"w-post-elm post_image usg_post_image_1 stretched\"><img width=\"533\" height=\"800\" src=\"https:\/\/www.museicadoredolomiti.it\/wp-content\/uploads\/2023\/08\/PALAZZO-MAGNIFICA-COMUNITA-SEDE-MARC-e1424626738933.jpg\" class=\"attachment-large size-large\" alt=\"\" decoding=\"async\" loading=\"lazy\" srcset=\"https:\/\/www.museicadoredolomiti.it\/wp-content\/uploads\/2023\/08\/PALAZZO-MAGNIFICA-COMUNITA-SEDE-MARC-e1424626738933.jpg 533w, https:\/\/www.museicadoredolomiti.it\/wp-content\/uploads\/2023\/08\/PALAZZO-MAGNIFICA-COMUNITA-SEDE-MARC-e1424626738933-200x300.jpg 200w\" sizes=\"(max-width: 533px) 100vw, 533px\" \/><\/div>\t\t<\/div>\r\n\t<\/article>\r\n\t<article class=\"w-grid-item post-8955 attachment type-attachment status-inherit hentry\" data-id=\"8955\">\r\n\t\t<div class=\"w-grid-item-h\">\r\n\t\t\t\t\t\t<div class=\"w-post-elm post_image usg_post_image_1 stretched\"><img width=\"800\" height=\"600\" src=\"https:\/\/www.museicadoredolomiti.it\/wp-content\/uploads\/2023\/08\/Musei-Cadore-Dolomiti-Museo-Archeologico-Cadorino-1.jpg\" class=\"attachment-large size-large\" alt=\"\" decoding=\"async\" loading=\"lazy\" srcset=\"https:\/\/www.museicadoredolomiti.it\/wp-content\/uploads\/2023\/08\/Musei-Cadore-Dolomiti-Museo-Archeologico-Cadorino-1.jpg 800w, https:\/\/www.museicadoredolomiti.it\/wp-content\/uploads\/2023\/08\/Musei-Cadore-Dolomiti-Museo-Archeologico-Cadorino-1-300x225.jpg 300w\" sizes=\"(max-width: 800px) 100vw, 800px\" \/><\/div>\t\t<\/div>\r\n\t<\/article>\r\n\t<article class=\"w-grid-item post-8953 attachment type-attachment status-inherit hentry\" data-id=\"8953\">\r\n\t\t<div class=\"w-grid-item-h\">\r\n\t\t\t\t\t\t<div class=\"w-post-elm post_image usg_post_image_1 stretched\"><img width=\"800\" height=\"533\" src=\"https:\/\/www.museicadoredolomiti.it\/wp-content\/uploads\/2023\/08\/marc-e1424626756551.jpg\" class=\"attachment-large size-large\" alt=\"\" decoding=\"async\" loading=\"lazy\" srcset=\"https:\/\/www.museicadoredolomiti.it\/wp-content\/uploads\/2023\/08\/marc-e1424626756551.jpg 800w, https:\/\/www.museicadoredolomiti.it\/wp-content\/uploads\/2023\/08\/marc-e1424626756551-300x200.jpg 300w\" sizes=\"(max-width: 800px) 100vw, 800px\" \/><\/div>\t\t<\/div>\r\n\t<\/article>\r\n\t<article class=\"w-grid-item post-8951 attachment type-attachment status-inherit hentry\" data-id=\"8951\">\r\n\t\t<div class=\"w-grid-item-h\">\r\n\t\t\t\t\t\t<div class=\"w-post-elm post_image usg_post_image_1 stretched\"><img width=\"800\" height=\"533\" src=\"https:\/\/www.museicadoredolomiti.it\/wp-content\/uploads\/2023\/08\/lagole-e1424626770801.jpg\" class=\"attachment-large size-large\" alt=\"\" decoding=\"async\" loading=\"lazy\" srcset=\"https:\/\/www.museicadoredolomiti.it\/wp-content\/uploads\/2023\/08\/lagole-e1424626770801.jpg 800w, https:\/\/www.museicadoredolomiti.it\/wp-content\/uploads\/2023\/08\/lagole-e1424626770801-300x200.jpg 300w\" sizes=\"(max-width: 800px) 100vw, 800px\" \/><\/div>\t\t<\/div>\r\n\t<\/article>\r\n\t<article class=\"w-grid-item post-8949 attachment type-attachment status-inherit hentry\" data-id=\"8949\">\r\n\t\t<div class=\"w-grid-item-h\">\r\n\t\t\t\t\t\t<div class=\"w-post-elm post_image usg_post_image_1 stretched\"><img width=\"800\" height=\"529\" src=\"https:\/\/www.museicadoredolomiti.it\/wp-content\/uploads\/2023\/08\/lagole-5-e1424626785516.jpg\" class=\"attachment-large size-large\" alt=\"\" decoding=\"async\" loading=\"lazy\" srcset=\"https:\/\/www.museicadoredolomiti.it\/wp-content\/uploads\/2023\/08\/lagole-5-e1424626785516.jpg 800w, https:\/\/www.museicadoredolomiti.it\/wp-content\/uploads\/2023\/08\/lagole-5-e1424626785516-300x198.jpg 300w\" sizes=\"(max-width: 800px) 100vw, 800px\" \/><\/div>\t\t<\/div>\r\n\t<\/article>\r\n\t<article class=\"w-grid-item post-8947 attachment type-attachment status-inherit hentry\" data-id=\"8947\">\r\n\t\t<div class=\"w-grid-item-h\">\r\n\t\t\t\t\t\t<div class=\"w-post-elm post_image usg_post_image_1 stretched\"><img width=\"800\" height=\"533\" src=\"https:\/\/www.museicadoredolomiti.it\/wp-content\/uploads\/2023\/08\/IMG_6580-e1424626797880.jpg\" class=\"attachment-large size-large\" alt=\"\" decoding=\"async\" loading=\"lazy\" srcset=\"https:\/\/www.museicadoredolomiti.it\/wp-content\/uploads\/2023\/08\/IMG_6580-e1424626797880.jpg 800w, https:\/\/www.museicadoredolomiti.it\/wp-content\/uploads\/2023\/08\/IMG_6580-e1424626797880-300x200.jpg 300w\" sizes=\"(max-width: 800px) 100vw, 800px\" \/><\/div>\t\t<\/div>\r\n\t<\/article>\r\n\t<article class=\"w-grid-item post-8945 attachment type-attachment status-inherit hentry\" data-id=\"8945\">\r\n\t\t<div class=\"w-grid-item-h\">\r\n\t\t\t\t\t\t<div class=\"w-post-elm post_image usg_post_image_1 stretched\"><img width=\"800\" height=\"533\" src=\"https:\/\/www.museicadoredolomiti.it\/wp-content\/uploads\/2023\/08\/IMG_6569-e1424626810397.jpg\" class=\"attachment-large size-large\" alt=\"\" decoding=\"async\" loading=\"lazy\" srcset=\"https:\/\/www.museicadoredolomiti.it\/wp-content\/uploads\/2023\/08\/IMG_6569-e1424626810397.jpg 800w, https:\/\/www.museicadoredolomiti.it\/wp-content\/uploads\/2023\/08\/IMG_6569-e1424626810397-300x200.jpg 300w\" sizes=\"(max-width: 800px) 100vw, 800px\" \/><\/div>\t\t<\/div>\r\n\t<\/article>\r\n<\/div><div class=\"g-preloader type_1\">\r\n\t<div><\/div>\r\n<\/div>\r\n\t<div class=\"w-grid-json hidden\" onclick='return {&quot;action&quot;:&quot;us_ajax_grid&quot;,&quot;ajax_url&quot;:&quot;https:\\\/\\\/www.museicadoredolomiti.it\\\/wp-admin\\\/admin-ajax.php&quot;,&quot;infinite_scroll&quot;:0,&quot;max_num_pages&quot;:1,&quot;pagination&quot;:&quot;none&quot;,&quot;permalink_url&quot;:&quot;https:\\\/\\\/www.museicadoredolomiti.it\\\/de\\\/wp-json\\\/wp\\\/v2\\\/pages\\\/9064\\\/&quot;,&quot;template_vars&quot;:{&quot;columns&quot;:&quot;4&quot;,&quot;exclude_items&quot;:&quot;none&quot;,&quot;img_size&quot;:&quot;default&quot;,&quot;ignore_items_size&quot;:0,&quot;items_layout&quot;:&quot;gallery_cropped&quot;,&quot;items_offset&quot;:&quot;1&quot;,&quot;load_animation&quot;:&quot;none&quot;,&quot;overriding_link&quot;:&quot;{\\&quot;url\\&quot;:\\&quot;\\&quot;}&quot;,&quot;post_id&quot;:0,&quot;query_args&quot;:{&quot;post_type&quot;:[&quot;attachment&quot;],&quot;post__in&quot;:[&quot;8564&quot;,&quot;8559&quot;,&quot;8560&quot;,&quot;8555&quot;,&quot;8556&quot;,&quot;8557&quot;,&quot;8558&quot;,&quot;8562&quot;,&quot;8561&quot;,&quot;8563&quot;,&quot;8656&quot;],&quot;post_status&quot;:&quot;inherit&quot;,&quot;post_mime_type&quot;:&quot;image&quot;,&quot;posts_per_page&quot;:999},&quot;orderby_query_args&quot;:{&quot;orderby&quot;:{&quot;date&quot;:&quot;DESC&quot;}},&quot;type&quot;:&quot;carousel&quot;,&quot;us_grid_ajax_index&quot;:1,&quot;us_grid_filter_params&quot;:null,&quot;us_grid_index&quot;:1,&quot;_us_grid_post_type&quot;:&quot;attachment&quot;,&quot;page_args&quot;:[],&quot;lang&quot;:&quot;de&quot;},&quot;carousel_settings&quot;:{&quot;autoHeight&quot;:0,&quot;autoplay&quot;:0,&quot;carousel_fade&quot;:0,&quot;center&quot;:0,&quot;dots&quot;:1,&quot;items&quot;:&quot;4&quot;,&quot;loop&quot;:true,&quot;nav&quot;:1,&quot;slideby&quot;:&quot;1&quot;,&quot;smooth_play&quot;:0,&quot;speed&quot;:250,&quot;timeout&quot;:3000,&quot;transition&quot;:&quot;&quot;,&quot;aria_labels&quot;:{&quot;prev&quot;:&quot;Zur\\u00fcck&quot;,&quot;next&quot;:&quot;Weiter&quot;}},&quot;carousel_breakpoints&quot;:{&quot;0&quot;:{&quot;autoHeight&quot;:0,&quot;autoplay&quot;:1,&quot;autoplayHoverPause&quot;:1,&quot;items&quot;:2,&quot;loop&quot;:true,&quot;stagePadding&quot;:0},&quot;601&quot;:{&quot;autoHeight&quot;:0,&quot;autoplay&quot;:1,&quot;autoplayHoverPause&quot;:1,&quot;items&quot;:2,&quot;loop&quot;:true,&quot;stagePadding&quot;:0},&quot;1025&quot;:{&quot;autoHeight&quot;:0,&quot;autoplay&quot;:1,&quot;autoplayHoverPause&quot;:1,&quot;items&quot;:3,&quot;loop&quot;:true,&quot;stagePadding&quot;:0},&quot;1281&quot;:{&quot;items&quot;:4,&quot;stagePadding&quot;:0}}}'><\/div>\r\n\t<\/div><\/div><\/div><\/div><\/div><\/section>\n","protected":false},"excerpt":{"rendered":"","protected":false},"author":1,"featured_media":0,"parent":0,"menu_order":0,"comment_status":"closed","ping_status":"closed","template":"","meta":{"footnotes":""},"_links":{"self":[{"href":"https:\/\/www.museicadoredolomiti.it\/de\/wp-json\/wp\/v2\/pages\/9064"}],"collection":[{"href":"https:\/\/www.museicadoredolomiti.it\/de\/wp-json\/wp\/v2\/pages"}],"about":[{"href":"https:\/\/www.museicadoredolomiti.it\/de\/wp-json\/wp\/v2\/types\/page"}],"author":[{"embeddable":true,"href":"https:\/\/www.museicadoredolomiti.it\/de\/wp-json\/wp\/v2\/users\/1"}],"replies":[{"embeddable":true,"href":"https:\/\/www.museicadoredolomiti.it\/de\/wp-json\/wp\/v2\/comments?post=9064"}],"version-history":[{"count":6,"href":"https:\/\/www.museicadoredolomiti.it\/de\/wp-json\/wp\/v2\/pages\/9064\/revisions"}],"predecessor-version":[{"id":9553,"href":"https:\/\/www.museicadoredolomiti.it\/de\/wp-json\/wp\/v2\/pages\/9064\/revisions\/9553"}],"wp:attachment":[{"href":"https:\/\/www.museicadoredolomiti.it\/de\/wp-json\/wp\/v2\/media?parent=9064"}],"curies":[{"name":"wp","href":"https:\/\/api.w.org\/{rel}","templated":true}]}}