{"id":9065,"date":"2023-08-10T10:47:57","date_gmt":"2023-08-10T08:47:57","guid":{"rendered":"https:\/\/www.museicadoredolomiti.it\/casa-natale-di-tiziano-vecellio\/"},"modified":"2023-10-09T11:42:12","modified_gmt":"2023-10-09T09:42:12","slug":"das-geburtshaus-des-tizia","status":"publish","type":"page","link":"https:\/\/www.museicadoredolomiti.it\/de\/das-geburtshaus-des-tizia\/","title":{"rendered":"Das Geburtshaus des Tizian"},"content":{"rendered":"<section class=\"l-section wpb_row height_medium color_primary with_img\"><div class=\"l-section-img\" role=\"img\" data-img-width=\"1024\" data-img-height=\"683\" style=\"background-image: url(https:\/\/www.museicadoredolomiti.it\/wp-content\/uploads\/2023\/08\/MUSEO-CASA-TIZIANO-MUSEI-CADORE-DOLOMITI.jpg);background-repeat: no-repeat;\"><\/div><div class=\"l-section-overlay\" style=\"background:rgba(2,2,2,0.67)\"><\/div><div class=\"l-section-h i-cf\"><div class=\"g-cols vc_row via_grid cols_1 laptops-cols_inherit tablets-cols_inherit mobiles-cols_1 valign_top type_default stacking_default\"><div class=\"wpb_column vc_column_container\"><div class=\"vc_column-inner\"><div class=\"wpb_text_column\"><div class=\"wpb_wrapper\"><h1 style=\"text-align: center;\">Das Geburtshaus des Tizian<\/h1>\n<\/div><\/div><div class=\"w-separator size_small\"><\/div><div class=\"w-iconbox iconpos_top style_default color_custom align_center no_text no_title\"><a href=\"#intro\" class=\"w-iconbox-link\" aria-label=\"far|chevron-down\"><div class=\"w-iconbox-icon\" style=\"font-size:3rem;--icon-color:#ffffff;\"><i class=\"far fa-chevron-down\"><\/i><\/div><\/a><div class=\"w-iconbox-meta\"><\/div><\/div><div class=\"w-separator size_medium\"><\/div><\/div><\/div><\/div><\/div><\/section><section class=\"l-section wpb_row height_medium width_custom color_alternate\" style=\"--site-content-width:800px;\" id=\"intro\"><div class=\"l-section-overlay\" style=\"background:#E32119\"><\/div><div class=\"l-section-h i-cf\"><div class=\"g-cols vc_row via_grid cols_1 laptops-cols_inherit tablets-cols_inherit mobiles-cols_1 valign_top type_default stacking_default\"><div class=\"wpb_column vc_column_container\"><div class=\"vc_column-inner\"><div class=\"wpb_text_column\"><div class=\"wpb_wrapper\"><p>[vc_custom_heading text=&#8220;Das Museumsnetzwerk: Kultur und Territorium, die gef\u00f6rdert und gesch\u00fctzt werden m\u00fcssen.&#8220; font_container=&#8220;tag:h3|text_align:center|color:%23ffffff&#8220; use_theme_fonts=&#8220;yes&#8220;]<\/p>\n<\/div><\/div><\/div><\/div><\/div><\/div><\/section><section class=\"l-section wpb_row height_medium\"><div class=\"l-section-h i-cf\"><div class=\"g-cols vc_row via_grid cols_1 laptops-cols_inherit tablets-cols_1 mobiles-cols_1 valign_top type_default stacking_default\"><div class=\"wpb_column vc_column_container\"><div class=\"vc_column-inner\"><div class=\"wpb_text_column\"><div class=\"wpb_wrapper\"><p>Wir befinden uns in Pieve di Cadore, in dem Familienhaus, wo Tizian Vecellio geboren wurde. Das Geb\u00e4ude entging den Verw\u00fcstungen und Repressalien der deutschen Soldaten w\u00e4hrend des Gro\u00dfen Venezianerkrieges im 15. Jahrhundert. Zur Zeit seiner Erbauung war es das typische Wohnhaus einer prominenten lokalen Familie, zu deren Mitgliedern angesehene Pers\u00f6nlichkeiten geh\u00f6rten: Notare, Holzh\u00e4ndler und Pers\u00f6nlichkeiten des \u00f6ffentlichen Lebens.<\/p>\n<p>Das heutige Erscheinungsbild hingegen ist das Ergebnis von Arbeiten, die die Magnifica Comunit\u00e0 di Cadore (Eigent\u00fcmerin des Geb\u00e4udes seit 1926) in den Jahren 1928-30 beim Ingenieur Giuseppe Palatini aus Pieve di Cadore in Auftrag gab. Der vordere Teil war vor den Arbeiten das Ergebnis einer Mitte des 18. Jahrhunderts von den damaligen Eigent\u00fcmern vorgenommenen Erweiterung, wodurch die alte Fassade verdeckt wurde. Er wurde abgerissen und bei den Abbrucharbeiten kamen die alten T\u00fcren und Fenster des urspr\u00fcnglichen Geb\u00e4udes, sowie kleine \u00d6ffnungen, die f\u00fcr das 15. Jahrhundert typisch sind, wieder zum Vorschein.<\/p>\n<p>Das heutige Geb\u00e4ude besteht aus zwei Stockwerken aus Mauerwerk mit unregelm\u00e4\u00dfigem Grundriss. Seine \u00e4u\u00dferen Merkmale sind die Balkone, eine Holzau\u00dfentreppe und ein Schr\u00e4gdach mit Schindeldeckung. Im Erdgeschoss beherbergt der gro\u00dfe Saal mit Holzfu\u00dfboden eine Sammlung von Reproduktionen der tizianischen Zeichnungssammlung aus den Uffizien in Florenz und eine Dokumentation \u00fcber den Maler. \u00dcber eine steile Holztreppe gelangt man in das Obergeschoss: in den f\u00fcnf stimmungsvollen R\u00e4umen lebte Tizian w\u00e4hrend seiner Kindheit und sp\u00e4ter \u2013 nach seiner \u00dcbersiedlung nach Venedig \u2013 wenn er in seine Heimat zur\u00fcckkehrte.<\/p>\n<p>Am 17. Dezember 1922 wurde das Haus durch den k\u00f6niglichen Erlass Nr. 1725 zum Nationaldenkmal erkl\u00e4rt. Nach Abschluss der Arbeiten wurde es am 7. August 1932 unter dem Vorsitz des Rechtsanwalts Celso Fabbro eingeweiht. Die ehem. K\u00f6nigliche Akademie Italiens, vertreten durch Ugo Ojetti, hielt die Gedenkrede, die sp\u00e4ter auch gedruckt und ver\u00f6ffentlicht wurde. Der einst bescheidene Wohnsitz eines jungen Berglers, der in seinen jungen Jahren aus Cadore in die Hauptstadt der Lagune zog und zum Protagonisten der Malerei des 16. Jahrhunderts wurde, ist seitdem f\u00fcr die \u00d6ffentlichkeit zug\u00e4nglich. F\u00fcr viele ist er heute ein \u201eOrt des Herzens\u201c und die Magnifica Comunit\u00e0 di Cadore hat sich gegen\u00fcber der Menschheit verpflichtet, ihn zu bewahren.<\/p>\n<\/div><\/div><\/div><\/div><\/div><\/div><\/section><section class=\"l-section wpb_row us_custom_9d1e26d6 height_small\"><div class=\"l-section-overlay\" style=\"background:#f5f5f5\"><\/div><div class=\"l-section-h i-cf\"><div class=\"g-cols vc_row via_grid cols_1 laptops-cols_inherit tablets-cols_inherit mobiles-cols_1 valign_top type_default stacking_default\"><div class=\"wpb_column vc_column_container\"><div class=\"vc_column-inner\"><div class=\"g-cols wpb_row via_grid cols_4 laptops-cols_inherit tablets-cols_inherit mobiles-cols_1 valign_top type_default stacking_default\"><div class=\"wpb_column vc_column_container\"><div class=\"vc_column-inner\"><div class=\"w-iconbox iconpos_top style_default color_primary align_center no_text\"><a target=\"_blank\" href=\"https:\/\/goo.gl\/maps\/iew5KW3MvF5F44VA6\" class=\"w-iconbox-link\" aria-label=\"Via Arsenale, 4, 32044 Pieve di Cadore BL\"><div class=\"w-iconbox-icon\" style=\"font-size:2.5rem;\"><i class=\"fas fa-home\"><\/i><\/div><\/a><div class=\"w-iconbox-meta\"><a target=\"_blank\" href=\"https:\/\/goo.gl\/maps\/iew5KW3MvF5F44VA6\" class=\"w-iconbox-link\" aria-label=\"Via Arsenale, 4, 32044 Pieve di Cadore BL\"><p class=\"w-iconbox-title\">Via Arsenale, 4, 32044 Pieve di Cadore BL<\/p><\/a><\/div><\/div><\/div><\/div><div class=\"wpb_column vc_column_container\"><div class=\"vc_column-inner\"><div class=\"w-iconbox iconpos_top style_default color_primary align_center no_text\"><a target=\"_blank\" href=\"tel:+39043532262\" class=\"w-iconbox-link\" aria-label=\"+39 0435 32262\"><div class=\"w-iconbox-icon\" style=\"font-size:2.5rem;\"><i class=\"fas fa-phone\"><\/i><\/div><\/a><div class=\"w-iconbox-meta\"><a target=\"_blank\" href=\"tel:+39043532262\" class=\"w-iconbox-link\" aria-label=\"+39 0435 32262\"><p class=\"w-iconbox-title\">+39 0435 32262<\/p><\/a><\/div><\/div><\/div><\/div><div class=\"wpb_column vc_column_container\"><div class=\"vc_column-inner\"><div class=\"w-iconbox iconpos_top style_default color_primary align_center no_text\"><a target=\"_blank\" href=\"mailto:info@magnificacomunitadicadore.it\" class=\"w-iconbox-link\" aria-label=\"info@magnificacomunitadicadore.it\"><div class=\"w-iconbox-icon\" style=\"font-size:2.5rem;\"><i class=\"fas fa-envelope\"><\/i><\/div><\/a><div class=\"w-iconbox-meta\"><a target=\"_blank\" href=\"mailto:info@magnificacomunitadicadore.it\" class=\"w-iconbox-link\" aria-label=\"info@magnificacomunitadicadore.it\"><p class=\"w-iconbox-title\">info@magnificacomunitadicadore.it<\/p><\/a><\/div><\/div><\/div><\/div><div class=\"wpb_column vc_column_container\"><div class=\"vc_column-inner\"><div class=\"w-iconbox iconpos_top style_default color_primary align_center no_text\"><a target=\"_blank\" href=\"http:\/\/www.magnificacomunitadicadore.it\/\" class=\"w-iconbox-link\" aria-label=\"magnificacomunitadicadore.it\"><div class=\"w-iconbox-icon\" style=\"font-size:2.5rem;\"><i class=\"fas fa-globe\"><\/i><\/div><\/a><div class=\"w-iconbox-meta\"><a target=\"_blank\" href=\"http:\/\/www.magnificacomunitadicadore.it\/\" class=\"w-iconbox-link\" aria-label=\"magnificacomunitadicadore.it\"><p class=\"w-iconbox-title\">magnificacomunitadicadore.it<\/p><\/a><\/div><\/div><\/div><\/div><\/div><\/div><\/div><\/div><\/div><\/section><section class=\"l-section wpb_row height_medium\"><div class=\"l-section-h i-cf\"><div class=\"g-cols vc_row via_grid cols_1 laptops-cols_inherit tablets-cols_1 mobiles-cols_1 valign_top type_default stacking_default\"><div class=\"wpb_column vc_column_container\"><div class=\"vc_column-inner\"><div class=\"w-separator us_custom_c5ed4e75 size_custom\" style=\"height:75vh\"><\/div><div class=\"w-separator size_medium\"><\/div><div class=\"w-tabs layout_hor style_default switch_click has_scrolling\" style=\"--sections-title-size:1em\"><div class=\"w-tabs-list items_3 align_none\"><div class=\"w-tabs-list-h\"><button class=\"w-tabs-item active\" aria-controls=\"content-eb9b\" aria-expanded=\"false\"><span class=\"w-tabs-item-title\">\u00d6ffnungszeiten<\/span><\/button><button class=\"w-tabs-item\" aria-controls=\"content-ze0d\" aria-expanded=\"false\"><span class=\"w-tabs-item-title\">Preise<\/span><\/button><button class=\"w-tabs-item\" aria-controls=\"content-n03a\" aria-expanded=\"false\"><span class=\"w-tabs-item-title\">Zug\u00e4nglichkeit<\/span><\/button><\/div><\/div><div class=\"w-tabs-sections titles-align_none icon_chevron cpos_right\"><div class=\"w-tabs-section active\" id=\"eb9b\"><button class=\"w-tabs-section-header active\" aria-controls=\"content-eb9b\" aria-expanded=\"true\"><div class=\"w-tabs-section-title\">\u00d6ffnungszeiten<\/div><div class=\"w-tabs-section-control\"><\/div><\/button><div  class=\"w-tabs-section-content us_custom_2eb31b07\" id=\"content-eb9b\"><div class=\"w-tabs-section-content-h i-cf\"><div class=\"wpb_text_column\"><div class=\"wpb_wrapper\"><p><strong>T\u00e4glich ge\u00f6ffnet im Juli, August und September 2023<\/strong><\/p>\n<p><strong>Vormittag<\/strong>: 9:30 Uhr \/ 12:30 Uhr<br \/>\n<strong>Nachmittags<\/strong>: 15:00 \/ 18:30<\/p>\n<\/div><\/div><\/div><\/div><\/div><div class=\"w-tabs-section\" id=\"ze0d\"><button class=\"w-tabs-section-header\" aria-controls=\"content-ze0d\" aria-expanded=\"false\"><div class=\"w-tabs-section-title\">Preise<\/div><div class=\"w-tabs-section-control\"><\/div><\/button><div  class=\"w-tabs-section-content us_custom_2eb31b07\" id=\"content-ze0d\"><div class=\"w-tabs-section-content-h i-cf\"><div class=\"wpb_text_column\"><div class=\"wpb_wrapper\"><p>&#8211; <strong>VOLLPREIS<\/strong>: 6,00 \u20ac<br \/>\n&#8211; <strong>ERM\u00c4SSIGT<\/strong>: 4,50 \u20ac (Kinder und Jugendliche von 6-18 Jahren, Erwachsene \u00fcber 65 Jahre, Gruppen ab 10 Personen, Besucher im Besitz einer Eintrittskarte des Museums Feltre, Fai-Mitglieder)<br \/>\n&#8211; <strong>CUMULATIVE<\/strong> mit Museo dell&#8217;Occhiale-Casa Tiziano- Marc: 8,00 \u20ac (Angebot gilt f\u00fcr alle).<br \/>\n&#8211; <strong>KOSTENLOS<\/strong> B\u00fcrgermeister und Verwaltungsangestellte der 22 Gemeinden des Cadore; Gemeinder\u00e4te der Magnifica Comunit\u00e0; Behinderte und eine Begleitperson; Sch\u00fcler, die Schulen im Cadore besuchen; Kinder bis zu 6 Jahren; Lehrer und Erzieher; Journalisten mit Ausweis; Einwohner des Cadore unter 25 Jahren; ICOM-Mitglieder; anl\u00e4sslich von Sonderveranstaltungen<\/p>\n<p>Ein Service f\u00fcr gef\u00fchrte Besichtigungen ist verf\u00fcgbar (<strong>\u20ac 50,00 pro Stunde<\/strong>)<\/p>\n<\/div><\/div><\/div><\/div><\/div><div class=\"w-tabs-section\" id=\"n03a\"><button class=\"w-tabs-section-header\" aria-controls=\"content-n03a\" aria-expanded=\"false\"><div class=\"w-tabs-section-title\">Zug\u00e4nglichkeit<\/div><div class=\"w-tabs-section-control\"><\/div><\/button><div  class=\"w-tabs-section-content us_custom_2eb31b07\" id=\"content-n03a\"><div class=\"w-tabs-section-content-h i-cf\"><div class=\"wpb_text_column\"><div class=\"wpb_wrapper\"><p>Reservierte Parkpl\u00e4tze in 150 m Entfernung, bergauf und bergab zu erreichen. M\u00f6glichkeit zum vor\u00fcbergehenden Parken in der N\u00e4he des Palastes<\/p>\n<p>&#8211; Historisches Geb\u00e4ude mit Zugangstreppe<br \/>\n&#8211; Zug\u00e4nglichkeit nur im Erdgeschoss<br \/>\n&#8211; Kein Badezimmer<\/p>\n<\/div><\/div><\/div><\/div><\/div><\/div><\/div><div class=\"w-separator size_medium\"><\/div><div class=\"w-grid type_carousel layout_gallery_cropped cols_4 valign_center ratio_1x1\" id=\"us_grid_1\" style=\"--gap:2px;\"><style>.layout_gallery_cropped .w-grid-item-h:before{padding-bottom:100%}.layout_gallery_cropped .w-grid-item-h{}.layout_gallery_cropped .usg_post_image_1{position:absolute!important;left:0!important;top:0!important;bottom:0!important;right:0!important}<\/style><div class=\"w-grid-list owl-carousel navstyle_circle navpos_inside with_dots\" style=\"--arrows-size:1.8rem;\">\t<article class=\"w-grid-item post-8775 attachment type-attachment status-inherit hentry\" data-id=\"8775\">\r\n\t\t<div class=\"w-grid-item-h\">\r\n\t\t\t\t\t\t<div class=\"w-post-elm post_image usg_post_image_1 stretched\"><img width=\"800\" height=\"533\" src=\"https:\/\/www.museicadoredolomiti.it\/wp-content\/uploads\/2023\/08\/interno-casa-tiziano-e1424626683592.jpg\" class=\"attachment-large size-large\" alt=\"\" decoding=\"async\" loading=\"lazy\" srcset=\"https:\/\/www.museicadoredolomiti.it\/wp-content\/uploads\/2023\/08\/interno-casa-tiziano-e1424626683592.jpg 800w, https:\/\/www.museicadoredolomiti.it\/wp-content\/uploads\/2023\/08\/interno-casa-tiziano-e1424626683592-300x200.jpg 300w\" sizes=\"(max-width: 800px) 100vw, 800px\" \/><\/div>\t\t<\/div>\r\n\t<\/article>\r\n\t<article class=\"w-grid-item post-8773 attachment type-attachment status-inherit hentry\" data-id=\"8773\">\r\n\t\t<div class=\"w-grid-item-h\">\r\n\t\t\t\t\t\t<div class=\"w-post-elm post_image usg_post_image_1 stretched\"><img width=\"1024\" height=\"683\" src=\"https:\/\/www.museicadoredolomiti.it\/wp-content\/uploads\/2023\/08\/MUSEO-CASA-TIZIANO-MUSEI-CADORE-DOLOMITI-1.jpg\" class=\"attachment-large size-large\" alt=\"\" decoding=\"async\" loading=\"lazy\" srcset=\"https:\/\/www.museicadoredolomiti.it\/wp-content\/uploads\/2023\/08\/MUSEO-CASA-TIZIANO-MUSEI-CADORE-DOLOMITI-1.jpg 1024w, https:\/\/www.museicadoredolomiti.it\/wp-content\/uploads\/2023\/08\/MUSEO-CASA-TIZIANO-MUSEI-CADORE-DOLOMITI-1-300x200.jpg 300w\" sizes=\"(max-width: 1024px) 100vw, 1024px\" \/><\/div>\t\t<\/div>\r\n\t<\/article>\r\n\t<article class=\"w-grid-item post-8771 attachment type-attachment status-inherit hentry\" data-id=\"8771\">\r\n\t\t<div class=\"w-grid-item-h\">\r\n\t\t\t\t\t\t<div class=\"w-post-elm post_image usg_post_image_1 stretched\"><img width=\"800\" height=\"533\" src=\"https:\/\/www.museicadoredolomiti.it\/wp-content\/uploads\/2023\/08\/casa-tiziano-inv-e1424626330487.jpg\" class=\"attachment-large size-large\" alt=\"\" decoding=\"async\" loading=\"lazy\" srcset=\"https:\/\/www.museicadoredolomiti.it\/wp-content\/uploads\/2023\/08\/casa-tiziano-inv-e1424626330487.jpg 800w, https:\/\/www.museicadoredolomiti.it\/wp-content\/uploads\/2023\/08\/casa-tiziano-inv-e1424626330487-300x200.jpg 300w\" sizes=\"(max-width: 800px) 100vw, 800px\" \/><\/div>\t\t<\/div>\r\n\t<\/article>\r\n\t<article class=\"w-grid-item post-8769 attachment type-attachment status-inherit hentry\" data-id=\"8769\">\r\n\t\t<div class=\"w-grid-item-h\">\r\n\t\t\t\t\t\t<div class=\"w-post-elm post_image usg_post_image_1 stretched\"><img width=\"800\" height=\"652\" src=\"https:\/\/www.museicadoredolomiti.it\/wp-content\/uploads\/2023\/08\/MARCO-VECELLIO-e1424626355983.png\" class=\"attachment-large size-large\" alt=\"\" decoding=\"async\" loading=\"lazy\" srcset=\"https:\/\/www.museicadoredolomiti.it\/wp-content\/uploads\/2023\/08\/MARCO-VECELLIO-e1424626355983.png 800w, https:\/\/www.museicadoredolomiti.it\/wp-content\/uploads\/2023\/08\/MARCO-VECELLIO-e1424626355983-300x245.png 300w\" sizes=\"(max-width: 800px) 100vw, 800px\" \/><\/div>\t\t<\/div>\r\n\t<\/article>\r\n\t<article class=\"w-grid-item post-8767 attachment type-attachment status-inherit hentry\" data-id=\"8767\">\r\n\t\t<div class=\"w-grid-item-h\">\r\n\t\t\t\t\t\t<div class=\"w-post-elm post_image usg_post_image_1 stretched\"><img width=\"800\" height=\"494\" src=\"https:\/\/www.museicadoredolomiti.it\/wp-content\/uploads\/2023\/08\/casa-tiziano-disegno-001-e1424626382127.jpg\" class=\"attachment-large size-large\" alt=\"\" decoding=\"async\" loading=\"lazy\" srcset=\"https:\/\/www.museicadoredolomiti.it\/wp-content\/uploads\/2023\/08\/casa-tiziano-disegno-001-e1424626382127.jpg 800w, https:\/\/www.museicadoredolomiti.it\/wp-content\/uploads\/2023\/08\/casa-tiziano-disegno-001-e1424626382127-300x185.jpg 300w\" sizes=\"(max-width: 800px) 100vw, 800px\" \/><\/div>\t\t<\/div>\r\n\t<\/article>\r\n\t<article class=\"w-grid-item post-8765 attachment type-attachment status-inherit hentry\" data-id=\"8765\">\r\n\t\t<div class=\"w-grid-item-h\">\r\n\t\t\t\t\t\t<div class=\"w-post-elm post_image usg_post_image_1 stretched\"><img width=\"450\" height=\"266\" src=\"https:\/\/www.museicadoredolomiti.it\/wp-content\/uploads\/2023\/08\/casa-natale-di-tiziano-e1423190114438.jpeg\" class=\"attachment-large size-large\" alt=\"\" decoding=\"async\" loading=\"lazy\" srcset=\"https:\/\/www.museicadoredolomiti.it\/wp-content\/uploads\/2023\/08\/casa-natale-di-tiziano-e1423190114438.jpeg 450w, https:\/\/www.museicadoredolomiti.it\/wp-content\/uploads\/2023\/08\/casa-natale-di-tiziano-e1423190114438-300x177.jpeg 300w\" sizes=\"(max-width: 450px) 100vw, 450px\" \/><\/div>\t\t<\/div>\r\n\t<\/article>\r\n<\/div><div class=\"g-preloader type_1\">\r\n\t<div><\/div>\r\n<\/div>\r\n\t<div class=\"w-grid-json hidden\" onclick='return {&quot;action&quot;:&quot;us_ajax_grid&quot;,&quot;ajax_url&quot;:&quot;https:\\\/\\\/www.museicadoredolomiti.it\\\/wp-admin\\\/admin-ajax.php&quot;,&quot;infinite_scroll&quot;:0,&quot;max_num_pages&quot;:1,&quot;pagination&quot;:&quot;none&quot;,&quot;permalink_url&quot;:&quot;https:\\\/\\\/www.museicadoredolomiti.it\\\/de\\\/wp-json\\\/wp\\\/v2\\\/pages\\\/9065\\\/&quot;,&quot;template_vars&quot;:{&quot;columns&quot;:&quot;4&quot;,&quot;exclude_items&quot;:&quot;none&quot;,&quot;img_size&quot;:&quot;default&quot;,&quot;ignore_items_size&quot;:0,&quot;items_layout&quot;:&quot;gallery_cropped&quot;,&quot;items_offset&quot;:&quot;1&quot;,&quot;load_animation&quot;:&quot;none&quot;,&quot;overriding_link&quot;:&quot;{\\&quot;url\\&quot;:\\&quot;\\&quot;}&quot;,&quot;post_id&quot;:0,&quot;query_args&quot;:{&quot;post_type&quot;:[&quot;attachment&quot;],&quot;post__in&quot;:[&quot;8317&quot;,&quot;8316&quot;,&quot;8315&quot;,&quot;8314&quot;,&quot;8313&quot;,&quot;8312&quot;],&quot;post_status&quot;:&quot;inherit&quot;,&quot;post_mime_type&quot;:&quot;image&quot;,&quot;posts_per_page&quot;:999},&quot;orderby_query_args&quot;:{&quot;orderby&quot;:{&quot;date&quot;:&quot;DESC&quot;}},&quot;type&quot;:&quot;carousel&quot;,&quot;us_grid_ajax_index&quot;:1,&quot;us_grid_filter_params&quot;:null,&quot;us_grid_index&quot;:1,&quot;_us_grid_post_type&quot;:&quot;attachment&quot;,&quot;page_args&quot;:[],&quot;lang&quot;:&quot;de&quot;},&quot;carousel_settings&quot;:{&quot;autoHeight&quot;:0,&quot;autoplay&quot;:0,&quot;carousel_fade&quot;:0,&quot;center&quot;:0,&quot;dots&quot;:1,&quot;items&quot;:&quot;4&quot;,&quot;loop&quot;:true,&quot;nav&quot;:1,&quot;slideby&quot;:&quot;1&quot;,&quot;smooth_play&quot;:0,&quot;speed&quot;:250,&quot;timeout&quot;:3000,&quot;transition&quot;:&quot;&quot;,&quot;aria_labels&quot;:{&quot;prev&quot;:&quot;Zur\\u00fcck&quot;,&quot;next&quot;:&quot;Weiter&quot;}},&quot;carousel_breakpoints&quot;:{&quot;0&quot;:{&quot;autoHeight&quot;:0,&quot;autoplay&quot;:1,&quot;autoplayHoverPause&quot;:1,&quot;items&quot;:2,&quot;loop&quot;:true,&quot;stagePadding&quot;:0},&quot;601&quot;:{&quot;autoHeight&quot;:0,&quot;autoplay&quot;:1,&quot;autoplayHoverPause&quot;:1,&quot;items&quot;:2,&quot;loop&quot;:true,&quot;stagePadding&quot;:0},&quot;1025&quot;:{&quot;autoHeight&quot;:0,&quot;autoplay&quot;:1,&quot;autoplayHoverPause&quot;:1,&quot;items&quot;:3,&quot;loop&quot;:true,&quot;stagePadding&quot;:0},&quot;1281&quot;:{&quot;items&quot;:4,&quot;stagePadding&quot;:0}}}'><\/div>\r\n\t<\/div><\/div><\/div><\/div><\/div><\/section>\n","protected":false},"excerpt":{"rendered":"","protected":false},"author":1,"featured_media":0,"parent":0,"menu_order":0,"comment_status":"closed","ping_status":"closed","template":"","meta":{"footnotes":""},"_links":{"self":[{"href":"https:\/\/www.museicadoredolomiti.it\/de\/wp-json\/wp\/v2\/pages\/9065"}],"collection":[{"href":"https:\/\/www.museicadoredolomiti.it\/de\/wp-json\/wp\/v2\/pages"}],"about":[{"href":"https:\/\/www.museicadoredolomiti.it\/de\/wp-json\/wp\/v2\/types\/page"}],"author":[{"embeddable":true,"href":"https:\/\/www.museicadoredolomiti.it\/de\/wp-json\/wp\/v2\/users\/1"}],"replies":[{"embeddable":true,"href":"https:\/\/www.museicadoredolomiti.it\/de\/wp-json\/wp\/v2\/comments?post=9065"}],"version-history":[{"count":6,"href":"https:\/\/www.museicadoredolomiti.it\/de\/wp-json\/wp\/v2\/pages\/9065\/revisions"}],"predecessor-version":[{"id":9557,"href":"https:\/\/www.museicadoredolomiti.it\/de\/wp-json\/wp\/v2\/pages\/9065\/revisions\/9557"}],"wp:attachment":[{"href":"https:\/\/www.museicadoredolomiti.it\/de\/wp-json\/wp\/v2\/media?parent=9065"}],"curies":[{"name":"wp","href":"https:\/\/api.w.org\/{rel}","templated":true}]}}