{"id":9078,"date":"2023-08-01T17:05:23","date_gmt":"2023-08-01T15:05:23","guid":{"rendered":"https:\/\/www.museicadoredolomiti.it\/chi-siamo\/"},"modified":"2023-10-06T12:17:04","modified_gmt":"2023-10-06T10:17:04","slug":"wer-wir-sind","status":"publish","type":"page","link":"https:\/\/www.museicadoredolomiti.it\/de\/wer-wir-sind\/","title":{"rendered":"Wer wir sind"},"content":{"rendered":"<section class=\"l-section wpb_row height_small color_primary with_img\"><div class=\"l-section-img\" role=\"img\" data-img-width=\"2000\" data-img-height=\"1333\" style=\"background-image: url(https:\/\/www.museicadoredolomiti.it\/wp-content\/uploads\/2023\/08\/foto-direttori-musei-e1424627147322.jpg);background-position: top center;background-repeat: no-repeat;\"><\/div><div class=\"l-section-overlay\" style=\"background:rgba(2,2,2,0.67)\"><\/div><div class=\"l-section-h i-cf\"><div class=\"g-cols vc_row via_grid cols_1 laptops-cols_inherit tablets-cols_inherit mobiles-cols_1 valign_top type_default stacking_default\"><div class=\"wpb_column vc_column_container\"><div class=\"vc_column-inner\"><div class=\"wpb_text_column\"><div class=\"wpb_wrapper\"><h1 style=\"text-align: center;\">VIELE MUSEEN ERZ\u00c4HLEN EINE GEMEINSAME GESCHICHTE<\/h1>\n<\/div><\/div><div class=\"w-separator size_small\"><\/div><div class=\"w-iconbox iconpos_top style_default color_custom align_center no_text no_title\"><a href=\"#intro\" class=\"w-iconbox-link\" aria-label=\"far|chevron-down\"><div class=\"w-iconbox-icon\" style=\"font-size:3rem;--icon-color:#ffffff;\"><i class=\"far fa-chevron-down\"><\/i><\/div><\/a><div class=\"w-iconbox-meta\"><\/div><\/div><div class=\"w-separator size_medium\"><\/div><\/div><\/div><\/div><\/div><\/section><section class=\"l-section wpb_row height_medium width_custom color_alternate\" style=\"--site-content-width:800px;\" id=\"intro\"><div class=\"l-section-overlay\" style=\"background:#E32119\"><\/div><div class=\"l-section-h i-cf\"><div class=\"g-cols vc_row via_grid cols_1 laptops-cols_inherit tablets-cols_inherit mobiles-cols_1 valign_top type_default stacking_default\"><div class=\"wpb_column vc_column_container\"><div class=\"vc_column-inner\"><div class=\"wpb_text_column\"><div class=\"wpb_wrapper\"><p>[vc_custom_heading text=&#8220;Das Museumsnetzwerk: Kultur und Territorium, die gef\u00f6rdert und gesch\u00fctzt werden m\u00fcssen.&#8220; font_container=&#8220;tag:h3|text_align:center|color:%23ffffff&#8220; use_theme_fonts=&#8220;yes&#8220;]<\/p>\n<\/div><\/div><\/div><\/div><\/div><\/div><\/section><section class=\"l-section wpb_row height_medium\"><div class=\"l-section-overlay\" style=\"background:#F5F5F5\"><\/div><div class=\"l-section-h i-cf\"><div class=\"g-cols vc_row via_grid cols_1 laptops-cols_inherit tablets-cols_inherit mobiles-cols_1 valign_top type_default stacking_default\"><div class=\"wpb_column vc_column_container\"><div class=\"vc_column-inner\"><div class=\"g-cols wpb_row via_grid cols_3 laptops-cols_inherit tablets-cols_inherit mobiles-cols_1 valign_top type_default stacking_default\"><div class=\"wpb_column vc_column_container\"><div class=\"vc_column-inner\"><div class=\"wpb_text_column\"><div class=\"wpb_wrapper\"><p><strong>KOORDINATIONSTABELLE \u2013 2017<\/strong><\/p>\n<p>Der Koordinationstisch ist das Entscheidungs- und aktive Beteiligungsinstrument im Netzwerk, um die Zusammenarbeit zwischen allen ihm angeschlossenen Strukturen zu f\u00f6rdern und zu gew\u00e4hrleisten. Der Koordinierungstisch trifft sich mehrmals im Jahr auf Einladung des Pr\u00e4sidenten der Magnifica Comunit\u00e0 di Cadore.<\/p>\n<p>Die Zusammensetzung der Tabelle: \u2013 Pr\u00e4sident der Magnificent Community von Cadore, Renzo Bortolot \u2013 Direktor der Museen der Magnificent Community von Cadore, Matteo Da Deppo \u2013 Vittorino Cazzetta Museum, Diego Battiston \u2013 Ethnografisches Museum Giuseppe Fontana und Hausmuseum der l\u00e4ndlichen Zivilisation , Marcella Benedetti \u2013 Algudnei-Museum, Arrigo De Martin Matti\u00f2 \u2013 Molkereimuseum, Marco Vacca und Francesca Larese Fillon \u2013 Palazzo Corte Metto-Museum, Anna Vecellio \u2013 Al Pojat-Museum, Zeno Sagui<\/p>\n<\/div><\/div><\/div><\/div><div class=\"wpb_column vc_column_container\"><div class=\"vc_column-inner\"><div class=\"wpb_text_column\"><div class=\"wpb_wrapper\"><p><strong>WISSENSCHAFTLICHER AUSSCHUSS<\/strong><\/p>\n<p>Der wissenschaftliche Ausschuss hat die Aufgabe, Projekte und Aktivit\u00e4ten zur F\u00f6rderung und Weiterentwicklung des Museumsnetzwerks vorzuschlagen, zu entwickeln und zu koordinieren.<br \/>\nDie Bestandteile der Tabelle sind:<br \/>\n\u2013 Matteo Da Deppo, Vertreter des Netzwerkpersonals des Museums<br \/>\n\u2013 Iolanda Da Deppo, repr\u00e4sentative Expertin f\u00fcr ethnografische Fragen<br \/>\n\u2013 Elena Maierotti, Fachvertreterin f\u00fcr Museumsp\u00e4dagogik<br \/>\n\u2013 Diego Battiston, Expertenvertreter im arch\u00e4ologischen Bereich<\/p>\n<\/div><\/div><\/div><\/div><div class=\"wpb_column vc_column_container\"><div class=\"vc_column-inner\"><div class=\"wpb_text_column\"><div class=\"wpb_wrapper\"><p><strong>SATZUNG<\/strong><\/p>\n<p>B\u00fcro des Museumsnetzwerks Cadore \u2013 Dolomiten: Palast der Pr\u00e4chtigen Gemeinschaft Cadore, Piazza Tiziano, 2 32044 Pieve di Cadore (BL)<\/p>\n<\/div><\/div><div class=\"w-separator size_small\"><\/div><div class=\"w-image align_none\"><div class=\"w-image-h\"><img width=\"566\" height=\"800\" src=\"https:\/\/www.museicadoredolomiti.it\/wp-content\/uploads\/2023\/08\/RETE-DEI-MUSEI-DEL-CADORE-PROTOCOLLO-D-INTESA-6.jpg\" class=\"attachment-full size-full\" alt=\"\" decoding=\"async\" loading=\"lazy\" srcset=\"https:\/\/www.museicadoredolomiti.it\/wp-content\/uploads\/2023\/08\/RETE-DEI-MUSEI-DEL-CADORE-PROTOCOLLO-D-INTESA-6.jpg 566w, https:\/\/www.museicadoredolomiti.it\/wp-content\/uploads\/2023\/08\/RETE-DEI-MUSEI-DEL-CADORE-PROTOCOLLO-D-INTESA-6-212x300.jpg 212w\" sizes=\"(max-width: 566px) 100vw, 566px\" \/><\/div><\/div><\/div><\/div><\/div><\/div><\/div><\/div><\/div><\/section><section class=\"l-section wpb_row height_medium\"><div class=\"l-section-h i-cf\"><div class=\"g-cols vc_row via_grid cols_1 laptops-cols_inherit tablets-cols_inherit mobiles-cols_1 valign_top type_default stacking_default\"><div class=\"wpb_column vc_column_container\"><div class=\"vc_column-inner\"><div class=\"g-cols wpb_row via_grid cols_2 laptops-cols_inherit tablets-cols_inherit mobiles-cols_1 valign_top type_default stacking_default\"><div class=\"wpb_column vc_column_container\"><div class=\"vc_column-inner\"><div class=\"wpb_text_column\"><div class=\"wpb_wrapper\"><p><strong>DAS PROJEKT<\/strong><\/p>\n<p>Das Cadore Dolomiti Museum Network, finanziert im Rahmen des Projektprogramms Interreg IV Italien \u2013 \u00d6sterreich Werbemuseum, wurde im Februar 2013 mit dem Ziel gegr\u00fcndet, das reiche und vielf\u00e4ltige lokale Museumserbe optimal zu nutzen.<\/p>\n<p>9 gro\u00dfe und kleine lokale Einrichtungen haben sich dem Netzwerk angeschlossen und nach einer langen Vorbereitungsphase das Bewusstsein erlangt, dass die Zusammenarbeit Folgendes erm\u00f6glicht: eine effektivere Planung und Koordinierung von Werbe- und Aufwertungsaktivit\u00e4ten; die Anwendung von Qualit\u00e4tsstandards in gro\u00dfem Umfang zu entwickeln; die zur Erreichung dieser Ziele erforderlichen Einsparungen zu erzielen.<\/p>\n<p>Die Pr\u00e4chtige Gemeinschaft von Cadore, die f\u00fchrende K\u00f6rperschaft, ist eine alte Institution, die bereits im 14. Jahrhundert gegr\u00fcndet wurde.<\/p>\n<\/div><\/div><\/div><\/div><div class=\"wpb_column vc_column_container\"><div class=\"vc_column-inner\"><div class=\"wpb_text_column\"><div class=\"wpb_wrapper\"><p><strong>DIE HERRLICHE GEMEINSCHAFT VON CADORE<\/strong><\/p>\n<p>Die Pr\u00e4chtige Gemeinschaft von Cadore repr\u00e4sentiert seit Jahrhunderten die autonome Regierung der Cadore-Bev\u00f6lkerung und konnte ihre Unabh\u00e4ngigkeit im Laufe der Zeit bewahren, vor allem dank einer komplexen politischen Organisation der Selbstverwaltung des Territoriums und der gegenseitigen Zusammenarbeit zwischen den umliegenden T\u00e4lern und D\u00f6rfer.<\/p>\n<p>Nach einer Zeit historischer Umw\u00e4lzungen, die mit der Aufl\u00f6sung der Organisation durch die Truppen Napoleons ihren H\u00f6hepunkt fand, hat die Magnificent Comunidad del Cadore, die 1875 als moralische Organisation wiederhergestellt wurde, die genaue Aufgabe, die kulturelle, spirituelle und wirtschaftliche Einheit des Territoriums zu repr\u00e4sentieren.<\/p>\n<p>Daher wollte die Institution auf einer konsolidierten historischen Grundlage die vielf\u00e4ltigen musealen Realit\u00e4ten der Region vereinen, um bestehende Beziehungen zu festigen und neue zuk\u00fcnftige Projekte zu entwickeln.<\/p>\n<\/div><\/div><\/div><\/div><\/div><\/div><\/div><\/div><\/div><\/section><section class=\"l-section wpb_row height_auto width_full\"><div class=\"l-section-h i-cf\"><div class=\"g-cols vc_row via_grid cols_2 laptops-cols_inherit tablets-cols_inherit mobiles-cols_1 valign_middle type_default stacking_default\"><div class=\"wpb_column vc_column_container\"><div class=\"vc_column-inner\"><div class=\"w-image align_none\"><div class=\"w-image-h\"><img width=\"754\" height=\"606\" src=\"https:\/\/www.museicadoredolomiti.it\/wp-content\/uploads\/2023\/08\/Palazzo-Magnifica-Comunita-dove-ce-ufficio-e1423315744766.jpg\" class=\"attachment-large size-large\" alt=\"\" decoding=\"async\" loading=\"lazy\" srcset=\"https:\/\/www.museicadoredolomiti.it\/wp-content\/uploads\/2023\/08\/Palazzo-Magnifica-Comunita-dove-ce-ufficio-e1423315744766.jpg 754w, https:\/\/www.museicadoredolomiti.it\/wp-content\/uploads\/2023\/08\/Palazzo-Magnifica-Comunita-dove-ce-ufficio-e1423315744766-300x241.jpg 300w\" sizes=\"(max-width: 754px) 100vw, 754px\" \/><\/div><\/div><\/div><\/div><div class=\"wpb_column vc_column_container\"><div class=\"vc_column-inner\"><div class=\"wpb_text_column\"><div class=\"wpb_wrapper\"><p><strong>DAS NETZWERK ARBEITET INSBESONDERE AUF VERSCHIEDENEN INTERVENTIONSEBENEN:<\/strong><\/p>\n<ul>\n<li>Koordination und Finanzierung<\/li>\n<li>F\u00f6rderung und Valorisierung<\/li>\n<li>Aufsetzen und Organisieren von Veranstaltungen Kulturberatung<\/li>\n<li>Empfang und Einbindung von Praktikanten \/ Jugendlichen \/ etc. in der lokalen kulturellen Realit\u00e4t<\/li>\n<\/ul>\n<\/div><\/div><\/div><\/div><\/div><\/div><\/section><section class=\"l-section wpb_row us_custom_b7a68ffe height_medium\"><div class=\"l-section-h i-cf\"><div class=\"g-cols vc_row via_grid cols_1 laptops-cols_inherit tablets-cols_inherit mobiles-cols_1 valign_top type_default stacking_default\"><div class=\"wpb_column vc_column_container\"><div class=\"vc_column-inner\"><div class=\"w-grid us_custom_6df4bc3a has_text_color type_carousel layout_8408\" id=\"us_grid_1\" style=\"--gap:1.5rem;\"><style>.layout_8408 .w-grid-item-h{}.layout_8408 .usg_hwrapper_1{margin-top:0.5rem!important}.layout_8408 .usg_vwrapper_2{padding-left:2rem!important;padding-top:3.5rem!important}.layout_8408 .usg_post_custom_field_3{color:var(--color-content-link)!important;font-size:2rem!important;line-height:1!important;position:absolute!important;left:0!important;top:0!important}<\/style><div class=\"w-grid-list owl-carousel navstyle_circle navpos_outside with_dots\">\t<article class=\"w-grid-item post-9450 us_testimonial type-us_testimonial status-publish has-post-thumbnail hentry\" data-id=\"9450\">\r\n\t\t<div class=\"w-grid-item-h\">\r\n\t\t\t\t\t\t<div class=\"w-vwrapper usg_vwrapper_2 align_center valign_top\"><div class=\"w-post-elm post_custom_field usg_post_custom_field_3 has_text_color type_text  color_link_inherit\"><i class=\"fas fa-quote-left\"><\/i><span class=\"w-post-elm-value\"><\/span><\/div><div class=\"w-post-elm post_content usg_post_content_1\"><p>Auf dem R\u00fcckweg zum Molin\u00e0 verlie\u00dfen wir die Landstra\u00dfe und fuhren \u00fcber die Laghetti di Lagole zur\u00fcck nach Pieve &#8230; Es war ein Vergn\u00fcgen, jenseits der Grenzen der Wildnis von Lagole einen sch\u00f6nen Pinienwald zu betreten, der die steilen H\u00e4nge einer Wildbachschlucht mit einem Teppich aus wilden Blumen und Gr\u00e4sern kleidet, und einen klaren, sprudelnden Bach, der in winzigen Kaskaden von Fels zu Fels springt&#8230;<\/p>\n<\/div><div class=\"w-hwrapper usg_hwrapper_1 align_left valign_middle\"><div class=\"w-vwrapper usg_vwrapper_1 align_left valign_top\"><h6 class=\"w-post-elm post_title usg_post_title_1 entry-title color_link_inherit\"><a href=\"https:\/\/www.museicadoredolomiti.it\/de\/?post_type=us_testimonial&amp;p=9450\">ALEXANDER ROBERTSON, D.D. THROUGH THE DOLOMITES &#8211; LONDON &#8211; 1903<\/a><\/h6><\/div><\/div><\/div>\t\t<\/div>\r\n\t<\/article>\r\n\t<article class=\"w-grid-item post-9442 us_testimonial type-us_testimonial status-publish has-post-thumbnail hentry\" data-id=\"9442\">\r\n\t\t<div class=\"w-grid-item-h\">\r\n\t\t\t\t\t\t<div class=\"w-vwrapper usg_vwrapper_2 align_center valign_top\"><div class=\"w-post-elm post_custom_field usg_post_custom_field_3 has_text_color type_text  color_link_inherit\"><i class=\"fas fa-quote-left\"><\/i><span class=\"w-post-elm-value\"><\/span><\/div><div class=\"w-post-elm post_content usg_post_content_1\">[\u2026] Pieve, das fr\u00f6hlich zwischen den H\u00fcgeln sitzt und das leise Rauschen des Piave h\u00f6rt, Auronzo, das sch\u00f6n in der Ebene liegt und sich lang zwischen den Gew\u00e4ssern unterhalb des d\u00fcsteren Ajarnola erstreckt, und Lorenzago, das offen zwischen den abfallenden Feldern liegt, die das Tal in der Mitte beherrschen, und mit verstreuten Weilern, die zwischen den Kiefern und Tannen versteckt sind, das ganze gr\u00fcne Comelico [\u2026]\n<\/div><div class=\"w-hwrapper usg_hwrapper_1 align_left valign_middle\"><div class=\"w-vwrapper usg_vwrapper_1 align_left valign_top\"><h6 class=\"w-post-elm post_title usg_post_title_1 entry-title color_link_inherit\"><a href=\"https:\/\/www.museicadoredolomiti.it\/de\/?post_type=us_testimonial&amp;p=9442\">GIOSU\u00c8 CARDUCCI &#8211; ODE AL CADORE, 1892<\/a><\/h6><\/div><\/div><\/div>\t\t<\/div>\r\n\t<\/article>\r\n\t<article class=\"w-grid-item post-9448 us_testimonial type-us_testimonial status-publish has-post-thumbnail hentry\" data-id=\"9448\">\r\n\t\t<div class=\"w-grid-item-h\">\r\n\t\t\t\t\t\t<div class=\"w-vwrapper usg_vwrapper_2 align_center valign_top\"><div class=\"w-post-elm post_custom_field usg_post_custom_field_3 has_text_color type_text  color_link_inherit\"><i class=\"fas fa-quote-left\"><\/i><span class=\"w-post-elm-value\"><\/span><\/div><div class=\"w-post-elm post_content usg_post_content_1\"><p>\u2026erhellt von schmalen, gl\u00e4nzenden mittelalterlichen Fenstern, ist wirklich unscheinbar und im Gro\u00dfen und Ganzen auch unattraktiv, aber es&#8230; war Tizians Zuhause. Zweifellos muss es anders ausgesehen haben, als er ein Kind war und vor dem Eingang, auf dem grasbewachsenen Vorplatz spielte&#8230; Eines ist sicher: der angenehme gr\u00fcne H\u00fcgel sch\u00fctzte das Haus (das von Tizian) auch in jenen fernen Jahren vor den kalten Ostwinden und dem Duranno-Kamm, der sich am Mittagshorizont abzeichnete, und der Wald, damals wie heute, fiel zum Tal hin ab, wo ein Saumpfad hinabf\u00fchrte, der auf die Stra\u00dfe nach Venedig traf.<\/p>\n<\/div><div class=\"w-hwrapper usg_hwrapper_1 align_left valign_middle\"><div class=\"w-vwrapper usg_vwrapper_1 align_left valign_top\"><h6 class=\"w-post-elm post_title usg_post_title_1 entry-title color_link_inherit\"><a href=\"https:\/\/www.museicadoredolomiti.it\/de\/?post_type=us_testimonial&amp;p=9448\">AMELIA EDWARDS UNTRODDEN PEAKS AND UNFREQUENTED VALLEYS &#8211; LONDRA &#8211; 1872\/1890<\/a><\/h6><\/div><\/div><\/div>\t\t<\/div>\r\n\t<\/article>\r\n\t<article class=\"w-grid-item post-9446 us_testimonial type-us_testimonial status-publish has-post-thumbnail hentry\" data-id=\"9446\">\r\n\t\t<div class=\"w-grid-item-h\">\r\n\t\t\t\t\t\t<div class=\"w-vwrapper usg_vwrapper_2 align_center valign_top\"><div class=\"w-post-elm post_custom_field usg_post_custom_field_3 has_text_color type_text  color_link_inherit\"><i class=\"fas fa-quote-left\"><\/i><span class=\"w-post-elm-value\"><\/span><\/div><div class=\"w-post-elm post_content usg_post_content_1\"><p>Man muss den Hunger auf der Stra\u00dfe und in dieser H\u00f6he gekannt haben, um zu verstehen, wie wertvoll Brot und K\u00e4se! Ich hatte mich nicht weit entfernt auf einen Felsen gesetzt, vor dem vom Sonnenuntergang erleuchteten Himmel, und alles hatte sich um mich herum beruhigt, die d\u00fcsteren Gedanken waren vertrieben, der Optimismus war zur\u00fcckgekehrt, der Glaube an den Sieg. Ich kramte mein Notizbuch hervor und \u00fcberflog, gierig essend, die Reiseroute, die Quoten, die Notizen \u00fcber Waffen und Verteidigungsanlagen&#8230;<\/p>\n<\/div><div class=\"w-hwrapper usg_hwrapper_1 align_left valign_middle\"><div class=\"w-vwrapper usg_vwrapper_1 align_left valign_top\"><h6 class=\"w-post-elm post_title usg_post_title_1 entry-title color_link_inherit\"><a href=\"https:\/\/www.museicadoredolomiti.it\/de\/?post_type=us_testimonial&amp;p=9446\">EDGARDO ROSSARO LA MIA GUERRA GIOCONDA &#8211; 1939<\/a><\/h6><\/div><\/div><\/div>\t\t<\/div>\r\n\t<\/article>\r\n\t<article class=\"w-grid-item post-9440 us_testimonial type-us_testimonial status-publish has-post-thumbnail hentry\" data-id=\"9440\">\r\n\t\t<div class=\"w-grid-item-h\">\r\n\t\t\t\t\t\t<div class=\"w-vwrapper usg_vwrapper_2 align_center valign_top\"><div class=\"w-post-elm post_custom_field usg_post_custom_field_3 has_text_color type_text  color_link_inherit\"><i class=\"fas fa-quote-left\"><\/i><span class=\"w-post-elm-value\"><\/span><\/div><div class=\"w-post-elm post_content usg_post_content_1\">[\u2026 ] Der ber\u00fchmte Tizian wurde in Pieve geboren, dem Hauptschloss des Cadore, das der Durchlauchtigen Republik Venedig am treuesten ist. In der Mitte des Hauptplatzes befindet sich eine Quelle mit klarem und frischem Wasser, die mit ihrem sanften Murmeln das Auge erfreut und das Ohr tr\u00f6stet; rundherum befinden sich edle Pal\u00e4ste, darunter das Geburtshaus von Tizian, das sich im Arsenale befindet.<\/p>\n<\/div><div class=\"w-hwrapper usg_hwrapper_1 align_left valign_middle\"><div class=\"w-vwrapper usg_vwrapper_1 align_left valign_top\"><h6 class=\"w-post-elm post_title usg_post_title_1 entry-title color_link_inherit\"><a href=\"https:\/\/www.museicadoredolomiti.it\/de\/?post_type=us_testimonial&amp;p=9440\">TIZIANELLO &#8211; BREVE COMPENDIO DELLA VITA DI TIZIANO, 1622<\/a><\/h6><\/div><\/div><\/div>\t\t<\/div>\r\n\t<\/article>\r\n\t<article class=\"w-grid-item post-9444 us_testimonial type-us_testimonial status-publish has-post-thumbnail hentry\" data-id=\"9444\">\r\n\t\t<div class=\"w-grid-item-h\">\r\n\t\t\t\t\t\t<div class=\"w-vwrapper usg_vwrapper_2 align_center valign_top\"><div class=\"w-post-elm post_custom_field usg_post_custom_field_3 has_text_color type_text  color_link_inherit\"><i class=\"fas fa-quote-left\"><\/i><span class=\"w-post-elm-value\"><\/span><\/div><div class=\"w-post-elm post_content usg_post_content_1\"><p>Als ich zw\u00f6lf Jahre alt war, ging ich mit meinem \u00e4lteren Bruder zum ersten Mal nach Mailand, wo ich in einer Taverne am Corso Buenos Ayres arbeitete, dann in einem Pferdezirkus, und schlie\u00dflich war ich Stra\u00dfenverk\u00e4uferin f\u00fcr Geb\u00e4ck. Nach einem Jahr kehrte ich nach Zopp\u00e8 zur\u00fcck, wo ich zum ersten Mal einen Maler beim Malen sah. Ich trug seine Werkzeuge und befestigte seine Staffelei mit gro\u00dfen Steinen, wenn der Wind wehte. Einmal hielt ich eine Kuh, die f\u00fcr ein paar Stunden an einer L\u00e4rche angebunden war. Von diesem Maler, der Masotto hie\u00df, erfuhr ich, dass es in Verona eine Malschule gab. Im folgenden Jahr schrieb ich mich an der Accademia Cignarola ein.<\/p>\n<\/div><div class=\"w-hwrapper usg_hwrapper_1 align_left valign_middle\"><div class=\"w-vwrapper usg_vwrapper_1 align_left valign_top\"><h6 class=\"w-post-elm post_title usg_post_title_1 entry-title color_link_inherit\"><a href=\"https:\/\/www.museicadoredolomiti.it\/de\/?post_type=us_testimonial&amp;p=9444\">FIORENZO TOMEA &#8211; CATALOGO MOSTRA PERSONALE &#8211; GENOVA &#8211; 1938<\/a><\/h6><\/div><\/div><\/div>\t\t<\/div>\r\n\t<\/article>\r\n\t<article class=\"w-grid-item post-9438 us_testimonial type-us_testimonial status-publish has-post-thumbnail hentry\" data-id=\"9438\">\r\n\t\t<div class=\"w-grid-item-h\">\r\n\t\t\t\t\t\t<div class=\"w-vwrapper usg_vwrapper_2 align_center valign_top\"><div class=\"w-post-elm post_custom_field usg_post_custom_field_3 has_text_color type_text  color_link_inherit\"><i class=\"fas fa-quote-left\"><\/i><span class=\"w-post-elm-value\"><\/span><\/div><div class=\"w-post-elm post_content usg_post_content_1\">[\u2026] hier, wo der Blick das Land von Tizian umarmt, w\u00e4hrend der Abend den Pelmo purpurrot und die leuchtenden Wolken karminrot f\u00e4rbt, wo kein Ger\u00e4usch uns erreicht, au\u00dfer dem langsamen, modulierten L\u00e4uten der Glocken, die den Abend ank\u00fcndigen und uns durch den Raum das Gef\u00fchl von Schicksal und Geheimnis vermitteln<\/p>\n<\/div><div class=\"w-hwrapper usg_hwrapper_1 align_left valign_middle\"><div class=\"w-vwrapper usg_vwrapper_1 align_left valign_top\"><h6 class=\"w-post-elm post_title usg_post_title_1 entry-title color_link_inherit\"><a href=\"https:\/\/www.museicadoredolomiti.it\/de\/?post_type=us_testimonial&amp;p=9438\">JOSIAH GILBERT \u2013 CADORE. TERRA DI TIZIANO, 1869<\/a><\/h6><\/div><\/div><\/div>\t\t<\/div>\r\n\t<\/article>\r\n<\/div><div class=\"g-preloader type_1\">\r\n\t<div><\/div>\r\n<\/div>\r\n\t<div class=\"w-grid-json hidden\" onclick='return {&quot;action&quot;:&quot;us_ajax_grid&quot;,&quot;ajax_url&quot;:&quot;https:\\\/\\\/www.museicadoredolomiti.it\\\/wp-admin\\\/admin-ajax.php&quot;,&quot;infinite_scroll&quot;:0,&quot;max_num_pages&quot;:1,&quot;pagination&quot;:&quot;none&quot;,&quot;permalink_url&quot;:&quot;https:\\\/\\\/www.museicadoredolomiti.it\\\/de\\\/wp-json\\\/wp\\\/v2\\\/pages\\\/9078\\\/&quot;,&quot;template_vars&quot;:{&quot;columns&quot;:&quot;1&quot;,&quot;exclude_items&quot;:&quot;none&quot;,&quot;img_size&quot;:&quot;default&quot;,&quot;ignore_items_size&quot;:0,&quot;items_layout&quot;:&quot;8408&quot;,&quot;items_offset&quot;:&quot;1&quot;,&quot;load_animation&quot;:&quot;none&quot;,&quot;overriding_link&quot;:&quot;%7B%22url%22%3A%22%22%7D&quot;,&quot;post_id&quot;:0,&quot;query_args&quot;:{&quot;post_type&quot;:[&quot;us_testimonial&quot;],&quot;post_status&quot;:[&quot;publish&quot;],&quot;posts_per_page&quot;:&quot;12&quot;},&quot;orderby_query_args&quot;:{&quot;orderby&quot;:&quot;RAND(2132808557)&quot;},&quot;type&quot;:&quot;carousel&quot;,&quot;us_grid_ajax_index&quot;:1,&quot;us_grid_filter_params&quot;:null,&quot;us_grid_index&quot;:1,&quot;_us_grid_post_type&quot;:&quot;us_testimonial&quot;,&quot;page_args&quot;:[],&quot;lang&quot;:&quot;de&quot;},&quot;carousel_settings&quot;:{&quot;autoHeight&quot;:0,&quot;autoplay&quot;:0,&quot;carousel_fade&quot;:0,&quot;center&quot;:0,&quot;dots&quot;:1,&quot;items&quot;:&quot;1&quot;,&quot;loop&quot;:false,&quot;nav&quot;:0,&quot;slideby&quot;:&quot;1&quot;,&quot;smooth_play&quot;:0,&quot;speed&quot;:250,&quot;timeout&quot;:3000,&quot;transition&quot;:&quot;&quot;,&quot;aria_labels&quot;:{&quot;prev&quot;:&quot;Zur\\u00fcck&quot;,&quot;next&quot;:&quot;Weiter&quot;}},&quot;carousel_breakpoints&quot;:{&quot;0&quot;:{&quot;autoHeight&quot;:0,&quot;autoplay&quot;:1,&quot;autoplayHoverPause&quot;:1,&quot;items&quot;:1,&quot;loop&quot;:true,&quot;stagePadding&quot;:0},&quot;601&quot;:{&quot;autoHeight&quot;:0,&quot;autoplay&quot;:1,&quot;autoplayHoverPause&quot;:1,&quot;items&quot;:&quot;1&quot;,&quot;loop&quot;:true,&quot;stagePadding&quot;:0},&quot;1025&quot;:{&quot;autoHeight&quot;:0,&quot;autoplay&quot;:1,&quot;autoplayHoverPause&quot;:1,&quot;items&quot;:&quot;1&quot;,&quot;loop&quot;:true,&quot;stagePadding&quot;:0},&quot;1281&quot;:{&quot;items&quot;:1,&quot;stagePadding&quot;:0}}}'><\/div>\r\n\t<\/div><\/div><\/div><\/div><\/div><\/section>\n","protected":false},"excerpt":{"rendered":"[\u2026] hier, wo der Blick das Land von Tizian umarmt, w\u00e4hrend der Abend den Pelmo purpurrot und die leuchtenden Wolken karminrot f\u00e4rbt, wo kein Ger\u00e4usch uns erreicht, au\u00dfer dem langsamen, modulierten L\u00e4uten der Glocken, die den Abend ank\u00fcndigen und uns durch den Raum das Gef\u00fchl von Schicksal und Geheimnis vermitteln","protected":false},"author":1,"featured_media":0,"parent":0,"menu_order":0,"comment_status":"closed","ping_status":"closed","template":"","meta":{"footnotes":""},"_links":{"self":[{"href":"https:\/\/www.museicadoredolomiti.it\/de\/wp-json\/wp\/v2\/pages\/9078"}],"collection":[{"href":"https:\/\/www.museicadoredolomiti.it\/de\/wp-json\/wp\/v2\/pages"}],"about":[{"href":"https:\/\/www.museicadoredolomiti.it\/de\/wp-json\/wp\/v2\/types\/page"}],"author":[{"embeddable":true,"href":"https:\/\/www.museicadoredolomiti.it\/de\/wp-json\/wp\/v2\/users\/1"}],"replies":[{"embeddable":true,"href":"https:\/\/www.museicadoredolomiti.it\/de\/wp-json\/wp\/v2\/comments?post=9078"}],"version-history":[{"count":4,"href":"https:\/\/www.museicadoredolomiti.it\/de\/wp-json\/wp\/v2\/pages\/9078\/revisions"}],"predecessor-version":[{"id":9501,"href":"https:\/\/www.museicadoredolomiti.it\/de\/wp-json\/wp\/v2\/pages\/9078\/revisions\/9501"}],"wp:attachment":[{"href":"https:\/\/www.museicadoredolomiti.it\/de\/wp-json\/wp\/v2\/media?parent=9078"}],"curies":[{"name":"wp","href":"https:\/\/api.w.org\/{rel}","templated":true}]}}