{"id":9283,"date":"2023-09-27T21:30:10","date_gmt":"2023-09-27T19:30:10","guid":{"rendered":"https:\/\/www.museicadoredolomiti.it\/?page_id=9283"},"modified":"2023-10-09T11:56:10","modified_gmt":"2023-10-09T09:56:10","slug":"das-museum-der-paepste","status":"publish","type":"page","link":"https:\/\/www.museicadoredolomiti.it\/de\/das-museum-der-paepste\/","title":{"rendered":"Das Museum der P\u00e4pste"},"content":{"rendered":"<section class=\"l-section wpb_row height_medium color_primary with_img\"><div class=\"l-section-img\" role=\"img\" data-img-width=\"2073\" data-img-height=\"1382\" style=\"background-image: url(https:\/\/www.museicadoredolomiti.it\/wp-content\/uploads\/2023\/10\/IMG_5134.jpg);background-repeat: no-repeat;\"><\/div><div class=\"l-section-overlay\" style=\"background:rgba(2,2,2,0.67)\"><\/div><div class=\"l-section-h i-cf\"><div class=\"g-cols vc_row via_grid cols_1 laptops-cols_inherit tablets-cols_inherit mobiles-cols_1 valign_top type_default stacking_default\"><div class=\"wpb_column vc_column_container\"><div class=\"vc_column-inner\"><div class=\"wpb_text_column\"><div class=\"wpb_wrapper\"><h1 style=\"text-align: center;\">Das Museum der P\u00e4pste<\/h1>\n<\/div><\/div><div class=\"w-separator size_small\"><\/div><div class=\"w-iconbox iconpos_top style_default color_custom align_center no_text no_title\"><a href=\"#intro\" class=\"w-iconbox-link\" aria-label=\"far|chevron-down\"><div class=\"w-iconbox-icon\" style=\"font-size:3rem;--icon-color:#ffffff;\"><i class=\"far fa-chevron-down\"><\/i><\/div><\/a><div class=\"w-iconbox-meta\"><\/div><\/div><div class=\"w-separator size_medium\"><\/div><\/div><\/div><\/div><\/div><\/section><section class=\"l-section wpb_row height_medium width_custom color_alternate\" style=\"--site-content-width:800px;\" id=\"intro\"><div class=\"l-section-overlay\" style=\"background:#E32119\"><\/div><div class=\"l-section-h i-cf\"><div class=\"g-cols vc_row via_grid cols_1 laptops-cols_inherit tablets-cols_inherit mobiles-cols_1 valign_top type_default stacking_default\"><div class=\"wpb_column vc_column_container\"><div class=\"vc_column-inner\"><div class=\"wpb_text_column\"><div class=\"wpb_wrapper\"><p>[vc_custom_heading text=&#8220;Das Museumsnetzwerk: Kultur und Territorium, die gef\u00f6rdert und gesch\u00fctzt werden m\u00fcssen.&#8220; font_container=&#8220;tag:h3|text_align:center|color:%23ffffff&#8220; use_theme_fonts=&#8220;yes&#8220;]<\/p>\n<\/div><\/div><\/div><\/div><\/div><\/div><\/section><section class=\"l-section wpb_row height_medium\"><div class=\"l-section-h i-cf\"><div class=\"g-cols vc_row via_grid cols_1 laptops-cols_inherit tablets-cols_1 mobiles-cols_1 valign_top type_default stacking_default\"><div class=\"wpb_column vc_column_container\"><div class=\"vc_column-inner\"><div class=\"wpb_text_column\"><div class=\"wpb_wrapper\"><p>Lorenzago di Cadore ist eine kleine Stadt mit 600 Einwohnern in Venetien, im oberen Teil der Provinz Belluno, die Cadore \u00fcber den Mauria-Pass mit Karnien verbindet und ein Grenzgebiet der Provinz und der Region bildet. Seit den letzten Jahrzehnten des 19. Jahrhunderts war Lorenzago ein beliebter Ferienort, doch die Stadt erlangte weltweite Ber\u00fchmtheit, vor allem weil sie den Sommeraufenthalt zweier P\u00e4pste beherbergte. Der heilige Johannes Paul II. entschied sich sieben Mal f\u00fcr einen Aufenthalt in Lorenzago, w\u00e4hrend Benedikt XVI. stattdessen im Juli 2007 einen Urlaub in der Gegend verbrachte.<br \/>\nIm Jahr 2005, nach dem Tod des Heiligen Johannes Paul II., beschloss eine Gruppe junger Freiwilliger mit Unterst\u00fctzung des damaligen Pfarrers von Lorenzago, Don Sergio De Martin, den sechs p\u00e4pstlichen Pr\u00e4senzen in der kleinen Stadt Cadore etwas Greifbares zu widmen. Das seit einigen Jahren ungenutzte historische Pfarrhausgeb\u00e4ude war der geeignetste Ort f\u00fcr eine Dauerausstellung, die der Anwesenheit dieser ber\u00fchmten Pers\u00f6nlichkeit gewidmet ist, und wurde aus diesem Grund restauriert. Das Geb\u00e4ude aus dem 19. Jahrhundert besteht aus Steinen, die beim Abriss des Glockenturms gewonnen wurden. Es verf\u00fcgt \u00fcber einen gro\u00dfen zentralen Korridor und vier Nebenr\u00e4ume, die an die alten Herrenh\u00e4user der Vergangenheit erinnern. Dieses Geb\u00e4ude war w\u00e4hrend der gesamten sechzig Jahre seines Dienstes das Zuhause des Pfarrers Don Sesto Da Pra, der Wojtyla in seinen Ferien immer willkommen hie\u00df, so sehr, dass er eine Beziehung der Wertsch\u00e4tzung und tiefer Freundschaft zu ihm aufbaute. Aus diesem Grund befindet sich im Erdgeschoss sein B\u00fcro mit Fotos und Erinnerungen an den Priester, der von 1940 bis 2000 die Wiegen und Gr\u00e4ber von Lorenzago gesehen hat.<\/p>\n<p>Die Ausstellung zeichnet sich durch Fotos aus, die den Heiligen Vater in besonderen offiziellen Momenten und inmitten der Natur darstellen, und wurde im Laufe der Zeit mit sehr wertvollen Objekten bereichert, die Karol Wojtyla geh\u00f6rten und direkt von seinem Privatsekret\u00e4r und Ehrenb\u00fcrger von Lorenzago gespendet wurden , dem Kardinalerzbischof von Krakau Stanislao Dziwisz, dem emeritierten Bischof von Belluno-Feltre Mons. Maffeo Ducoli, dem Kommendator Camillo Cibin, dem ehemaligen Chef der vatikanischen Gendarmerie, und anderen Freunden, denen diese Initiative am Herzen liegt. Zu den wichtigen Gegenst\u00e4nden geh\u00f6ren ein wei\u00dfes Gewand, eine Kasel mit dem p\u00e4pstlichen Wappen, ein Paar klassische rote Lederschuhe, Spazierst\u00f6cke und die Bank, auf der man sich im Wald ausruhen kann. aber auch Gegenst\u00e4nde, die dem Papst w\u00e4hrend seiner Reisen gespendet wurden, darunter \u00dcberreste von Speeren aus Burundi, ein Holzschild aus Papua-Neuguinea und eine Reihe von Medaillen, die anl\u00e4sslich p\u00e4pstlicher Reisen gepr\u00e4gt wurden. Der der Kontemplation gewidmete Raum bewegt sich mit einem eindrucksvollen Foto von Papst Wojtyla, der sich an das Kreuz klammert, und einer kostbaren Reliquie, die direkt aus Krakau eingetroffen ist. Im Inneren des Geb\u00e4udes befindet sich auch ein Vorf\u00fchrraum, in dem die Filme ausgestrahlt werden, die w\u00e4hrend der sechs Aufenthalte im Cadore entstanden sind.<\/p>\n<p>Seit 2007 ist ein Raum der Anwesenheit von Papst Benedikt XVI. gewidmet, der in die Fu\u00dfstapfen seines Vorg\u00e4ngers treten und etwa drei Wochen in Lorenzago verbringen wollte. In diesem Raum finden wir Fotos, die im Gr\u00fcnen der Natur aufgenommen wurden, den Hocker, auf dem Papst Ratzinger Klavier spielte, und die Kniebank, die er beim Besuch der Pfarrkirche benutzte. Dank verschiedener Kooperationen werden dann jedes Jahr einige bedeutende Zeugnisse oder Objekte der Anwesenheit der beiden P\u00e4pste in das Museum aufgenommen, die das bestehende Erbe erweitern.<\/p>\n<p>Das Museum ist im Sommer t\u00e4glich ge\u00f6ffnet, den Rest des Jahres kann es nach vorheriger Reservierung besichtigt werden. Die Verwaltung der Struktur erfolgt in Zusammenarbeit mit der Pfarrei Lorenzago.<\/p>\n<\/div><\/div><\/div><\/div><\/div><\/div><\/section><section class=\"l-section wpb_row us_custom_9d1e26d6 height_small\"><div class=\"l-section-overlay\" style=\"background:#f5f5f5\"><\/div><div class=\"l-section-h i-cf\"><div class=\"g-cols vc_row via_grid cols_1 laptops-cols_inherit tablets-cols_inherit mobiles-cols_1 valign_top type_default stacking_default\"><div class=\"wpb_column vc_column_container\"><div class=\"vc_column-inner\"><div class=\"g-cols wpb_row via_grid cols_4 laptops-cols_inherit tablets-cols_inherit mobiles-cols_1 valign_top type_default stacking_default\"><div class=\"wpb_column vc_column_container\"><div class=\"vc_column-inner\"><div class=\"w-iconbox iconpos_top style_default color_primary align_center no_text\"><a target=\"_blank\" href=\"https:\/\/maps.app.goo.gl\/NkK8tBLa37j7G2vdA\" class=\"w-iconbox-link\" aria-label=\"Via Costola, 26, 32040 Lorenzago di Cadore BL\"><div class=\"w-iconbox-icon\" style=\"font-size:2.5rem;\"><i class=\"fas fa-home\"><\/i><\/div><\/a><div class=\"w-iconbox-meta\"><a target=\"_blank\" href=\"https:\/\/maps.app.goo.gl\/NkK8tBLa37j7G2vdA\" class=\"w-iconbox-link\" aria-label=\"Via Costola, 26, 32040 Lorenzago di Cadore BL\"><p class=\"w-iconbox-title\">Via Costola, 26, 32040 Lorenzago di Cadore BL<\/p><\/a><\/div><\/div><\/div><\/div><div class=\"wpb_column vc_column_container\"><div class=\"vc_column-inner\"><div class=\"w-iconbox iconpos_top style_default color_primary align_center no_text\"><a target=\"_blank\" href=\"tel:+39043575188\" class=\"w-iconbox-link\" aria-label=\"+39 0435.75188\"><div class=\"w-iconbox-icon\" style=\"font-size:2.5rem;\"><i class=\"fas fa-phone\"><\/i><\/div><\/a><div class=\"w-iconbox-meta\"><a target=\"_blank\" href=\"tel:+39043575188\" class=\"w-iconbox-link\" aria-label=\"+39 0435.75188\"><p class=\"w-iconbox-title\">+39 0435.75188<\/p><\/a><\/div><\/div><\/div><\/div><div class=\"wpb_column vc_column_container\"><div class=\"vc_column-inner\"><div class=\"w-iconbox iconpos_top style_default color_primary align_center no_text\"><a target=\"_blank\" href=\"mailto:info@museodelpapa.it\" class=\"w-iconbox-link\" aria-label=\"info@museodelpapa.it\"><div class=\"w-iconbox-icon\" style=\"font-size:2.5rem;\"><i class=\"fas fa-envelope\"><\/i><\/div><\/a><div class=\"w-iconbox-meta\"><a target=\"_blank\" href=\"mailto:info@museodelpapa.it\" class=\"w-iconbox-link\" aria-label=\"info@museodelpapa.it\"><p class=\"w-iconbox-title\">info@museodelpapa.it<\/p><\/a><\/div><\/div><\/div><\/div><div class=\"wpb_column vc_column_container\"><div class=\"vc_column-inner\"><div class=\"w-iconbox iconpos_top style_default color_primary align_center no_text\"><a target=\"_blank\" href=\"http:\/\/www.museodelpapa.it\/\" class=\"w-iconbox-link\" aria-label=\"museodelpapa.it\"><div class=\"w-iconbox-icon\" style=\"font-size:2.5rem;\"><i class=\"fas fa-globe\"><\/i><\/div><\/a><div class=\"w-iconbox-meta\"><a target=\"_blank\" href=\"http:\/\/www.museodelpapa.it\/\" class=\"w-iconbox-link\" aria-label=\"museodelpapa.it\"><p class=\"w-iconbox-title\">museodelpapa.it<\/p><\/a><\/div><\/div><\/div><\/div><\/div><\/div><\/div><\/div><\/div><\/section><section class=\"l-section wpb_row height_medium\"><div class=\"l-section-h i-cf\"><div class=\"g-cols vc_row via_grid cols_1 laptops-cols_inherit tablets-cols_1 mobiles-cols_1 valign_top type_default stacking_default\"><div class=\"wpb_column vc_column_container\"><div class=\"vc_column-inner\"><div class=\"w-separator us_custom_d4e3aad0 size_custom\" style=\"height:70vh\"><\/div><div class=\"w-separator size_medium\"><\/div><div class=\"w-tabs layout_hor style_default switch_click has_scrolling\" style=\"--sections-title-size:1em\"><div class=\"w-tabs-list items_3 align_none\"><div class=\"w-tabs-list-h\"><button class=\"w-tabs-item active\" aria-controls=\"content-ga90\" aria-expanded=\"false\"><span class=\"w-tabs-item-title\">\u00d6ffnungszeiten<\/span><\/button><button class=\"w-tabs-item\" aria-controls=\"content-zc45\" aria-expanded=\"false\"><span class=\"w-tabs-item-title\">Preise<\/span><\/button><button class=\"w-tabs-item\" aria-controls=\"content-kde4\" aria-expanded=\"false\"><span class=\"w-tabs-item-title\">Zug\u00e4nglichkeit<\/span><\/button><\/div><\/div><div class=\"w-tabs-sections titles-align_none icon_chevron cpos_right\"><div class=\"w-tabs-section active\" id=\"ga90\"><button class=\"w-tabs-section-header active\" aria-controls=\"content-ga90\" aria-expanded=\"true\"><div class=\"w-tabs-section-title\">\u00d6ffnungszeiten<\/div><div class=\"w-tabs-section-control\"><\/div><\/button><div  class=\"w-tabs-section-content us_custom_2eb31b07\" id=\"content-ga90\"><div class=\"w-tabs-section-content-h i-cf\"><div class=\"wpb_text_column\"><div class=\"wpb_wrapper\"><p><strong>Im Juli und August von Dienstag bis Sonntag ge\u00f6ffnet.<\/strong><br \/>\n10:30-12:00<br \/>\n17:00-19:00<\/p>\n<p>F\u00fcr andere Bed\u00fcrfnisse nach Vereinbarung ge\u00f6ffnet.<\/p>\n<\/div><\/div><\/div><\/div><\/div><div class=\"w-tabs-section\" id=\"zc45\"><button class=\"w-tabs-section-header\" aria-controls=\"content-zc45\" aria-expanded=\"false\"><div class=\"w-tabs-section-title\">Preise<\/div><div class=\"w-tabs-section-control\"><\/div><\/button><div  class=\"w-tabs-section-content us_custom_2eb31b07\" id=\"content-zc45\"><div class=\"w-tabs-section-content-h i-cf\"><div class=\"wpb_text_column\"><div class=\"wpb_wrapper\"><p>Bezahlbar<\/p>\n<\/div><\/div><\/div><\/div><\/div><div class=\"w-tabs-section\" id=\"kde4\"><button class=\"w-tabs-section-header\" aria-controls=\"content-kde4\" aria-expanded=\"false\"><div class=\"w-tabs-section-title\">Zug\u00e4nglichkeit<\/div><div class=\"w-tabs-section-control\"><\/div><\/button><div  class=\"w-tabs-section-content us_custom_2eb31b07\" id=\"content-kde4\"><div class=\"w-tabs-section-content-h i-cf\"><div class=\"wpb_text_column\"><div class=\"wpb_wrapper\"><p>Parken in der N\u00e4he<\/p>\n<\/div><\/div><\/div><\/div><\/div><\/div><\/div><div class=\"w-separator size_medium\"><\/div><div class=\"w-grid type_carousel layout_gallery_cropped cols_4 valign_center ratio_1x1\" id=\"us_grid_1\" style=\"--gap:2px;\"><style>.layout_gallery_cropped .w-grid-item-h:before{padding-bottom:100%}.layout_gallery_cropped .w-grid-item-h{}.layout_gallery_cropped .usg_post_image_1{position:absolute!important;left:0!important;top:0!important;bottom:0!important;right:0!important}<\/style><div class=\"w-grid-list owl-carousel navstyle_circle navpos_inside with_dots\" style=\"--arrows-size:1.8rem;\">\t<article class=\"w-grid-item post-9535 attachment type-attachment status-inherit hentry\" data-id=\"9535\">\r\n\t\t<div class=\"w-grid-item-h\">\r\n\t\t\t\t\t\t<div class=\"w-post-elm post_image usg_post_image_1 stretched\"><img width=\"1024\" height=\"683\" src=\"https:\/\/www.museicadoredolomiti.it\/wp-content\/uploads\/2023\/10\/IMG_5161-1024x683.jpg\" class=\"attachment-large size-large\" alt=\"\" decoding=\"async\" loading=\"lazy\" srcset=\"https:\/\/www.museicadoredolomiti.it\/wp-content\/uploads\/2023\/10\/IMG_5161-1024x683.jpg 1024w, https:\/\/www.museicadoredolomiti.it\/wp-content\/uploads\/2023\/10\/IMG_5161-300x200.jpg 300w, https:\/\/www.museicadoredolomiti.it\/wp-content\/uploads\/2023\/10\/IMG_5161-1536x1024.jpg 1536w\" sizes=\"(max-width: 1024px) 100vw, 1024px\" \/><\/div>\t\t<\/div>\r\n\t<\/article>\r\n\t<article class=\"w-grid-item post-9532 attachment type-attachment status-inherit hentry\" data-id=\"9532\">\r\n\t\t<div class=\"w-grid-item-h\">\r\n\t\t\t\t\t\t<div class=\"w-post-elm post_image usg_post_image_1 stretched\"><img width=\"1024\" height=\"683\" src=\"https:\/\/www.museicadoredolomiti.it\/wp-content\/uploads\/2023\/10\/IMG_5149-1024x683.jpg\" class=\"attachment-large size-large\" alt=\"\" decoding=\"async\" loading=\"lazy\" srcset=\"https:\/\/www.museicadoredolomiti.it\/wp-content\/uploads\/2023\/10\/IMG_5149-1024x683.jpg 1024w, https:\/\/www.museicadoredolomiti.it\/wp-content\/uploads\/2023\/10\/IMG_5149-300x200.jpg 300w, https:\/\/www.museicadoredolomiti.it\/wp-content\/uploads\/2023\/10\/IMG_5149-1536x1024.jpg 1536w\" sizes=\"(max-width: 1024px) 100vw, 1024px\" \/><\/div>\t\t<\/div>\r\n\t<\/article>\r\n\t<article class=\"w-grid-item post-9529 attachment type-attachment status-inherit hentry\" data-id=\"9529\">\r\n\t\t<div class=\"w-grid-item-h\">\r\n\t\t\t\t\t\t<div class=\"w-post-elm post_image usg_post_image_1 stretched\"><img width=\"1024\" height=\"683\" src=\"https:\/\/www.museicadoredolomiti.it\/wp-content\/uploads\/2023\/10\/IMG_5141-1024x683.jpg\" class=\"attachment-large size-large\" alt=\"\" decoding=\"async\" loading=\"lazy\" srcset=\"https:\/\/www.museicadoredolomiti.it\/wp-content\/uploads\/2023\/10\/IMG_5141-1024x683.jpg 1024w, https:\/\/www.museicadoredolomiti.it\/wp-content\/uploads\/2023\/10\/IMG_5141-300x200.jpg 300w, https:\/\/www.museicadoredolomiti.it\/wp-content\/uploads\/2023\/10\/IMG_5141-1536x1024.jpg 1536w\" sizes=\"(max-width: 1024px) 100vw, 1024px\" \/><\/div>\t\t<\/div>\r\n\t<\/article>\r\n\t<article class=\"w-grid-item post-9526 attachment type-attachment status-inherit hentry\" data-id=\"9526\">\r\n\t\t<div class=\"w-grid-item-h\">\r\n\t\t\t\t\t\t<div class=\"w-post-elm post_image usg_post_image_1 stretched\"><img width=\"1024\" height=\"683\" src=\"https:\/\/www.museicadoredolomiti.it\/wp-content\/uploads\/2023\/10\/IMG_5137-1024x683.jpg\" class=\"attachment-large size-large\" alt=\"\" decoding=\"async\" loading=\"lazy\" srcset=\"https:\/\/www.museicadoredolomiti.it\/wp-content\/uploads\/2023\/10\/IMG_5137-1024x683.jpg 1024w, https:\/\/www.museicadoredolomiti.it\/wp-content\/uploads\/2023\/10\/IMG_5137-300x200.jpg 300w, https:\/\/www.museicadoredolomiti.it\/wp-content\/uploads\/2023\/10\/IMG_5137-1536x1024.jpg 1536w\" sizes=\"(max-width: 1024px) 100vw, 1024px\" \/><\/div>\t\t<\/div>\r\n\t<\/article>\r\n\t<article class=\"w-grid-item post-9523 attachment type-attachment status-inherit hentry\" data-id=\"9523\">\r\n\t\t<div class=\"w-grid-item-h\">\r\n\t\t\t\t\t\t<div class=\"w-post-elm post_image usg_post_image_1 stretched\"><img width=\"1024\" height=\"683\" src=\"https:\/\/www.museicadoredolomiti.it\/wp-content\/uploads\/2023\/10\/IMG_5136-1024x683.jpg\" class=\"attachment-large size-large\" alt=\"\" decoding=\"async\" loading=\"lazy\" srcset=\"https:\/\/www.museicadoredolomiti.it\/wp-content\/uploads\/2023\/10\/IMG_5136-1024x683.jpg 1024w, https:\/\/www.museicadoredolomiti.it\/wp-content\/uploads\/2023\/10\/IMG_5136-300x200.jpg 300w, https:\/\/www.museicadoredolomiti.it\/wp-content\/uploads\/2023\/10\/IMG_5136-1536x1024.jpg 1536w\" sizes=\"(max-width: 1024px) 100vw, 1024px\" \/><\/div>\t\t<\/div>\r\n\t<\/article>\r\n\t<article class=\"w-grid-item post-9520 attachment type-attachment status-inherit hentry\" data-id=\"9520\">\r\n\t\t<div class=\"w-grid-item-h\">\r\n\t\t\t\t\t\t<div class=\"w-post-elm post_image usg_post_image_1 stretched\"><img width=\"1024\" height=\"683\" src=\"https:\/\/www.museicadoredolomiti.it\/wp-content\/uploads\/2023\/10\/IMG_5134-1024x683.jpg\" class=\"attachment-large size-large\" alt=\"\" decoding=\"async\" loading=\"lazy\" srcset=\"https:\/\/www.museicadoredolomiti.it\/wp-content\/uploads\/2023\/10\/IMG_5134-1024x683.jpg 1024w, https:\/\/www.museicadoredolomiti.it\/wp-content\/uploads\/2023\/10\/IMG_5134-300x200.jpg 300w, https:\/\/www.museicadoredolomiti.it\/wp-content\/uploads\/2023\/10\/IMG_5134-1536x1024.jpg 1536w\" sizes=\"(max-width: 1024px) 100vw, 1024px\" \/><\/div>\t\t<\/div>\r\n\t<\/article>\r\n\t<article class=\"w-grid-item post-9517 attachment type-attachment status-inherit hentry\" data-id=\"9517\">\r\n\t\t<div class=\"w-grid-item-h\">\r\n\t\t\t\t\t\t<div class=\"w-post-elm post_image usg_post_image_1 stretched\"><img width=\"1024\" height=\"683\" src=\"https:\/\/www.museicadoredolomiti.it\/wp-content\/uploads\/2023\/10\/IMG_5133-1024x683.jpg\" class=\"attachment-large size-large\" alt=\"\" decoding=\"async\" loading=\"lazy\" srcset=\"https:\/\/www.museicadoredolomiti.it\/wp-content\/uploads\/2023\/10\/IMG_5133-1024x683.jpg 1024w, https:\/\/www.museicadoredolomiti.it\/wp-content\/uploads\/2023\/10\/IMG_5133-300x200.jpg 300w, https:\/\/www.museicadoredolomiti.it\/wp-content\/uploads\/2023\/10\/IMG_5133-1536x1024.jpg 1536w\" sizes=\"(max-width: 1024px) 100vw, 1024px\" \/><\/div>\t\t<\/div>\r\n\t<\/article>\r\n\t<article class=\"w-grid-item post-9514 attachment type-attachment status-inherit hentry\" data-id=\"9514\">\r\n\t\t<div class=\"w-grid-item-h\">\r\n\t\t\t\t\t\t<div class=\"w-post-elm post_image usg_post_image_1 stretched\"><img width=\"1024\" height=\"683\" src=\"https:\/\/www.museicadoredolomiti.it\/wp-content\/uploads\/2023\/10\/IMG_5131-1024x683.jpg\" class=\"attachment-large size-large\" alt=\"\" decoding=\"async\" loading=\"lazy\" srcset=\"https:\/\/www.museicadoredolomiti.it\/wp-content\/uploads\/2023\/10\/IMG_5131-1024x683.jpg 1024w, https:\/\/www.museicadoredolomiti.it\/wp-content\/uploads\/2023\/10\/IMG_5131-300x200.jpg 300w, https:\/\/www.museicadoredolomiti.it\/wp-content\/uploads\/2023\/10\/IMG_5131-1536x1024.jpg 1536w\" sizes=\"(max-width: 1024px) 100vw, 1024px\" \/><\/div>\t\t<\/div>\r\n\t<\/article>\r\n\t<article class=\"w-grid-item post-9511 attachment type-attachment status-inherit hentry\" data-id=\"9511\">\r\n\t\t<div class=\"w-grid-item-h\">\r\n\t\t\t\t\t\t<div class=\"w-post-elm post_image usg_post_image_1 stretched\"><img width=\"1024\" height=\"683\" src=\"https:\/\/www.museicadoredolomiti.it\/wp-content\/uploads\/2023\/10\/IMG_5121-1024x683.jpg\" class=\"attachment-large size-large\" alt=\"\" decoding=\"async\" loading=\"lazy\" srcset=\"https:\/\/www.museicadoredolomiti.it\/wp-content\/uploads\/2023\/10\/IMG_5121-1024x683.jpg 1024w, https:\/\/www.museicadoredolomiti.it\/wp-content\/uploads\/2023\/10\/IMG_5121-300x200.jpg 300w, https:\/\/www.museicadoredolomiti.it\/wp-content\/uploads\/2023\/10\/IMG_5121-1536x1024.jpg 1536w\" sizes=\"(max-width: 1024px) 100vw, 1024px\" \/><\/div>\t\t<\/div>\r\n\t<\/article>\r\n\t<article class=\"w-grid-item post-9508 attachment type-attachment status-inherit hentry\" data-id=\"9508\">\r\n\t\t<div class=\"w-grid-item-h\">\r\n\t\t\t\t\t\t<div class=\"w-post-elm post_image usg_post_image_1 stretched\"><img width=\"1024\" height=\"683\" src=\"https:\/\/www.museicadoredolomiti.it\/wp-content\/uploads\/2023\/10\/IMG_5118-1024x683.jpg\" class=\"attachment-large size-large\" alt=\"\" decoding=\"async\" loading=\"lazy\" srcset=\"https:\/\/www.museicadoredolomiti.it\/wp-content\/uploads\/2023\/10\/IMG_5118-1024x683.jpg 1024w, https:\/\/www.museicadoredolomiti.it\/wp-content\/uploads\/2023\/10\/IMG_5118-300x200.jpg 300w, https:\/\/www.museicadoredolomiti.it\/wp-content\/uploads\/2023\/10\/IMG_5118-1536x1024.jpg 1536w\" sizes=\"(max-width: 1024px) 100vw, 1024px\" \/><\/div>\t\t<\/div>\r\n\t<\/article>\r\n\t<article class=\"w-grid-item post-9505 attachment type-attachment status-inherit hentry\" data-id=\"9505\">\r\n\t\t<div class=\"w-grid-item-h\">\r\n\t\t\t\t\t\t<div class=\"w-post-elm post_image usg_post_image_1 stretched\"><img width=\"1024\" height=\"683\" src=\"https:\/\/www.museicadoredolomiti.it\/wp-content\/uploads\/2023\/10\/IMG_5117-1024x683.jpg\" class=\"attachment-large size-large\" alt=\"\" decoding=\"async\" loading=\"lazy\" srcset=\"https:\/\/www.museicadoredolomiti.it\/wp-content\/uploads\/2023\/10\/IMG_5117-1024x683.jpg 1024w, https:\/\/www.museicadoredolomiti.it\/wp-content\/uploads\/2023\/10\/IMG_5117-300x200.jpg 300w, https:\/\/www.museicadoredolomiti.it\/wp-content\/uploads\/2023\/10\/IMG_5117-1536x1024.jpg 1536w\" sizes=\"(max-width: 1024px) 100vw, 1024px\" \/><\/div>\t\t<\/div>\r\n\t<\/article>\r\n<\/div><div class=\"g-preloader type_1\">\r\n\t<div><\/div>\r\n<\/div>\r\n\t<div class=\"w-grid-json hidden\" onclick='return {&quot;action&quot;:&quot;us_ajax_grid&quot;,&quot;ajax_url&quot;:&quot;https:\\\/\\\/www.museicadoredolomiti.it\\\/wp-admin\\\/admin-ajax.php&quot;,&quot;infinite_scroll&quot;:0,&quot;max_num_pages&quot;:1,&quot;pagination&quot;:&quot;none&quot;,&quot;permalink_url&quot;:&quot;https:\\\/\\\/www.museicadoredolomiti.it\\\/de\\\/wp-json\\\/wp\\\/v2\\\/pages\\\/9283\\\/&quot;,&quot;template_vars&quot;:{&quot;columns&quot;:&quot;4&quot;,&quot;exclude_items&quot;:&quot;none&quot;,&quot;img_size&quot;:&quot;default&quot;,&quot;ignore_items_size&quot;:0,&quot;items_layout&quot;:&quot;gallery_cropped&quot;,&quot;items_offset&quot;:&quot;1&quot;,&quot;load_animation&quot;:&quot;none&quot;,&quot;overriding_link&quot;:&quot;%7B%22url%22%3A%22%22%7D&quot;,&quot;post_id&quot;:0,&quot;query_args&quot;:{&quot;post_type&quot;:[&quot;attachment&quot;],&quot;post__in&quot;:[&quot;9505&quot;,&quot;9535&quot;,&quot;9532&quot;,&quot;9529&quot;,&quot;9526&quot;,&quot;9523&quot;,&quot;9520&quot;,&quot;9517&quot;,&quot;9514&quot;,&quot;9511&quot;,&quot;9508&quot;],&quot;post_status&quot;:&quot;inherit&quot;,&quot;post_mime_type&quot;:&quot;image&quot;,&quot;posts_per_page&quot;:999},&quot;orderby_query_args&quot;:{&quot;orderby&quot;:{&quot;date&quot;:&quot;DESC&quot;}},&quot;type&quot;:&quot;carousel&quot;,&quot;us_grid_ajax_index&quot;:1,&quot;us_grid_filter_params&quot;:null,&quot;us_grid_index&quot;:1,&quot;_us_grid_post_type&quot;:&quot;attachment&quot;,&quot;page_args&quot;:[],&quot;lang&quot;:&quot;de&quot;},&quot;carousel_settings&quot;:{&quot;autoHeight&quot;:0,&quot;autoplay&quot;:0,&quot;carousel_fade&quot;:0,&quot;center&quot;:0,&quot;dots&quot;:1,&quot;items&quot;:&quot;4&quot;,&quot;loop&quot;:true,&quot;nav&quot;:1,&quot;slideby&quot;:&quot;1&quot;,&quot;smooth_play&quot;:0,&quot;speed&quot;:250,&quot;timeout&quot;:3000,&quot;transition&quot;:&quot;&quot;,&quot;aria_labels&quot;:{&quot;prev&quot;:&quot;Zur\\u00fcck&quot;,&quot;next&quot;:&quot;Weiter&quot;}},&quot;carousel_breakpoints&quot;:{&quot;0&quot;:{&quot;autoHeight&quot;:0,&quot;autoplay&quot;:1,&quot;autoplayHoverPause&quot;:1,&quot;items&quot;:2,&quot;loop&quot;:true,&quot;stagePadding&quot;:0},&quot;601&quot;:{&quot;autoHeight&quot;:0,&quot;autoplay&quot;:1,&quot;autoplayHoverPause&quot;:1,&quot;items&quot;:2,&quot;loop&quot;:true,&quot;stagePadding&quot;:0},&quot;1025&quot;:{&quot;autoHeight&quot;:0,&quot;autoplay&quot;:1,&quot;autoplayHoverPause&quot;:1,&quot;items&quot;:3,&quot;loop&quot;:true,&quot;stagePadding&quot;:0},&quot;1281&quot;:{&quot;items&quot;:4,&quot;stagePadding&quot;:0}}}'><\/div>\r\n\t<\/div><\/div><\/div><\/div><\/div><\/section>\n","protected":false},"excerpt":{"rendered":"","protected":false},"author":1,"featured_media":0,"parent":0,"menu_order":0,"comment_status":"closed","ping_status":"closed","template":"","meta":{"footnotes":""},"_links":{"self":[{"href":"https:\/\/www.museicadoredolomiti.it\/de\/wp-json\/wp\/v2\/pages\/9283"}],"collection":[{"href":"https:\/\/www.museicadoredolomiti.it\/de\/wp-json\/wp\/v2\/pages"}],"about":[{"href":"https:\/\/www.museicadoredolomiti.it\/de\/wp-json\/wp\/v2\/types\/page"}],"author":[{"embeddable":true,"href":"https:\/\/www.museicadoredolomiti.it\/de\/wp-json\/wp\/v2\/users\/1"}],"replies":[{"embeddable":true,"href":"https:\/\/www.museicadoredolomiti.it\/de\/wp-json\/wp\/v2\/comments?post=9283"}],"version-history":[{"count":8,"href":"https:\/\/www.museicadoredolomiti.it\/de\/wp-json\/wp\/v2\/pages\/9283\/revisions"}],"predecessor-version":[{"id":9569,"href":"https:\/\/www.museicadoredolomiti.it\/de\/wp-json\/wp\/v2\/pages\/9283\/revisions\/9569"}],"wp:attachment":[{"href":"https:\/\/www.museicadoredolomiti.it\/de\/wp-json\/wp\/v2\/media?parent=9283"}],"curies":[{"name":"wp","href":"https:\/\/api.w.org\/{rel}","templated":true}]}}