{"id":9320,"date":"2023-08-01T17:33:02","date_gmt":"2023-08-01T15:33:02","guid":{"rendered":"https:\/\/www.museicadoredolomiti.it\/informazioni\/"},"modified":"2023-10-06T10:06:09","modified_gmt":"2023-10-06T08:06:09","slug":"information","status":"publish","type":"page","link":"https:\/\/www.museicadoredolomiti.it\/de\/information\/","title":{"rendered":"Information"},"content":{"rendered":"<section class=\"l-section wpb_row height_medium color_alternate\" id=\"intro\"><div class=\"l-section-overlay\" style=\"background:#E32119\"><\/div><div class=\"l-section-h i-cf\"><div class=\"g-cols vc_row via_grid cols_1 laptops-cols_inherit tablets-cols_inherit mobiles-cols_1 valign_middle type_default stacking_default\"><div class=\"wpb_column vc_column_container\"><div class=\"vc_column-inner\"><h3 class=\"w-text us_custom_d44d8758 has_text_color\"><span class=\"w-text-h\"><span class=\"w-text-value\">INTERREG IV I-A 2007-2013 ADMUSEUM<\/span><\/span><\/h3><div class=\"w-separator size_large\"><\/div><\/div><\/div><\/div><\/div><\/section><section class=\"l-section wpb_row height_medium\"><div class=\"l-section-h i-cf\"><div class=\"g-cols vc_row via_grid cols_1 laptops-cols_inherit tablets-cols_inherit mobiles-cols_1 valign_top type_default stacking_default\"><div class=\"wpb_column vc_column_container\"><div class=\"vc_column-inner\"><div class=\"g-cols wpb_row via_grid cols_2 laptops-cols_inherit tablets-cols_inherit mobiles-cols_1 valign_top type_default stacking_default\"><div class=\"wpb_column vc_column_container\"><div class=\"vc_column-inner\"><div class=\"wpb_text_column\"><div class=\"wpb_wrapper\"><p><img decoding=\"async\" loading=\"lazy\" class=\"size-full wp-image-8266 alignleft\" src=\"https:\/\/www.museicadoredolomiti.it\/wp-content\/uploads\/2023\/08\/ADMUSEUM.png\" alt=\"\" width=\"212\" height=\"150\" \/>Grenz\u00fcberschreitendes netzwerk f\u00fcr die physische und kulturelle zug\u00e4nglichkeit von museen, naturschutz und st\u00e4dtischen r\u00e4umen.<\/p>\n<p>Im Rahmen von Interreg IV Italien \u00d6sterreich wurde das Projekt \u201eAdMuseum \u2013 Grenz\u00fcberschreitendes Netzwerk f\u00fcr physische und kulturelle Zug\u00e4nglichkeit zu Museums- und Naturerbe und st\u00e4dtischen R\u00e4umen\u201c ins Leben gerufen.<\/p>\n<p>Projektpartner sind der Gal Alto Bellunese, die Gemeinde Glorenza (BZ), die Provinz Belluno, die Berggemeinde Carnia und der Verein RegioL in Landeck (\u00d6sterreich).<\/p>\n<\/div><\/div><\/div><\/div><div class=\"wpb_column vc_column_container\"><div class=\"vc_column-inner\"><div class=\"wpb_text_column\"><div class=\"wpb_wrapper\"><p>Das Projekt AdMuseum zielt auf die St\u00e4rkung des grenz\u00fcberschreitenden Netzwerks von Museen und Territorien durch die Aktivierung von Dienstleistungen, die Schaffung von Einrichtungen und den Erwerb von und museologische Ans\u00e4tze, die verschiedene Sprachen verwenden und f\u00fcr die Touristen, die Schulklassen, die \u00e4lteren Menschen, die motorisch Behinderten, die kognitiv motorisch, kognitiv, psychisch Behinderte, Einwanderer. Das Ziel ist es Ziel ist es, die Standards f\u00fcr die Nutzung von Museen zu erh\u00f6hen, sowohl in Bezug auf den Zugang zu den Orten, als auch in Bezug auf die Verst\u00e4ndlichkeit der kulturellen kulturellen. Inhalte der G\u00fcter, auf die sich die Museen beziehen, innerhalb und au\u00dferhalb der Einrichtungen.<\/p>\n<p>Kultur, Erfahrungsaustausch, Professionalit\u00e4t und Dienstleistungen, die sich mit einem integrativen Ansatz an die Gemeinschaft wenden, tragen nicht nur zur Verbesserung der Lebensqualit\u00e4t der in den Projektgebieten lebenden B\u00fcrger bei, sondern k\u00f6nnen auch zu einer Ressource f\u00fcr wirtschaftliches Wachstum werden.<\/p>\n<\/div><\/div><div class=\"w-separator size_small\"><\/div><div class=\"w-image align_none\"><div class=\"w-image-h\"><img width=\"800\" height=\"134\" src=\"https:\/\/www.museicadoredolomiti.it\/wp-content\/uploads\/2023\/08\/logos.png\" class=\"attachment-full size-full\" alt=\"\" decoding=\"async\" loading=\"lazy\" srcset=\"https:\/\/www.museicadoredolomiti.it\/wp-content\/uploads\/2023\/08\/logos.png 800w, https:\/\/www.museicadoredolomiti.it\/wp-content\/uploads\/2023\/08\/logos-300x50.png 300w\" sizes=\"(max-width: 800px) 100vw, 800px\" \/><\/div><\/div><\/div><\/div><\/div><\/div><\/div><\/div><\/div><\/section><section class=\"l-section wpb_row height_medium\"><div class=\"l-section-overlay\" style=\"background:#F5F5F5\"><\/div><div class=\"l-section-h i-cf\"><div class=\"g-cols vc_row via_grid cols_1 laptops-cols_inherit tablets-cols_inherit mobiles-cols_1 valign_top type_default stacking_default\"><div class=\"wpb_column vc_column_container\"><div class=\"vc_column-inner\"><div class=\"g-cols wpb_row via_grid cols_2 laptops-cols_inherit tablets-cols_inherit mobiles-cols_1 valign_middle type_default stacking_default\"><div class=\"wpb_column vc_column_container\"><div class=\"vc_column-inner\"><div class=\"w-image align_none\"><div class=\"w-image-h\"><img width=\"2560\" height=\"1707\" src=\"https:\/\/www.museicadoredolomiti.it\/wp-content\/uploads\/2023\/08\/lagole-scaled.jpg\" class=\"attachment-full size-full\" alt=\"\" decoding=\"async\" loading=\"lazy\" srcset=\"https:\/\/www.museicadoredolomiti.it\/wp-content\/uploads\/2023\/08\/lagole-scaled.jpg 2560w, https:\/\/www.museicadoredolomiti.it\/wp-content\/uploads\/2023\/08\/lagole-300x200.jpg 300w, https:\/\/www.museicadoredolomiti.it\/wp-content\/uploads\/2023\/08\/lagole-1024x683.jpg 1024w, https:\/\/www.museicadoredolomiti.it\/wp-content\/uploads\/2023\/08\/lagole-1536x1024.jpg 1536w\" sizes=\"(max-width: 2560px) 100vw, 2560px\" \/><\/div><\/div><\/div><\/div><div class=\"wpb_column vc_column_container\"><div class=\"vc_column-inner\"><div class=\"wpb_text_column\"><div class=\"wpb_wrapper\"><p><strong>DIE SPEZIFISCHEN ZIELE VON ADMUSEUM SIND:<\/strong><\/p>\n<ul>\n<li>die Verbesserung der physischen und kulturellen Zug\u00e4nglichkeit der Einrichtungen und der angrenzenden R\u00e4ume;<\/li>\n<li>ie Erprobung von grenz\u00fcberschreitenden Forschungs- und Wissenschaftsverbreitungsprojekten;<\/li>\n<li>Erstellung einer Checkliste \u00fcber die Zug\u00e4nglichkeit von Museumseinrichtungen, Sammlungen, st\u00e4dtischen und nat\u00fcrlichen R\u00e4umen und Dienstleistungen, die getestet werden soll, um Verbesserungsma\u00dfnahmen in Museen und Gebieten zu planen;<\/li>\n<li>Erprobung interaktiver und multimedialer Kommunikationsmethoden zur Unterst\u00fctzung lokaler und grenz\u00fcberschreitender Werbema\u00dfnahmen;<\/li>\n<li>Nutzung der Erfahrungen aus dem Interreg IV I-A Projekt Transmuseum f\u00fcr die Bereitstellung und Nutzung von museumsp\u00e4dagogischen Dienstleistungen.<\/li>\n<\/ul>\n<\/div><\/div><\/div><\/div><\/div><\/div><\/div><\/div><\/div><\/section>\n","protected":false},"excerpt":{"rendered":"INTERREG IV I-A 2007-2013 ADMUSEUMGrenz\u00fcberschreitendes netzwerk f\u00fcr die physische und kulturelle zug\u00e4nglichkeit von museen, naturschutz und st\u00e4dtischen r\u00e4umen. Im Rahmen von Interreg IV Italien \u00d6sterreich wurde das Projekt \u201eAdMuseum \u2013 Grenz\u00fcberschreitendes Netzwerk f\u00fcr physische und kulturelle Zug\u00e4nglichkeit zu Museums- und Naturerbe und st\u00e4dtischen R\u00e4umen\u201c ins Leben gerufen. Projektpartner sind der Gal Alto Bellunese, die Gemeinde...","protected":false},"author":1,"featured_media":0,"parent":0,"menu_order":0,"comment_status":"closed","ping_status":"closed","template":"","meta":{"footnotes":""},"_links":{"self":[{"href":"https:\/\/www.museicadoredolomiti.it\/de\/wp-json\/wp\/v2\/pages\/9320"}],"collection":[{"href":"https:\/\/www.museicadoredolomiti.it\/de\/wp-json\/wp\/v2\/pages"}],"about":[{"href":"https:\/\/www.museicadoredolomiti.it\/de\/wp-json\/wp\/v2\/types\/page"}],"author":[{"embeddable":true,"href":"https:\/\/www.museicadoredolomiti.it\/de\/wp-json\/wp\/v2\/users\/1"}],"replies":[{"embeddable":true,"href":"https:\/\/www.museicadoredolomiti.it\/de\/wp-json\/wp\/v2\/comments?post=9320"}],"version-history":[{"count":3,"href":"https:\/\/www.museicadoredolomiti.it\/de\/wp-json\/wp\/v2\/pages\/9320\/revisions"}],"predecessor-version":[{"id":9472,"href":"https:\/\/www.museicadoredolomiti.it\/de\/wp-json\/wp\/v2\/pages\/9320\/revisions\/9472"}],"wp:attachment":[{"href":"https:\/\/www.museicadoredolomiti.it\/de\/wp-json\/wp\/v2\/media?parent=9320"}],"curies":[{"name":"wp","href":"https:\/\/api.w.org\/{rel}","templated":true}]}}