{"id":9087,"date":"2023-07-20T09:20:10","date_gmt":"2023-07-20T07:20:10","guid":{"rendered":"https:\/\/www.museicadoredolomiti.it\/privacy-policy\/"},"modified":"2023-09-04T12:44:37","modified_gmt":"2023-09-04T10:44:37","slug":"privacy-policy","status":"publish","type":"page","link":"https:\/\/www.museicadoredolomiti.it\/en\/privacy-policy\/","title":{"rendered":"Privacy Policy"},"content":{"rendered":"<section class=\"l-section wpb_row height_medium\"><div class=\"l-section-h i-cf\"><div class=\"g-cols vc_row via_grid cols_1 laptops-cols_inherit tablets-cols_inherit mobiles-cols_1 valign_top type_default stacking_default\"><div class=\"wpb_column vc_column_container\"><div class=\"vc_column-inner\"><div class=\"wpb_text_column\"><div class=\"wpb_wrapper\"><p style=\"text-align: left;\" align=\"center\"><b>GDPR 679\/2016 \u2013 Informativa in materia di protezione dei dati personali<\/b><\/p>\n<p><b>Si informano gli utenti:<\/b><\/p>\n<p>che i dati verranno trattati in accordo alle disposizioni legislative della normativa sopra richiamata e degli obblighi di riservatezza ivi previsti secondo i principi di correttezza, liceit\u00e0, trasparenza e di tutela della Sua riservatezza<b><\/b><\/p>\n<p><b>\u00a0<\/b><\/p>\n<p><b>Base giuridica<\/b><\/p>\n<p>L\u2019elaborazione dei dati del cliente si basa sul consenso fornito direttamente dallo stesso, e sulla necessaria elaborazione per consentire la conclusione del contratto di servizio e acconsentono al trattamento dei loro dati personali in relazione alle modalit\u00e0 e alle finalit\u00e0 di seguito descritte, compreso l\u2019eventuale diffusione a terzi se necessaria per l\u2019erogazione di un servizio.<\/p>\n<p>Art. 6 comma 1) lett. a) l\u2019interessato ha espresso il consenso al trattamento dei propri dati personali per una o pi\u00f9 specifiche finalit\u00e0; b) il trattamento \u00e8 necessario all\u2019esecuzione di un contratto di cui l\u2019interessato \u00e8 parte o all\u2019esecuzione di misure precontrattuali adottate su richiesta dello stesso; f) il trattamento \u00e8 necessario per il perseguimento del legittimo interesse del titolare del trattamento o di terzi.<\/p>\n<p>Il Titolare del Trattamento dei suoi dati personali \u00e8 Magnifica Comunit\u00e0 di Cadore \u2013 P.IVA 00204620256 \u2013 Piazza Tiziano 2, 32044 Pieve di Cadore (BL) \u2013 Italia, responsabile del legittimo e corretto uso dei suoi dati personali e che potr\u00e0 contattare per qualsiasi informazione o richiesta ai seguenti recapiti: dati di contatto: Tel: +39 348 56 36 734 mail: info@viaggiaconmorena.it<\/p>\n<p>Il Titolare del trattamento, ai sensi dell\u2019art. 37 GDPR ha nominato il suo legale rappresentante pro-tempore.<b><\/b><\/p>\n<p><b>\u00a0<\/b><\/p>\n<p><b>Finalit\u00e0 del Trattamento<\/b><\/p>\n<p><b>1.<\/b>Dare seguito alle attivit\u00e0 di presales e di informazione commerciale richieste dal soggetto.<\/p>\n<p><b>2.<\/b>Gestire, concludere e dare esecuzione del rapporto contrattuale concordato, nonch\u00e9, degli eventuali dispositivi accessori richiesti, incluso ogni adempimento relativo ad obblighi fiscali e di contabilit\u00e0.<\/p>\n<p><b>3.<\/b>Gestire ed eseguire le richieste di contatto dell\u2019interessato, le richieste di fornitura dei servizi, nelle richieste di assistenza anche mediante comunicazione a terzi.<\/p>\n<p><b>4.<\/b>Dati derivanti da implicita trasmissione nell\u2019uso dei protocolli di comunicazione di Internet,<\/p>\n<p><b>5.<\/b>I dati potrebbero inoltre essere utilizzati per l\u2019accertamento di responsabilit\u00e0 in caso di ipotetici reati informatici ai danni della struttura informatica (legittimi interessi del titolare).<\/p>\n<p><b>6.<\/b>La Magnifica Comunit\u00e0 di Cadore\u00a0effettua la profilazione secondo le modalit\u00e0 e i limiti normativi, con invio di informazioni promozionali relative ai nostri servizi, informazioni di marketing, remarketing, pubblicit\u00e0 e altre informazioni che possono essere di tuo interesse in base alle preferenze espresse in sede di conferimento dei dati personali.<b><\/b><\/p>\n<p><b>\u00a0<\/b><\/p>\n<p><b>Ambito Territoriale<\/b><\/p>\n<p>Il Titolare informa che effettuer\u00e0 il trattamento dei dati conferiti, prevalentemente in via diretta o attraverso incarico ad altro soggetto comunque in ambito Europeo.<b><\/b><\/p>\n<p><b>\u00a0<\/b><\/p>\n<p><b>L\u2019Interessato<\/b><\/p>\n<p>ai sensi dell\u2019articolo 15 del Regolamento EU 679\/2016 ha diritto di ottenere la conferma dell\u2019esistenza o meno di dati che la riguardano, ottenere l\u2019indicazione dell\u2019origine e delle finalit\u00e0 e modalit\u00e0 del trattamento, l\u2019aggiornamento, la rettificazione, l\u2019integrazione dei dati, la cancellazione dei dati trattati in violazione di legge e ha diritto di opporsi al trattamento per finalit\u00e0 di invio di materiale pubblicitario.<b><\/b><\/p>\n<p><b>\u00a0<\/b><\/p>\n<p><b>Esercizio dei diritti \u2013 Reclamo<\/b><\/p>\n<p>\u00c8 possibile esercitare ogni diritto descritto in questa sezione nei confronti del Titolare del trattamento, inviando un\u2019email a info@magnificacomunitadicadore.it<\/p>\n<p>Ti ricordiamo che potremmo chiederti di verificare la tua identit\u00e0 prima di intraprendere ulteriori azioni in base alla tua richiesta. Per esercitare i diritti di cui all\u2019art. 15 del Regolamento EU 679\/2016 pu\u00f2 rivolgersi al Titolare scrivendo a: Magnifica Comunit\u00e0 di Cadore \u2013 P.IVA 00204620256 \u2013 Piazza Tiziano 2, 32044 Pieve di Cadore (BL) \u2013 Italia o inviando una mail a info@magnificacomunitadicadore.it<b><\/b><\/p>\n<p><b>\u00a0<\/b><\/p>\n<p><b>Accesso ai dati<\/b><\/p>\n<p>Hai il diritto di richiedere copie di dati personali che ci hai fornito in un formato strutturato, comunemente usato e leggibile elettronicamente, e\/o richiederci di trasmettere tali informazioni a un altro fornitore di servizi (laddove tecnicamente fattibile).<\/p>\n<p>Durata del Trattamento Conservazione<\/p>\n<p>In generale, la Magnifica Comunit\u00e0 di Cadore conserva i tuoi dati personali brevi periodi di tempo, o per il tempo necessario all\u2019esecuzione del contratto stipulato.<\/p>\n<ul>\n<li>Potremmo conservare alcuni dei tuoi dati personali nella misura necessaria ad assolvere ai nostri obblighi legali e fiscali nonch\u00e9 alla tutela dei nostri interessi contrattuali.<\/li>\n<li>Eccezionalmente potremmo conservare alcuni dei tuoi dati personali per lo svolgimento di attivit\u00e0 di indagine, come previsto dalla normativa.<\/li>\n<li>Dichiariamo che, trascorsi 24 mesi dal termine delle obbligazioni contrattuali o dalle attivit\u00e0 di presales e commerciali richieste, rimuoveremo i dati personali non diversamente necessari per normative cogenti.<b><\/b><\/li>\n<\/ul>\n<p><b>\u00a0<\/b><\/p>\n<p><b>Ritiro del consenso e limitazione del trattamento dei dati personali.<\/b><\/p>\n<p>E\u2019 possibile in qualsiasi momento revocare il consenso al trattamento dei dati personali inviandoci una comunicazione nella quale specifichi la volont\u00e0 di voler revocare il consenso, oppure procedere direttamente con la cancellazione ove previsto. La revoca del consenso non incide sulla legittimit\u00e0 di qualunque attivit\u00e0 di trattamento basata su di esso prima della sua revoca.<\/p>\n<\/div><\/div><\/div><\/div><\/div><\/div><\/section>\n","protected":false},"excerpt":{"rendered":"GDPR 679\/2016 \u2013 Informativa in materia di protezione dei dati personali Si informano gli utenti: che i dati verranno trattati in accordo alle disposizioni legislative della normativa sopra richiamata e degli obblighi di riservatezza ivi previsti secondo i principi di correttezza, liceit\u00e0, trasparenza e di tutela della Sua riservatezza \u00a0 Base giuridica L\u2019elaborazione dei dati...","protected":false},"author":1,"featured_media":0,"parent":0,"menu_order":0,"comment_status":"closed","ping_status":"open","template":"","meta":{"footnotes":""},"_links":{"self":[{"href":"https:\/\/www.museicadoredolomiti.it\/en\/wp-json\/wp\/v2\/pages\/9087"}],"collection":[{"href":"https:\/\/www.museicadoredolomiti.it\/en\/wp-json\/wp\/v2\/pages"}],"about":[{"href":"https:\/\/www.museicadoredolomiti.it\/en\/wp-json\/wp\/v2\/types\/page"}],"author":[{"embeddable":true,"href":"https:\/\/www.museicadoredolomiti.it\/en\/wp-json\/wp\/v2\/users\/1"}],"replies":[{"embeddable":true,"href":"https:\/\/www.museicadoredolomiti.it\/en\/wp-json\/wp\/v2\/comments?post=9087"}],"version-history":[{"count":1,"href":"https:\/\/www.museicadoredolomiti.it\/en\/wp-json\/wp\/v2\/pages\/9087\/revisions"}],"predecessor-version":[{"id":9089,"href":"https:\/\/www.museicadoredolomiti.it\/en\/wp-json\/wp\/v2\/pages\/9087\/revisions\/9089"}],"wp:attachment":[{"href":"https:\/\/www.museicadoredolomiti.it\/en\/wp-json\/wp\/v2\/media?parent=9087"}],"curies":[{"name":"wp","href":"https:\/\/api.w.org\/{rel}","templated":true}]}}