{"id":9143,"date":"2023-08-10T11:00:13","date_gmt":"2023-08-10T09:00:13","guid":{"rendered":"https:\/\/www.museicadoredolomiti.it\/museo-della-latteria\/"},"modified":"2023-10-09T11:45:07","modified_gmt":"2023-10-09T09:45:07","slug":"the-dairy-museum","status":"publish","type":"page","link":"https:\/\/www.museicadoredolomiti.it\/en\/the-dairy-museum\/","title":{"rendered":"The dairy Museum"},"content":{"rendered":"<section class=\"l-section wpb_row height_medium color_primary with_img\"><div class=\"l-section-img\" role=\"img\" data-img-width=\"2272\" data-img-height=\"1704\" style=\"background-image: url(https:\/\/www.museicadoredolomiti.it\/wp-content\/uploads\/2023\/08\/lozzo.jpg);background-repeat: no-repeat;\"><\/div><div class=\"l-section-overlay\" style=\"background:rgba(2,2,2,0.67)\"><\/div><div class=\"l-section-h i-cf\"><div class=\"g-cols vc_row via_grid cols_1 laptops-cols_inherit tablets-cols_inherit mobiles-cols_1 valign_top type_default stacking_default\"><div class=\"wpb_column vc_column_container\"><div class=\"vc_column-inner\"><div class=\"wpb_text_column\"><div class=\"wpb_wrapper\"><h1 style=\"text-align: center;\">The dairy Museum<\/h1>\n<\/div><\/div><div class=\"w-separator size_small\"><\/div><div class=\"w-iconbox iconpos_top style_default color_custom align_center no_text no_title\"><a href=\"#intro\" class=\"w-iconbox-link\" aria-label=\"far|chevron-down\"><div class=\"w-iconbox-icon\" style=\"font-size:3rem;--icon-color:#ffffff;\"><i class=\"far fa-chevron-down\"><\/i><\/div><\/a><div class=\"w-iconbox-meta\"><\/div><\/div><div class=\"w-separator size_medium\"><\/div><\/div><\/div><\/div><\/div><\/section><section class=\"l-section wpb_row height_medium width_custom color_alternate\" style=\"--site-content-width:800px;\" id=\"intro\"><div class=\"l-section-overlay\" style=\"background:#E32119\"><\/div><div class=\"l-section-h i-cf\"><div class=\"g-cols vc_row via_grid cols_1 laptops-cols_inherit tablets-cols_inherit mobiles-cols_1 valign_top type_default stacking_default\"><div class=\"wpb_column vc_column_container\"><div class=\"vc_column-inner\"><div class=\"wpb_text_column\"><div class=\"wpb_wrapper\"><p>[vc_custom_heading text=&#8221;The Museum Network: culture and territory to be promoted and safeguarded.&#8221; font_container=&#8221;tag:h3|text_align:center|color:%23ffffff&#8221; use_theme_fonts=&#8221;yes&#8221;]<\/p>\n<\/div><\/div><\/div><\/div><\/div><\/div><\/section><section class=\"l-section wpb_row height_medium\"><div class=\"l-section-h i-cf\"><div class=\"g-cols vc_row via_grid cols_1 laptops-cols_inherit tablets-cols_1 mobiles-cols_1 valign_top type_default stacking_default\"><div class=\"wpb_column vc_column_container\"><div class=\"vc_column-inner\"><div class=\"wpb_text_column\"><div class=\"wpb_wrapper\"><p>The museum has been set up at the site of Latteria Sociale di Lozzo with the aim of enhancing rural activities and cattle breeding, which were abandoned due to industrialization. In ancient times, women woke up at dawn to work in the stable, to look after the cows, to milk them and to take the milk to the dairy, where the expert cheesemaker (m\u00ecstro) transformed it into butter, cheese and ricotta cheese. At sunset, the ritual was repeated and so, day after day, without interruption except for summer, when the cattle were brought to mount (monte\u00e0) in Pian Dei Buoi. The dairy allowed everyone to have a good nutrition: for centuries, milk derivaties were, along with beans, the main source of proteins for our people. So it\u2019s very important knowing a know-how which ensured livehood of the inhabitants of the territory. Each village, in fact, had its own dairy which realized its own dairy products; nowadays they\u2019re all closed, with few exceptions in which you can still taste the ancient and special taste of milk transformation done with the traditional method.<\/p>\n<p>In the museum, a targeted educational itinerary allows everyone to discover how milk was processed in ancient and modern times, providing the opportunity to observe the tools, also curious, used in different eras.<\/p>\n<p>A museum\u2019s room is dedicated to montication, with the description of the itineraries and the display of the equipment for milk processing in cas\u00e8re. Photographs of shepherds and m\u00ecstro , as well as clothes that they regularly wore (moleskin pants, hemp shirt woven in Lozzo, p\u00e8l with which the shepherd protected himself from bad weather and clogs (z\u00f2cui) wore daily) complete a fascinating visual narrative.<\/p>\n<\/div><\/div><div class=\"w-btn-wrapper align_none\"><a class=\"w-btn us-btn-style_1 us_custom_2ae65f69\" target=\"_blank\" href=\"https:\/\/www.museicadoredolomiti.it\/wp-content\/uploads\/2023\/08\/pieghevole-museo-della-latteria.pdf\"><span class=\"w-btn-label\">Download the leaflet<\/span><\/a><\/div><\/div><\/div><\/div><\/div><\/section><section class=\"l-section wpb_row us_custom_9d1e26d6 height_small\"><div class=\"l-section-overlay\" style=\"background:#f5f5f5\"><\/div><div class=\"l-section-h i-cf\"><div class=\"g-cols vc_row via_grid cols_1 laptops-cols_inherit tablets-cols_inherit mobiles-cols_1 valign_top type_default stacking_default\"><div class=\"wpb_column vc_column_container\"><div class=\"vc_column-inner\"><div class=\"g-cols wpb_row via_grid cols_4 laptops-cols_inherit tablets-cols_inherit mobiles-cols_1 valign_top type_default stacking_default\"><div class=\"wpb_column vc_column_container\"><div class=\"vc_column-inner\"><div class=\"w-iconbox iconpos_top style_default color_primary align_center no_text\"><a target=\"_blank\" href=\"https:\/\/goo.gl\/maps\/PsNe3cuXQg5Ywpm76\" class=\"w-iconbox-link\" aria-label=\"Via Padre Marino da Cadore, 404, 32040 Lozzo di Cadore BL\"><div class=\"w-iconbox-icon\" style=\"font-size:2.5rem;\"><i class=\"fas fa-home\"><\/i><\/div><\/a><div class=\"w-iconbox-meta\"><a target=\"_blank\" href=\"https:\/\/goo.gl\/maps\/PsNe3cuXQg5Ywpm76\" class=\"w-iconbox-link\" aria-label=\"Via Padre Marino da Cadore, 404, 32040 Lozzo di Cadore BL\"><p class=\"w-iconbox-title\">Via Padre Marino da Cadore, 404, 32040 Lozzo di Cadore BL<\/p><\/a><\/div><\/div><\/div><\/div><div class=\"wpb_column vc_column_container\"><div class=\"vc_column-inner\"><div class=\"w-iconbox iconpos_top style_default color_primary align_center no_text\"><a target=\"_blank\" href=\"tel:+39043576051\" class=\"w-iconbox-link\" aria-label=\"+39 0435 76051\"><div class=\"w-iconbox-icon\" style=\"font-size:2.5rem;\"><i class=\"fas fa-phone\"><\/i><\/div><\/a><div class=\"w-iconbox-meta\"><a target=\"_blank\" href=\"tel:+39043576051\" class=\"w-iconbox-link\" aria-label=\"+39 0435 76051\"><p class=\"w-iconbox-title\">+39 0435 76051<\/p><\/a><\/div><\/div><\/div><\/div><div class=\"wpb_column vc_column_container\"><div class=\"vc_column-inner\"><div class=\"w-iconbox iconpos_top style_default color_primary align_center no_text\"><a target=\"_blank\" href=\"mailto:museolatterialozzodicadore@gmail.com\" class=\"w-iconbox-link\" aria-label=\"museolatterialozzodicadore@gmail.com\"><div class=\"w-iconbox-icon\" style=\"font-size:2.5rem;\"><i class=\"fas fa-envelope\"><\/i><\/div><\/a><div class=\"w-iconbox-meta\"><a target=\"_blank\" href=\"mailto:museolatterialozzodicadore@gmail.com\" class=\"w-iconbox-link\" aria-label=\"museolatterialozzodicadore@gmail.com\"><p class=\"w-iconbox-title\">museolatterialozzodicadore@gmail.com<\/p><\/a><\/div><\/div><\/div><\/div><div class=\"wpb_column vc_column_container\"><div class=\"vc_column-inner\"><div class=\"w-iconbox iconpos_top style_default color_primary align_center no_text\"><a target=\"_blank\" href=\"http:\/\/www.lozzodicadore.eu\/sito\/node\/10\" class=\"w-iconbox-link\" aria-label=\"lozzodicadore.eu\"><div class=\"w-iconbox-icon\" style=\"font-size:2.5rem;\"><i class=\"fas fa-globe\"><\/i><\/div><\/a><div class=\"w-iconbox-meta\"><a target=\"_blank\" href=\"http:\/\/www.lozzodicadore.eu\/sito\/node\/10\" class=\"w-iconbox-link\" aria-label=\"lozzodicadore.eu\"><p class=\"w-iconbox-title\">lozzodicadore.eu<\/p><\/a><\/div><\/div><\/div><\/div><\/div><\/div><\/div><\/div><\/div><\/section><section class=\"l-section wpb_row height_medium\"><div class=\"l-section-h i-cf\"><div class=\"g-cols vc_row via_grid cols_1 laptops-cols_inherit tablets-cols_1 mobiles-cols_1 valign_top type_default stacking_default\"><div class=\"wpb_column vc_column_container\"><div class=\"vc_column-inner\"><div class=\"w-separator us_custom_a2c290c1 size_custom\" style=\"height:70vh\"><\/div><div class=\"w-separator size_medium\"><\/div><div class=\"w-tabs layout_hor style_default switch_click has_scrolling\" style=\"--sections-title-size:1em\"><div class=\"w-tabs-list items_3 align_none\"><div class=\"w-tabs-list-h\"><button class=\"w-tabs-item active\" aria-controls=\"content-x384\" aria-expanded=\"false\"><span class=\"w-tabs-item-title\">Opening hours<\/span><\/button><button class=\"w-tabs-item\" aria-controls=\"content-g59e\" aria-expanded=\"false\"><span class=\"w-tabs-item-title\">Prices<\/span><\/button><button class=\"w-tabs-item\" aria-controls=\"content-l7d4\" aria-expanded=\"false\"><span class=\"w-tabs-item-title\">Accessibility<\/span><\/button><\/div><\/div><div class=\"w-tabs-sections titles-align_none icon_chevron cpos_right\"><div class=\"w-tabs-section active\" id=\"x384\"><button class=\"w-tabs-section-header active\" aria-controls=\"content-x384\" aria-expanded=\"true\"><div class=\"w-tabs-section-title\">Opening hours<\/div><div class=\"w-tabs-section-control\"><\/div><\/button><div  class=\"w-tabs-section-content us_custom_2eb31b07\" id=\"content-x384\"><div class=\"w-tabs-section-content-h i-cf\"><div class=\"wpb_text_column\"><div class=\"wpb_wrapper\"><p><strong>July and August<\/strong>: Tuesday to Sunday from 17:00 to 19:00<br \/>\n<strong>Out of season<\/strong>: visits for groups and school classes on request.<\/p>\n<\/div><\/div><\/div><\/div><\/div><div class=\"w-tabs-section\" id=\"g59e\"><button class=\"w-tabs-section-header\" aria-controls=\"content-g59e\" aria-expanded=\"false\"><div class=\"w-tabs-section-title\">Prices<\/div><div class=\"w-tabs-section-control\"><\/div><\/button><div  class=\"w-tabs-section-content us_custom_2eb31b07\" id=\"content-g59e\"><div class=\"w-tabs-section-content-h i-cf\"><div class=\"wpb_text_column\"><div class=\"wpb_wrapper\"><p>Paying<\/p>\n<\/div><\/div><\/div><\/div><\/div><div class=\"w-tabs-section\" id=\"l7d4\"><button class=\"w-tabs-section-header\" aria-controls=\"content-l7d4\" aria-expanded=\"false\"><div class=\"w-tabs-section-title\">Accessibility<\/div><div class=\"w-tabs-section-control\"><\/div><\/button><div  class=\"w-tabs-section-content us_custom_2eb31b07\" id=\"content-l7d4\"><div class=\"w-tabs-section-content-h i-cf\"><div class=\"wpb_text_column\"><div class=\"wpb_wrapper\"><p>Non-reserved car park 50 metres away, with uphill\/downhill walk.<\/p>\n<p>&#8211; Access by ramp, no internal steps<br \/>\n&#8211; Bathroom accessible by wheelchair but not equipped<\/p>\n<\/div><\/div><\/div><\/div><\/div><\/div><\/div><div class=\"w-separator size_medium\"><\/div><div class=\"w-grid type_carousel layout_gallery_cropped cols_4 valign_center ratio_1x1\" id=\"us_grid_1\" style=\"--gap:2px;\"><style>.layout_gallery_cropped .w-grid-item-h:before{padding-bottom:100%}.layout_gallery_cropped .w-grid-item-h{}.layout_gallery_cropped .usg_post_image_1{position:absolute!important;left:0!important;top:0!important;bottom:0!important;right:0!important}<\/style><div class=\"w-grid-list owl-carousel navstyle_circle navpos_inside with_dots\" style=\"--arrows-size:1.8rem;\">\t<article class=\"w-grid-item post-9016 attachment type-attachment status-inherit hentry\" data-id=\"9016\">\r\n\t\t<div class=\"w-grid-item-h\">\r\n\t\t\t\t\t\t<div class=\"w-post-elm post_image usg_post_image_1 stretched\"><img width=\"398\" height=\"247\" src=\"https:\/\/www.museicadoredolomiti.it\/wp-content\/uploads\/2023\/08\/logo-latteria-sociale-lozzo.jpg\" class=\"attachment-large size-large\" alt=\"\" decoding=\"async\" loading=\"lazy\" srcset=\"https:\/\/www.museicadoredolomiti.it\/wp-content\/uploads\/2023\/08\/logo-latteria-sociale-lozzo.jpg 398w, https:\/\/www.museicadoredolomiti.it\/wp-content\/uploads\/2023\/08\/logo-latteria-sociale-lozzo-300x186.jpg 300w\" sizes=\"(max-width: 398px) 100vw, 398px\" \/><\/div>\t\t<\/div>\r\n\t<\/article>\r\n\t<article class=\"w-grid-item post-8794 attachment type-attachment status-inherit hentry\" data-id=\"8794\">\r\n\t\t<div class=\"w-grid-item-h\">\r\n\t\t\t\t\t\t<div class=\"w-post-elm post_image usg_post_image_1 stretched\"><img width=\"1024\" height=\"768\" src=\"https:\/\/www.museicadoredolomiti.it\/wp-content\/uploads\/2023\/08\/lozzo-1024x768.jpg\" class=\"attachment-large size-large\" alt=\"\" decoding=\"async\" loading=\"lazy\" srcset=\"https:\/\/www.museicadoredolomiti.it\/wp-content\/uploads\/2023\/08\/lozzo-1024x768.jpg 1024w, https:\/\/www.museicadoredolomiti.it\/wp-content\/uploads\/2023\/08\/lozzo-300x225.jpg 300w, https:\/\/www.museicadoredolomiti.it\/wp-content\/uploads\/2023\/08\/lozzo-1536x1152.jpg 1536w\" sizes=\"(max-width: 1024px) 100vw, 1024px\" \/><\/div>\t\t<\/div>\r\n\t<\/article>\r\n\t<article class=\"w-grid-item post-8792 attachment type-attachment status-inherit hentry\" data-id=\"8792\">\r\n\t\t<div class=\"w-grid-item-h\">\r\n\t\t\t\t\t\t<div class=\"w-post-elm post_image usg_post_image_1 stretched\"><img width=\"800\" height=\"600\" src=\"https:\/\/www.museicadoredolomiti.it\/wp-content\/uploads\/2023\/08\/latteria-e1424626636613.jpg\" class=\"attachment-large size-large\" alt=\"\" decoding=\"async\" loading=\"lazy\" srcset=\"https:\/\/www.museicadoredolomiti.it\/wp-content\/uploads\/2023\/08\/latteria-e1424626636613.jpg 800w, https:\/\/www.museicadoredolomiti.it\/wp-content\/uploads\/2023\/08\/latteria-e1424626636613-300x225.jpg 300w\" sizes=\"(max-width: 800px) 100vw, 800px\" \/><\/div>\t\t<\/div>\r\n\t<\/article>\r\n\t<article class=\"w-grid-item post-8790 attachment type-attachment status-inherit hentry\" data-id=\"8790\">\r\n\t\t<div class=\"w-grid-item-h\">\r\n\t\t\t\t\t\t<div class=\"w-post-elm post_image usg_post_image_1 stretched\"><img width=\"800\" height=\"600\" src=\"https:\/\/www.museicadoredolomiti.it\/wp-content\/uploads\/2023\/08\/IMG_5934-1-e1424626664703.jpg\" class=\"attachment-large size-large\" alt=\"\" decoding=\"async\" loading=\"lazy\" srcset=\"https:\/\/www.museicadoredolomiti.it\/wp-content\/uploads\/2023\/08\/IMG_5934-1-e1424626664703.jpg 800w, https:\/\/www.museicadoredolomiti.it\/wp-content\/uploads\/2023\/08\/IMG_5934-1-e1424626664703-300x225.jpg 300w\" sizes=\"(max-width: 800px) 100vw, 800px\" \/><\/div>\t\t<\/div>\r\n\t<\/article>\r\n<\/div><div class=\"g-preloader type_1\">\r\n\t<div><\/div>\r\n<\/div>\r\n\t<div class=\"w-grid-json hidden\" onclick='return {&quot;action&quot;:&quot;us_ajax_grid&quot;,&quot;ajax_url&quot;:&quot;https:\\\/\\\/www.museicadoredolomiti.it\\\/wp-admin\\\/admin-ajax.php&quot;,&quot;infinite_scroll&quot;:0,&quot;max_num_pages&quot;:1,&quot;pagination&quot;:&quot;none&quot;,&quot;permalink_url&quot;:&quot;https:\\\/\\\/www.museicadoredolomiti.it\\\/en\\\/wp-json\\\/wp\\\/v2\\\/pages\\\/9143\\\/&quot;,&quot;template_vars&quot;:{&quot;columns&quot;:&quot;4&quot;,&quot;exclude_items&quot;:&quot;none&quot;,&quot;img_size&quot;:&quot;default&quot;,&quot;ignore_items_size&quot;:0,&quot;items_layout&quot;:&quot;gallery_cropped&quot;,&quot;items_offset&quot;:&quot;1&quot;,&quot;load_animation&quot;:&quot;none&quot;,&quot;overriding_link&quot;:&quot;{\\&quot;url\\&quot;:\\&quot;\\&quot;}&quot;,&quot;post_id&quot;:0,&quot;query_args&quot;:{&quot;post_type&quot;:[&quot;attachment&quot;],&quot;post__in&quot;:[&quot;8337&quot;,&quot;8336&quot;,&quot;8335&quot;,&quot;8658&quot;],&quot;post_status&quot;:&quot;inherit&quot;,&quot;post_mime_type&quot;:&quot;image&quot;,&quot;posts_per_page&quot;:999},&quot;orderby_query_args&quot;:{&quot;orderby&quot;:{&quot;date&quot;:&quot;DESC&quot;}},&quot;type&quot;:&quot;carousel&quot;,&quot;us_grid_ajax_index&quot;:1,&quot;us_grid_filter_params&quot;:null,&quot;us_grid_index&quot;:1,&quot;_us_grid_post_type&quot;:&quot;attachment&quot;,&quot;page_args&quot;:[],&quot;lang&quot;:&quot;en&quot;},&quot;carousel_settings&quot;:{&quot;autoHeight&quot;:0,&quot;autoplay&quot;:0,&quot;carousel_fade&quot;:0,&quot;center&quot;:0,&quot;dots&quot;:1,&quot;items&quot;:&quot;4&quot;,&quot;loop&quot;:true,&quot;nav&quot;:1,&quot;slideby&quot;:&quot;1&quot;,&quot;smooth_play&quot;:0,&quot;speed&quot;:250,&quot;timeout&quot;:3000,&quot;transition&quot;:&quot;&quot;,&quot;aria_labels&quot;:{&quot;prev&quot;:&quot;Previous&quot;,&quot;next&quot;:&quot;Next&quot;}},&quot;carousel_breakpoints&quot;:{&quot;0&quot;:{&quot;autoHeight&quot;:0,&quot;autoplay&quot;:1,&quot;autoplayHoverPause&quot;:1,&quot;items&quot;:2,&quot;loop&quot;:true,&quot;stagePadding&quot;:0},&quot;601&quot;:{&quot;autoHeight&quot;:0,&quot;autoplay&quot;:1,&quot;autoplayHoverPause&quot;:1,&quot;items&quot;:2,&quot;loop&quot;:true,&quot;stagePadding&quot;:0},&quot;1025&quot;:{&quot;autoHeight&quot;:0,&quot;autoplay&quot;:1,&quot;autoplayHoverPause&quot;:1,&quot;items&quot;:3,&quot;loop&quot;:true,&quot;stagePadding&quot;:0},&quot;1281&quot;:{&quot;items&quot;:4,&quot;stagePadding&quot;:0}}}'><\/div>\r\n\t<\/div><\/div><\/div><\/div><\/div><\/section>\n","protected":false},"excerpt":{"rendered":"","protected":false},"author":1,"featured_media":0,"parent":0,"menu_order":0,"comment_status":"closed","ping_status":"closed","template":"","meta":{"footnotes":""},"_links":{"self":[{"href":"https:\/\/www.museicadoredolomiti.it\/en\/wp-json\/wp\/v2\/pages\/9143"}],"collection":[{"href":"https:\/\/www.museicadoredolomiti.it\/en\/wp-json\/wp\/v2\/pages"}],"about":[{"href":"https:\/\/www.museicadoredolomiti.it\/en\/wp-json\/wp\/v2\/types\/page"}],"author":[{"embeddable":true,"href":"https:\/\/www.museicadoredolomiti.it\/en\/wp-json\/wp\/v2\/users\/1"}],"replies":[{"embeddable":true,"href":"https:\/\/www.museicadoredolomiti.it\/en\/wp-json\/wp\/v2\/comments?post=9143"}],"version-history":[{"count":5,"href":"https:\/\/www.museicadoredolomiti.it\/en\/wp-json\/wp\/v2\/pages\/9143\/revisions"}],"predecessor-version":[{"id":9560,"href":"https:\/\/www.museicadoredolomiti.it\/en\/wp-json\/wp\/v2\/pages\/9143\/revisions\/9560"}],"wp:attachment":[{"href":"https:\/\/www.museicadoredolomiti.it\/en\/wp-json\/wp\/v2\/media?parent=9143"}],"curies":[{"name":"wp","href":"https:\/\/api.w.org\/{rel}","templated":true}]}}